
{"id":5030,"date":"2024-10-24T20:06:52","date_gmt":"2024-10-24T18:06:52","guid":{"rendered":"https:\/\/www.fiveguys.ch\/politique-de-confidentialite\/"},"modified":"2026-04-08T16:43:44","modified_gmt":"2026-04-08T14:43:44","slug":"politique-de-confidentialite","status":"publish","type":"page","link":"https:\/\/www.fiveguys.ch\/fr\/politique-de-confidentialite\/","title":{"rendered":"Politique de confidentialit\u00e9"},"content":{"rendered":"\n<div class=\"hero-page-banner-block minimal wp-block-five-guys-blocks-hero-page-banner\" data-comname=\"hero-page-banner\">\n    <header \n        class=\"hero-page-banner section--has-paper-border\"\n        style=\"background-image: url(https:\/\/www.fiveguys.ch\/wp-content\/themes\/five-guys\/assets\/img\/backgrounds\/hero-bkg-pattern.jpg); background-size: cover; background-position: center;\"\n        data-featured-image=\"\"\n        data-random-border-width=\"98rem\"\n    >\n        <div class=\"wrap wrap--wide\">\n                            <h1>politique de confidentialit\u00e9<\/h1>\n                        \n                            <p>Derni\u00e8re Modification : Septembre 2025<\/p>\n                    <\/div>\n    <\/header>\n<\/div>\n\n\n\n<section class=\"section section--content section--medium is-header-disabled is-footer-disabled color-option-0\" data-random-border-width=\"98rem\" data-comname=\"section-content\"><div class=\"wrap wrap--normal\">\n<header class=\"section-header section-header--limited\">\n<h2 class=\"wp-block-heading\"><\/h2>\n<\/header>\n\n\n\n<div class=\"content-stack\">\n<h2 class=\"wp-block-heading\">1. Qui est responsable de vos donn\u00e9es&nbsp;?<\/h2>\n\n\n\n<p>Le responsable du traitement de vos donn\u00e9es personnelles en vertu du droit suisse est :<\/p>\n\n\n\n<p><strong>Five Guys Suisse<\/strong><br>Pastem SA<br>Place de la Gare 4<br>1003 Lausanne<br>ga@fiveguys.ch<\/p>\n\n\n\n<h2 class=\"wp-block-heading\">2. Quelles sont les donn\u00e9es personnelles que nous collectons&nbsp;?<\/h2>\n\n\n\n<ul class=\"wp-block-list\">\n<li>Donn\u00e9es d&rsquo;identification : nom, pr\u00e9nom, date de naissance (si fournie).<\/li>\n\n\n\n<li>Coordonn\u00e9es : adresse \u00e9lectronique, num\u00e9ro de t\u00e9l\u00e9phone, adresse postale.<\/li>\n\n\n\n<li>Donn\u00e9es transactionnelles : informations de paiement (trait\u00e9es de mani\u00e8re s\u00e9curis\u00e9e par des prestataires tiers), historique des commandes.<\/li>\n\n\n\n<li>Donn\u00e9es relatives \u00e0 l&rsquo;utilisation du site web : Adresse IP, type de navigateur, informations sur l&rsquo;appareil, cookies et analyses.<\/li>\n\n\n\n<li>Pr\u00e9f\u00e9rences marketing : consentements et d\u00e9sinscriptions.<\/li>\n<\/ul>\n\n\n\n<h2 class=\"wp-block-heading\">3. Comment utilisons-nous vos donn\u00e9es personnelles&nbsp;?<\/h2>\n\n\n\n<ul class=\"wp-block-list\">\n<li>Pour traiter et livrer vos commandes.<\/li>\n\n\n\n<li>Pour g\u00e9rer les r\u00e9servations, les promotions ou les programmes de fid\u00e9lisation des clients.<\/li>\n\n\n\n<li>Pour r\u00e9pondre \u00e0 vos demandes et fournir un service client.<\/li>\n\n\n\n<li>Pour am\u00e9liorer nos sites Web, nos produits et nos services.<\/li>\n\n\n\n<li>Pour vous envoyer des communications marketing (uniquement si vous y avez consenti).<\/li>\n\n\n\n<li>Pour respecter nos obligations l\u00e9gales en vertu du droit suisse.<\/li>\n<\/ul>\n\n\n\n<h2 class=\"wp-block-heading\">4. Base juridique du traitement<\/h2>\n\n\n\n<ul class=\"wp-block-list\">\n<li>N\u00e9cessit\u00e9 contractuelle : pour ex\u00e9cuter les commandes et fournir les services.<\/li>\n\n\n\n<li>Consentement : pour le marketing ou les services optionnels.<\/li>\n\n\n\n<li>Int\u00e9r\u00eats l\u00e9gitimes : am\u00e9lioration des services, pr\u00e9vention de la fraude.<\/li>\n\n\n\n<li>Obligations l\u00e9gales : se conformer aux exigences comptables, fiscales ou r\u00e9glementaires.<\/li>\n<\/ul>\n\n\n\n<h2 class=\"wp-block-heading\">5. Partage de vos donn\u00e9es personnelles<\/h2>\n\n\n\n<ul class=\"wp-block-list\">\n<li>Prestataires de services (informatique, prestataires de services de paiement, partenaires de livraison).<\/li>\n\n\n\n<li>Soci\u00e9t\u00e9s du groupe appartenant au r\u00e9seau Five Guys lorsque cela est n\u00e9cessaire pour les op\u00e9rations.<\/li>\n\n\n\n<li>Les autorit\u00e9s si la loi l&rsquo;exige (par exemple, fiscales ou r\u00e9glementaires).<\/li>\n\n\n\n<li>Nous ne vendons ni ne louons vos donn\u00e9es personnelles.<\/li>\n<\/ul>\n\n\n\n<h2 class=\"wp-block-heading\">6. Transferts internationaux<\/h2>\n\n\n\n<ul class=\"wp-block-list\">\n<li>Si des donn\u00e9es \u00e0 caract\u00e8re personnel sont transf\u00e9r\u00e9es en dehors de la Suisse ou de l&rsquo;EEE, nous veillons \u00e0 ce que des garanties appropri\u00e9es soient mises en place (telles que les clauses contractuelles types approuv\u00e9es par les autorit\u00e9s europ\u00e9ennes\/suisses).<\/li>\n<\/ul>\n\n\n\n<h2 class=\"wp-block-heading\">7. Combien de temps conservons-nous vos donn\u00e9es&nbsp;?<\/h2>\n\n\n\n<ul class=\"wp-block-list\">\n<li>Nous conservons vos donn\u00e9es personnelles uniquement pendant la dur\u00e9e n\u00e9cessaire \u00e0 la r\u00e9alisation des finalit\u00e9s pour lesquelles elles ont \u00e9t\u00e9 collect\u00e9es, ou conform\u00e9ment \u00e0 la l\u00e9gislation suisse (par exemple, les documents comptables doivent \u00eatre conserv\u00e9s pendant 10 ans).<\/li>\n<\/ul>\n\n\n\n<h2 class=\"wp-block-heading\">8. Vos droits<\/h2>\n\n\n\n<ul class=\"wp-block-list\">\n<li>Acc\u00e8s aux donn\u00e9es \u00e0 caract\u00e8re personnel<\/li>\n\n\n\n<li>Demander la correction de donn\u00e9es inexactes.<\/li>\n\n\n\n<li>Demandez la suppression de vos donn\u00e9es lorsque la loi le permet.<\/li>\n\n\n\n<li>Vous opposer au traitement de vos donn\u00e9es ou le limiter.<\/li>\n\n\n\n<li>Retirez votre consentement pour le marketing \u00e0 tout moment.<\/li>\n\n\n\n<li>Contact : <a href=\"mailto:ga@fiveguys.ch\">ga@fiveguys.ch<\/a><\/li>\n<\/ul>\n\n\n\n<h2 class=\"wp-block-heading\">9. Cookies et suivi du site Web<\/h2>\n\n\n\n<ul class=\"wp-block-list\">\n<li>Nos sites Web utilisent des cookies et des technologies similaires \u00e0 des fins de fonctionnalit\u00e9, d&rsquo;analyse et de marketing. Vous pouvez g\u00e9rer vos pr\u00e9f\u00e9rences en mati\u00e8re de cookies via les param\u00e8tres de votre navigateur ou notre banni\u00e8re relative aux cookies.<\/li>\n<\/ul>\n\n\n\n<h2 class=\"wp-block-heading\">10. S\u00e9curit\u00e9 des donn\u00e9es<\/h2>\n\n\n\n<ul class=\"wp-block-list\">\n<li>Nous mettons en \u0153uvre des mesures techniques et organisationnelles appropri\u00e9es pour prot\u00e9ger vos donn\u00e9es personnelles contre tout acc\u00e8s non autoris\u00e9, perte, utilisation abusive ou divulgation.<\/li>\n<\/ul>\n\n\n\n<h2 class=\"wp-block-heading\">11. Mises \u00e0 jour de la pr\u00e9sente politique de confidentialit\u00e9<\/h2>\n\n\n\n<ul class=\"wp-block-list\">\n<li>Nous pouvons mettre \u00e0 jour cette politique de confidentialit\u00e9 de temps \u00e0 autre. Les modifications seront publi\u00e9es sur ce site Web avec la date de \u00ab&nbsp;derni\u00e8re mise \u00e0 jour&nbsp;\u00bb mise \u00e0 jour.<\/li>\n<\/ul>\n<\/div>\n\n\n\n<footer class=\"section-footer section-header--limited\">\n<p><\/p>\n<\/footer>\n<\/div><\/section>\n\n\n\n<p><\/p>\n","protected":false},"excerpt":{"rendered":"","protected":false},"author":1,"featured_media":0,"parent":0,"menu_order":68,"comment_status":"closed","ping_status":"closed","template":"","meta":{"_acf_changed":false,"footnotes":"","_wp_rev_ctl_limit":""},"class_list":["post-5030","page","type-page","status-publish","hentry"],"acf":[],"yoast_head":"<!-- This site is optimized with the Yoast SEO plugin v27.3 - https:\/\/yoast.com\/product\/yoast-seo-wordpress\/ -->\n<title>Politique de confidentialit\u00e9 | Five Guys<\/title>\n<meta name=\"description\" content=\"D\u00e9couvrez comment Five Guys recueille, utilise et prot\u00e8ge vos informations personnelles sur son site Web, ses applications et ses services.\" \/>\n<meta name=\"robots\" content=\"index, follow, max-snippet:-1, max-image-preview:large, max-video-preview:-1\" \/>\n<link rel=\"canonical\" href=\"https:\/\/www.fiveguys.ch\/fr\/politique-de-confidentialite\/\" \/>\n<meta property=\"og:locale\" content=\"fr_FR\" \/>\n<meta property=\"og:type\" content=\"article\" \/>\n<meta property=\"og:title\" content=\"Politique de confidentialit\u00e9 | Five Guys\" \/>\n<meta property=\"og:description\" content=\"D\u00e9couvrez comment Five Guys recueille, utilise et prot\u00e8ge vos informations personnelles sur son site Web, ses applications et ses services.\" \/>\n<meta property=\"og:url\" content=\"https:\/\/www.fiveguys.ch\/fr\/politique-de-confidentialite\/\" \/>\n<meta property=\"og:site_name\" content=\"Five Guys\" \/>\n<meta property=\"article:publisher\" content=\"https:\/\/www.facebook.com\/fiveguys\/\" \/>\n<meta property=\"article:modified_time\" content=\"2026-04-08T14:43:44+00:00\" \/>\n<meta name=\"twitter:card\" content=\"summary_large_image\" \/>\n<meta name=\"twitter:site\" content=\"@FiveGuys\" \/>\n<meta name=\"twitter:label1\" content=\"Dur\u00e9e de lecture estim\u00e9e\" \/>\n\t<meta name=\"twitter:data1\" content=\"3 minutes\" \/>\n<script type=\"application\/ld+json\" class=\"yoast-schema-graph\">{\"@context\":\"https:\\\/\\\/schema.org\",\"@graph\":[{\"@type\":\"WebPage\",\"@id\":\"https:\\\/\\\/www.fiveguys.ch\\\/fr\\\/politique-de-confidentialite\\\/\",\"url\":\"https:\\\/\\\/www.fiveguys.ch\\\/fr\\\/politique-de-confidentialite\\\/\",\"name\":\"Politique de confidentialit\u00e9 | Five Guys\",\"isPartOf\":{\"@id\":\"https:\\\/\\\/www.fiveguys.ch\\\/fr\\\/#website\"},\"datePublished\":\"2024-10-24T18:06:52+00:00\",\"dateModified\":\"2026-04-08T14:43:44+00:00\",\"description\":\"D\u00e9couvrez comment Five Guys recueille, utilise et prot\u00e8ge vos informations personnelles sur son site Web, ses applications et ses services.\",\"breadcrumb\":{\"@id\":\"https:\\\/\\\/www.fiveguys.ch\\\/fr\\\/politique-de-confidentialite\\\/#breadcrumb\"},\"inLanguage\":\"fr-FR\",\"potentialAction\":[{\"@type\":\"ReadAction\",\"target\":[\"https:\\\/\\\/www.fiveguys.ch\\\/fr\\\/politique-de-confidentialite\\\/\"]}]},{\"@type\":\"BreadcrumbList\",\"@id\":\"https:\\\/\\\/www.fiveguys.ch\\\/fr\\\/politique-de-confidentialite\\\/#breadcrumb\",\"itemListElement\":[{\"@type\":\"ListItem\",\"position\":1,\"name\":\"Home\",\"item\":\"https:\\\/\\\/www.fiveguys.ch\\\/fr\\\/\"},{\"@type\":\"ListItem\",\"position\":2,\"name\":\"Politique de confidentialit\u00e9\"}]},{\"@type\":\"WebSite\",\"@id\":\"https:\\\/\\\/www.fiveguys.ch\\\/fr\\\/#website\",\"url\":\"https:\\\/\\\/www.fiveguys.ch\\\/fr\\\/\",\"name\":\"Five Guys\",\"description\":\"Fresh Burgers, Fries, Shakes &amp; More!\",\"publisher\":{\"@id\":\"https:\\\/\\\/www.fiveguys.ch\\\/fr\\\/#organization\"},\"potentialAction\":[{\"@type\":\"SearchAction\",\"target\":{\"@type\":\"EntryPoint\",\"urlTemplate\":\"https:\\\/\\\/www.fiveguys.ch\\\/fr\\\/?s={search_term_string}\"},\"query-input\":{\"@type\":\"PropertyValueSpecification\",\"valueRequired\":true,\"valueName\":\"search_term_string\"}}],\"inLanguage\":\"fr-FR\"},{\"@type\":\"Organization\",\"@id\":\"https:\\\/\\\/www.fiveguys.ch\\\/fr\\\/#organization\",\"name\":\"Five Guys Enterprises, LLC\",\"alternateName\":\"Five Guys\",\"url\":\"https:\\\/\\\/www.fiveguys.ch\\\/fr\\\/\",\"logo\":{\"@type\":\"ImageObject\",\"inLanguage\":\"fr-FR\",\"@id\":\"https:\\\/\\\/www.fiveguys.ch\\\/fr\\\/#\\\/schema\\\/logo\\\/image\\\/\",\"url\":\"https:\\\/\\\/www.fiveguys.ch\\\/wp-content\\\/uploads\\\/sites\\\/34\\\/2024\\\/10\\\/favicon.png\",\"contentUrl\":\"https:\\\/\\\/www.fiveguys.ch\\\/wp-content\\\/uploads\\\/sites\\\/34\\\/2024\\\/10\\\/favicon.png\",\"width\":512,\"height\":512,\"caption\":\"Five Guys Enterprises, LLC\"},\"image\":{\"@id\":\"https:\\\/\\\/www.fiveguys.ch\\\/fr\\\/#\\\/schema\\\/logo\\\/image\\\/\"},\"sameAs\":[\"https:\\\/\\\/www.facebook.com\\\/fiveguys\\\/\",\"https:\\\/\\\/x.com\\\/FiveGuys\",\"https:\\\/\\\/open.spotify.com\\\/user\\\/xhjybu9z8yg6jucgxua7dhmqo\",\"https:\\\/\\\/www.instagram.com\\\/fiveguys\\\/\",\"https:\\\/\\\/www.linkedin.com\\\/company\\\/five-guys-enterprises\",\"https:\\\/\\\/www.youtube.com\\\/channel\\\/UCnPsCURqHlcoRt-Vr7nEaEg\"]}]}<\/script>\n<!-- \/ Yoast SEO plugin. -->","yoast_head_json":{"title":"Politique de confidentialit\u00e9 | Five Guys","description":"D\u00e9couvrez comment Five Guys recueille, utilise et prot\u00e8ge vos informations personnelles sur son site Web, ses applications et ses services.","robots":{"index":"index","follow":"follow","max-snippet":"max-snippet:-1","max-image-preview":"max-image-preview:large","max-video-preview":"max-video-preview:-1"},"canonical":"https:\/\/www.fiveguys.ch\/fr\/politique-de-confidentialite\/","og_locale":"fr_FR","og_type":"article","og_title":"Politique de confidentialit\u00e9 | Five Guys","og_description":"D\u00e9couvrez comment Five Guys recueille, utilise et prot\u00e8ge vos informations personnelles sur son site Web, ses applications et ses services.","og_url":"https:\/\/www.fiveguys.ch\/fr\/politique-de-confidentialite\/","og_site_name":"Five Guys","article_publisher":"https:\/\/www.facebook.com\/fiveguys\/","article_modified_time":"2026-04-08T14:43:44+00:00","twitter_card":"summary_large_image","twitter_site":"@FiveGuys","twitter_misc":{"Dur\u00e9e de lecture estim\u00e9e":"3 minutes"},"schema":{"@context":"https:\/\/schema.org","@graph":[{"@type":"WebPage","@id":"https:\/\/www.fiveguys.ch\/fr\/politique-de-confidentialite\/","url":"https:\/\/www.fiveguys.ch\/fr\/politique-de-confidentialite\/","name":"Politique de confidentialit\u00e9 | Five Guys","isPartOf":{"@id":"https:\/\/www.fiveguys.ch\/fr\/#website"},"datePublished":"2024-10-24T18:06:52+00:00","dateModified":"2026-04-08T14:43:44+00:00","description":"D\u00e9couvrez comment Five Guys recueille, utilise et prot\u00e8ge vos informations personnelles sur son site Web, ses applications et ses services.","breadcrumb":{"@id":"https:\/\/www.fiveguys.ch\/fr\/politique-de-confidentialite\/#breadcrumb"},"inLanguage":"fr-FR","potentialAction":[{"@type":"ReadAction","target":["https:\/\/www.fiveguys.ch\/fr\/politique-de-confidentialite\/"]}]},{"@type":"BreadcrumbList","@id":"https:\/\/www.fiveguys.ch\/fr\/politique-de-confidentialite\/#breadcrumb","itemListElement":[{"@type":"ListItem","position":1,"name":"Home","item":"https:\/\/www.fiveguys.ch\/fr\/"},{"@type":"ListItem","position":2,"name":"Politique de confidentialit\u00e9"}]},{"@type":"WebSite","@id":"https:\/\/www.fiveguys.ch\/fr\/#website","url":"https:\/\/www.fiveguys.ch\/fr\/","name":"Five Guys","description":"Fresh Burgers, Fries, Shakes &amp; More!","publisher":{"@id":"https:\/\/www.fiveguys.ch\/fr\/#organization"},"potentialAction":[{"@type":"SearchAction","target":{"@type":"EntryPoint","urlTemplate":"https:\/\/www.fiveguys.ch\/fr\/?s={search_term_string}"},"query-input":{"@type":"PropertyValueSpecification","valueRequired":true,"valueName":"search_term_string"}}],"inLanguage":"fr-FR"},{"@type":"Organization","@id":"https:\/\/www.fiveguys.ch\/fr\/#organization","name":"Five Guys Enterprises, LLC","alternateName":"Five Guys","url":"https:\/\/www.fiveguys.ch\/fr\/","logo":{"@type":"ImageObject","inLanguage":"fr-FR","@id":"https:\/\/www.fiveguys.ch\/fr\/#\/schema\/logo\/image\/","url":"https:\/\/www.fiveguys.ch\/wp-content\/uploads\/sites\/34\/2024\/10\/favicon.png","contentUrl":"https:\/\/www.fiveguys.ch\/wp-content\/uploads\/sites\/34\/2024\/10\/favicon.png","width":512,"height":512,"caption":"Five Guys Enterprises, LLC"},"image":{"@id":"https:\/\/www.fiveguys.ch\/fr\/#\/schema\/logo\/image\/"},"sameAs":["https:\/\/www.facebook.com\/fiveguys\/","https:\/\/x.com\/FiveGuys","https:\/\/open.spotify.com\/user\/xhjybu9z8yg6jucgxua7dhmqo","https:\/\/www.instagram.com\/fiveguys\/","https:\/\/www.linkedin.com\/company\/five-guys-enterprises","https:\/\/www.youtube.com\/channel\/UCnPsCURqHlcoRt-Vr7nEaEg"]}]}},"_links":{"self":[{"href":"https:\/\/www.fiveguys.ch\/fr\/wp-json\/wp\/v2\/pages\/5030","targetHints":{"allow":["GET"]}}],"collection":[{"href":"https:\/\/www.fiveguys.ch\/fr\/wp-json\/wp\/v2\/pages"}],"about":[{"href":"https:\/\/www.fiveguys.ch\/fr\/wp-json\/wp\/v2\/types\/page"}],"author":[{"embeddable":true,"href":"https:\/\/www.fiveguys.ch\/fr\/wp-json\/wp\/v2\/users\/1"}],"replies":[{"embeddable":true,"href":"https:\/\/www.fiveguys.ch\/fr\/wp-json\/wp\/v2\/comments?post=5030"}],"version-history":[{"count":2,"href":"https:\/\/www.fiveguys.ch\/fr\/wp-json\/wp\/v2\/pages\/5030\/revisions"}],"predecessor-version":[{"id":5560,"href":"https:\/\/www.fiveguys.ch\/fr\/wp-json\/wp\/v2\/pages\/5030\/revisions\/5560"}],"wp:attachment":[{"href":"https:\/\/www.fiveguys.ch\/fr\/wp-json\/wp\/v2\/media?parent=5030"}],"curies":[{"name":"wp","href":"https:\/\/api.w.org\/{rel}","templated":true}]}}