
{"id":4942,"date":"2025-05-06T11:13:18","date_gmt":"2025-05-06T09:13:18","guid":{"rendered":"https:\/\/www.fiveguys.ch\/cartes-cadeaux\/"},"modified":"2026-03-11T22:14:35","modified_gmt":"2026-03-11T21:14:35","slug":"cartes-cadeaux","status":"publish","type":"page","link":"https:\/\/www.fiveguys.ch\/fr\/cartes-cadeaux\/","title":{"rendered":"Cartes cadeaux"},"content":{"rendered":"\n<header class=\"hero-media-banner hero-media-banner--media-overlay hero-media-banner--media-fit-cover hero-media-banner--media-align-center hero-media-banner--dark-grey section--has-paper-border\" data-random-border-width=\"98rem\" data-comname=\"hero-media-banner\"><div class=\"wrap wrap--wide\"><div class=\"l-media-banner\"><div class=\"l-media-banner-body\">\n<header class=\"hero-header section-header--limited\">\n<h1 class=\"wp-block-heading is-style-heading-shadow--dark-grey\">Offrez un<br\/>Cadeau savoureux<\/h1>\n<\/header>\n\n\n\n<div class=\"hero-content\">\n<p>Five Guys est le cadeau qui ne d\u00e9\u00e7oit jamais. Offrez une carte cadeau Five Guys \u00e0 vos amis, \u00e0 votre famille, \u00e0 vos coll\u00e8gues, \u00e0 vos voisins ou \u00e0 vous-m\u00eame. Les possibilit\u00e9s sont aussi infinies que nos combinaisons de garnitures.<\/p>\n<\/div>\n<\/div><\/div><\/div><div class=\"l-media-banner-bkg\"><div class=\"hero-media-banner-bkg\"><img loading=\"lazy\" decoding=\"async\" class=\"hero-media-banner-bkg-image--desktop wp-image wp-image-2404\" src=\"https:\/\/media.fiveguys.com\/us\/2025\/08\/gift-card-hero.jpg\" width=\"1800\" height=\"1463\" alt=\"\" srcset=\"https:\/\/www.fiveguys.ch\/wp-content\/uploads\/sites\/34\/2025\/08\/gift-card-hero.jpg 1800w, https:\/\/www.fiveguys.ch\/wp-content\/uploads\/sites\/34\/2025\/08\/gift-card-hero-300x244.jpg 300w, https:\/\/www.fiveguys.ch\/wp-content\/uploads\/sites\/34\/2025\/08\/gift-card-hero-1024x832.jpg 1024w, https:\/\/www.fiveguys.ch\/wp-content\/uploads\/sites\/34\/2025\/08\/gift-card-hero-768x624.jpg 768w, https:\/\/www.fiveguys.ch\/wp-content\/uploads\/sites\/34\/2025\/08\/gift-card-hero-1536x1248.jpg 1536w\" sizes=\"auto, (max-width: 1800px) 100vw, 1800px\" \/><\/div><\/div><button type=\"button\" class=\"hero-button-down\"><svg fill=\"none\" height=\"56\" viewBox=\"0 0 56 56\" width=\"56\" xmlns=\"http:\/\/www.w3.org\/2000\/svg\"><circle cx=\"28\" cy=\"28\" fill=\"#d21033\" r=\"28\"><\/circle><g fill=\"#fff\"><path d=\"m37.4376 18.379c-.4833-.5053-1.2668-.5053-1.7501 0l-7.7873 8.1415-7.7876-8.1415c-.4833-.5053-1.2668-.5053-1.7501 0s-.4833 1.3243 0 1.8296l8.6625 9.0563c.2416.2525.5584.3788.8752.3788s.6333-.1263.8749-.3788l8.6625-9.0563c.4833-.5053.4833-1.3243 0-1.8296z\"><\/path><path d=\"m37.4376 29.379c-.4833-.5053-1.2668-.5053-1.7501 0l-7.7873 8.1415-7.7876-8.1415c-.4833-.5053-1.2668-.5053-1.7501 0s-.4833 1.3243 0 1.8296l8.6625 9.0563c.2416.2525.5584.3788.8752.3788s.6333-.1263.8749-.3788l8.6625-9.0563c.4833-.5053.4833-1.3243 0-1.8296z\"><\/path><\/g><\/svg><span class=\"vh\">Scroll Down<\/span><\/button><\/header>\n\n<section class=\"section section--block-group is-header-disabled section--small section--inset color-option-1\" data-random-border-width=\"98rem\">\n<header class=\"section-header section-header--limited\">\n<h2 class=\"wp-block-heading is-style-heading--divider\">V\u00e9rifier le solde de votre carte cadeau<\/h2>\n<\/header>\n\n\n\n<div class=\"section-blocks\">\n<section class=\"section section--column-content section--small is-header-disabled is-footer-disabled color-option-1 background-image section--has-paper-border section--content\" data-random-border-width=\"98rem\" data-comname=\"section-content-columns\"><div class=\"wrap wrap--normal\">\n<header class=\"section-header section-header--limited\">\n<h2 class=\"wp-block-heading\"><\/h2>\n<\/header>\n\n\n\n<div class=\"l-columns l-columns--2 l-columns--gap-normal l-columns--align-center\">\n<div class=\"l-column-item\">\n<div class=\"content-stack\">\n<figure class=\"wp-block-image size-full\"><img loading=\"lazy\" decoding=\"async\" width=\"629\" height=\"637\" src=\"https:\/\/www.fiveguys.ch\/wp-content\/uploads\/sites\/34\/2025\/07\/03-FG_GC-empty-1.png\" alt=\"\" class=\"wp-image-1569\" srcset=\"https:\/\/www.fiveguys.ch\/wp-content\/uploads\/sites\/34\/2025\/07\/03-FG_GC-empty-1.png 629w, https:\/\/www.fiveguys.ch\/wp-content\/uploads\/sites\/34\/2025\/07\/03-FG_GC-empty-1-296x300.png 296w, https:\/\/www.fiveguys.ch\/wp-content\/uploads\/sites\/34\/2025\/07\/03-FG_GC-empty-1-12x12.png 12w\" sizes=\"auto, (max-width: 629px) 100vw, 629px\" \/><\/figure>\n<\/div>\n<\/div>\n\n\n\n<div class=\"l-column-item\">\n<div class=\"content-stack\">\n<h2 class=\"wp-block-heading\">Actuellement<br\/>Disponible en<br\/>Magasin uniquement<\/h2>\n\n\n\n<div class=\"wp-block-buttons is-layout-flex wp-block-buttons-is-layout-flex\">\n<div class=\"wp-block-button is-style-outline is-style-outline--1\"><a class=\"wp-block-button__link wp-element-button\">Trouver mon Five Guys<\/a><\/div>\n<\/div>\n<\/div>\n<\/div>\n<\/div>\n\n\n\n<footer class=\"section-footer section-header--limited\">\n<p><\/p>\n<\/footer>\n<\/div><img loading=\"lazy\" decoding=\"async\" class=\"bkg-cover bkg-cover--desktop wp-image wp-image-1570\" src=\"https:\/\/www.fiveguys.ch\/wp-content\/uploads\/sites\/34\/2025\/07\/03-GC-Iframe-new.jpg\" width=\"1432\" height=\"657\" draggable=\"false\" aria-hidden=\"true\" alt=\"\" srcset=\"https:\/\/www.fiveguys.ch\/wp-content\/uploads\/sites\/34\/2025\/07\/03-GC-Iframe-new.jpg 1432w, https:\/\/www.fiveguys.ch\/wp-content\/uploads\/sites\/34\/2025\/07\/03-GC-Iframe-new-300x138.jpg 300w, https:\/\/www.fiveguys.ch\/wp-content\/uploads\/sites\/34\/2025\/07\/03-GC-Iframe-new-768x352.jpg 768w, https:\/\/www.fiveguys.ch\/wp-content\/uploads\/sites\/34\/2025\/07\/03-GC-Iframe-new-1024x470.jpg 1024w, https:\/\/www.fiveguys.ch\/wp-content\/uploads\/sites\/34\/2025\/07\/03-GC-Iframe-new-18x8.jpg 18w\" sizes=\"auto, (max-width: 1432px) 100vw, 1432px\" \/><\/section>\n<\/div>\n<\/section>\n\n<section class=\"section section--content section--medium color-option-1\" data-random-border-width=\"98rem\" data-comname=\"section-content\"><div class=\"wrap wrap--limited\">\n<header class=\"section-header section-header--limited\">\n<h3 class=\"wp-block-heading\">Questions fr\u00e9quentes sur les cartes cadeaux<\/h3>\n<\/header>\n\n\n\n<div class=\"content-stack\">\n<div class=\"faqs-by-category-block wp-block-five-guys-blocks-faqs-by-category\">\n            <div class=\"js-accordion accordion-block\"\n            role=\"group\"\n            aria-label=\"Carte cadeau, Questions fr\u00e9quentes (FAQ).\">\n                                            \n                <h3 class=\"accordion-title\">\n                    <button type=\"button\">Five Guys propose-t-il des cartes cadeaux\u00a0?<\/button>\n                <\/h3>\n                \n                <div class=\"accordion-content\">\n                    <div class=\"content-stack\">\n                                                    Oui\u00a0! Les cartes-cadeaux sont disponibles \u00e0 l&rsquo;achat en magasin uniquement.                                            <\/div>\n                <\/div>\n                \n                                            \n                <h3 class=\"accordion-title\">\n                    <button type=\"button\">Quelles sont les valeurs des cartes-cadeaux Five Guys\u00a0?<\/button>\n                <\/h3>\n                \n                <div class=\"accordion-content\">\n                    <div class=\"content-stack\">\n                                                    La valeur de nos cartes-cadeaux varie selon les pays. Veuillez consulter les conditions g\u00e9n\u00e9rales pour plus d&rsquo;informations.                                            <\/div>\n                <\/div>\n                \n                                            \n                <h3 class=\"accordion-title\">\n                    <button type=\"button\">Pouvez-vous envoyer des cartes cadeaux par e-mail\u00a0?<\/button>\n                <\/h3>\n                \n                <div class=\"accordion-content\">\n                    <div class=\"content-stack\">\n                                                    Non                                            <\/div>\n                <\/div>\n                \n                                            \n                <h3 class=\"accordion-title\">\n                    <button type=\"button\">Puis-je retourner une carte-cadeau\u00a0?<\/button>\n                <\/h3>\n                \n                <div class=\"accordion-content\">\n                    <div class=\"content-stack\">\n                                                    Les cartes-cadeaux sont consid\u00e9r\u00e9es comme de l&rsquo;argent comptant et ne sont pas remboursables.                                            <\/div>\n                <\/div>\n                \n                                            \n                <h3 class=\"accordion-title\">\n                    <button type=\"button\">Dans quels pays les cartes cadeaux sont-elles disponibles\u00a0?<\/button>\n                <\/h3>\n                \n                <div class=\"accordion-content\">\n                    <div class=\"content-stack\">\n                                                    Les cartes-cadeaux Five Guys sont actuellement disponibles uniquement en magasin.                                            <\/div>\n                <\/div>\n                \n                                            \n                <h3 class=\"accordion-title\">\n                    <button type=\"button\">Puis-je commander des cartes cadeaux par lot\u00a0?<\/button>\n                <\/h3>\n                \n                <div class=\"accordion-content\">\n                    <div class=\"content-stack\">\n                                                    Oui, veuillez consulter les conditions g\u00e9n\u00e9rales pour plus d&rsquo;informations.                                            <\/div>\n                <\/div>\n                \n                                            \n                <h3 class=\"accordion-title\">\n                    <button type=\"button\">Que faire en cas de perte ou de vol de ma carte cadeau\u00a0?<\/button>\n                <\/h3>\n                \n                <div class=\"accordion-content\">\n                    <div class=\"content-stack\">\n                                                    Malheureusement, les cartes-cadeaux sont consid\u00e9r\u00e9es comme de l&rsquo;argent liquide. Ils ne peuvent \u00eatre ni rembours\u00e9s ni remplac\u00e9s.\n\nCependant, si vous \u00eates en mesure de fournir une preuve d&rsquo;achat, nous tenterons de localiser votre carte-cadeau.                                            <\/div>\n                <\/div>\n                \n                                            \n                <h3 class=\"accordion-title\">\n                    <button type=\"button\">Que faire si ma carte cadeau n&#039;a plus de solde ou si je ne parviens pas \u00e0 l&#039;utiliser en ligne ou en magasin\u00a0?<\/button>\n                <\/h3>\n                \n                <div class=\"accordion-content\">\n                    <div class=\"content-stack\">\n                                                    Veuillez nous contacter via notre formulaire de contact et quelqu&rsquo;un vous r\u00e9pondra dans les plus brefs d\u00e9lais\u00a0!                                            <\/div>\n                <\/div>\n                \n                    <\/div>\n    <\/div>\n\n<\/div>\n\n\n\n<footer class=\"section-footer section-header--limited\">\n<div class=\"wp-block-buttons is-content-justification-center is-layout-flex wp-container-core-buttons-is-layout-16018d1d wp-block-buttons-is-layout-flex\">\n<div class=\"wp-block-button is-style-outline is-style-outline--2\"><a class=\"wp-block-button__link wp-element-button\" href=\"https:\/\/www.fiveguys.ch\/fr\/centre-dassistance\/faq\/\">VOIR TOUTES LES FAQ<\/a><\/div>\n<\/div>\n<\/footer>\n<\/div><\/section>\n\n<section class=\"section section--column-page-cards color-option-1\" data-random-border-width=\"98rem\" data-comname=\"section-callout-card-columns\"><div class=\"wrap wrap--normal\">\n<div class=\"l-columns l-columns--2 l-columns--gap-normal l-columns--align-normal\">\n<div class=\"l-column-item\">\n<div class=\"card-page-callout\"><div class=\"card-page-callout-content\">\n<h2 class=\"wp-block-heading\">Derri\u00e8re nos plats<\/h2>\n\n\n\n<p>Des ingr\u00e9dients jusqu\u2019\u00e0 notre processus de pr\u00e9paration m\u00e9thodique, d\u00e9couvrez ce qui fait la magie de Five Guys.<\/p>\n\n\n\n<div class=\"wp-block-buttons is-layout-flex wp-block-buttons-is-layout-flex\">\n<div class=\"wp-block-button\"><a class=\"wp-block-button__link wp-element-button\" href=\"https:\/\/www.fiveguys.ch\/fr\/a-propos-de-nos-plats\/\">\u00c0 propos de nos plats<\/a><\/div>\n<\/div>\n<\/div><div class=\"card-page-callout-thumb\"><img loading=\"lazy\" decoding=\"async\" class=\"wp-image wp-image-1571\" src=\"https:\/\/www.fiveguys.ch\/wp-content\/uploads\/sites\/34\/2025\/07\/04-menu.jpg\" width=\"585\" height=\"403\" alt=\"\" srcset=\"https:\/\/www.fiveguys.ch\/wp-content\/uploads\/sites\/34\/2025\/07\/04-menu.jpg 585w, https:\/\/www.fiveguys.ch\/wp-content\/uploads\/sites\/34\/2025\/07\/04-menu-300x207.jpg 300w, https:\/\/www.fiveguys.ch\/wp-content\/uploads\/sites\/34\/2025\/07\/04-menu-18x12.jpg 18w\" sizes=\"auto, (max-width: 585px) 100vw, 585px\" \/><\/div><\/div>\n<\/div>\n\n\n\n<div class=\"l-column-item\">\n<div class=\"card-page-callout\"><div class=\"card-page-callout-content\">\n<h2 class=\"wp-block-heading\">L\u2019histoire de Five Guys<\/h2>\n\n\n\n<p>Depuis\u00a01986, nous travaillons sans rel\u00e2che pour perfectionner la fabrication des burgers et des frites. D\u00e9couvrez l\u2019histoire \u00e0 l\u2019origine de Five Guys.<\/p>\n\n\n\n<div class=\"wp-block-buttons is-layout-flex wp-block-buttons-is-layout-flex\">\n<div class=\"wp-block-button\"><a class=\"wp-block-button__link wp-element-button\" href=\"https:\/\/www.fiveguys.ch\/our-story\/\">Notre histoire<\/a><\/div>\n<\/div>\n<\/div><div class=\"card-page-callout-thumb\"><img loading=\"lazy\" decoding=\"async\" class=\"wp-image wp-image-1099\" src=\"https:\/\/www.fiveguys.ch\/wp-content\/uploads\/sites\/34\/2025\/07\/bee1ca14d2b84f172ca65f4495843fe2d1c47d08-final.jpg\" width=\"1000\" height=\"667\" alt=\"\" srcset=\"https:\/\/www.fiveguys.ch\/wp-content\/uploads\/sites\/34\/2025\/07\/bee1ca14d2b84f172ca65f4495843fe2d1c47d08-final.jpg 1000w, https:\/\/www.fiveguys.ch\/wp-content\/uploads\/sites\/34\/2025\/07\/bee1ca14d2b84f172ca65f4495843fe2d1c47d08-final-300x200.jpg 300w, https:\/\/www.fiveguys.ch\/wp-content\/uploads\/sites\/34\/2025\/07\/bee1ca14d2b84f172ca65f4495843fe2d1c47d08-final-768x512.jpg 768w, https:\/\/www.fiveguys.ch\/wp-content\/uploads\/sites\/34\/2025\/07\/bee1ca14d2b84f172ca65f4495843fe2d1c47d08-final-18x12.jpg 18w\" sizes=\"auto, (max-width: 1000px) 100vw, 1000px\" \/><\/div><\/div>\n<\/div>\n<\/div>\n<\/div><\/section>\n","protected":false},"excerpt":{"rendered":"","protected":false},"author":2,"featured_media":0,"parent":0,"menu_order":43,"comment_status":"closed","ping_status":"closed","template":"","meta":{"_acf_changed":false,"footnotes":"","_wp_rev_ctl_limit":""},"class_list":["post-4942","page","type-page","status-publish","hentry"],"acf":[],"yoast_head":"<!-- This site is optimized with the Yoast SEO plugin v27.3 - https:\/\/yoast.com\/product\/yoast-seo-wordpress\/ -->\n<title>Cartes cadeaux | Five Guys<\/title>\n<meta name=\"robots\" content=\"index, follow, max-snippet:-1, max-image-preview:large, max-video-preview:-1\" \/>\n<link rel=\"canonical\" href=\"https:\/\/www.fiveguys.ch\/fr\/cartes-cadeaux\/\" \/>\n<meta property=\"og:locale\" content=\"fr_FR\" \/>\n<meta property=\"og:type\" content=\"article\" \/>\n<meta property=\"og:title\" content=\"Cartes cadeaux | Five Guys\" \/>\n<meta property=\"og:url\" content=\"https:\/\/www.fiveguys.ch\/fr\/cartes-cadeaux\/\" \/>\n<meta property=\"og:site_name\" content=\"Five Guys\" \/>\n<meta property=\"article:publisher\" content=\"https:\/\/www.facebook.com\/fiveguys\/\" \/>\n<meta property=\"article:modified_time\" content=\"2026-03-11T21:14:35+00:00\" \/>\n<meta property=\"og:image\" content=\"https:\/\/www.fiveguys.ch\/wp-content\/uploads\/sites\/34\/2025\/08\/gift-card-hero.jpg\" \/>\n\t<meta property=\"og:image:width\" content=\"1800\" \/>\n\t<meta property=\"og:image:height\" content=\"1463\" \/>\n\t<meta property=\"og:image:type\" content=\"image\/jpeg\" \/>\n<meta name=\"twitter:card\" content=\"summary_large_image\" \/>\n<meta name=\"twitter:site\" content=\"@FiveGuys\" \/>\n<meta name=\"twitter:label1\" content=\"Dur\u00e9e de lecture estim\u00e9e\" \/>\n\t<meta name=\"twitter:data1\" content=\"1 minute\" \/>\n<script type=\"application\/ld+json\" class=\"yoast-schema-graph\">{\"@context\":\"https:\\\/\\\/schema.org\",\"@graph\":[{\"@type\":\"WebPage\",\"@id\":\"https:\\\/\\\/www.fiveguys.ch\\\/fr\\\/cartes-cadeaux\\\/\",\"url\":\"https:\\\/\\\/www.fiveguys.ch\\\/fr\\\/cartes-cadeaux\\\/\",\"name\":\"Cartes cadeaux | Five Guys\",\"isPartOf\":{\"@id\":\"https:\\\/\\\/www.fiveguys.ch\\\/fr\\\/#website\"},\"primaryImageOfPage\":{\"@id\":\"https:\\\/\\\/www.fiveguys.ch\\\/fr\\\/cartes-cadeaux\\\/#primaryimage\"},\"image\":{\"@id\":\"https:\\\/\\\/www.fiveguys.ch\\\/fr\\\/cartes-cadeaux\\\/#primaryimage\"},\"thumbnailUrl\":\"https:\\\/\\\/media.fiveguys.com\\\/us\\\/2025\\\/08\\\/gift-card-hero.jpg\",\"datePublished\":\"2025-05-06T09:13:18+00:00\",\"dateModified\":\"2026-03-11T21:14:35+00:00\",\"breadcrumb\":{\"@id\":\"https:\\\/\\\/www.fiveguys.ch\\\/fr\\\/cartes-cadeaux\\\/#breadcrumb\"},\"inLanguage\":\"fr-FR\",\"potentialAction\":[{\"@type\":\"ReadAction\",\"target\":[\"https:\\\/\\\/www.fiveguys.ch\\\/fr\\\/cartes-cadeaux\\\/\"]}]},{\"@type\":\"ImageObject\",\"inLanguage\":\"fr-FR\",\"@id\":\"https:\\\/\\\/www.fiveguys.ch\\\/fr\\\/cartes-cadeaux\\\/#primaryimage\",\"url\":\"https:\\\/\\\/media.fiveguys.com\\\/us\\\/2025\\\/08\\\/gift-card-hero.jpg\",\"contentUrl\":\"https:\\\/\\\/media.fiveguys.com\\\/us\\\/2025\\\/08\\\/gift-card-hero.jpg\"},{\"@type\":\"BreadcrumbList\",\"@id\":\"https:\\\/\\\/www.fiveguys.ch\\\/fr\\\/cartes-cadeaux\\\/#breadcrumb\",\"itemListElement\":[{\"@type\":\"ListItem\",\"position\":1,\"name\":\"Home\",\"item\":\"https:\\\/\\\/www.fiveguys.ch\\\/fr\\\/\"},{\"@type\":\"ListItem\",\"position\":2,\"name\":\"Cartes cadeaux\"}]},{\"@type\":\"WebSite\",\"@id\":\"https:\\\/\\\/www.fiveguys.ch\\\/fr\\\/#website\",\"url\":\"https:\\\/\\\/www.fiveguys.ch\\\/fr\\\/\",\"name\":\"Five Guys\",\"description\":\"Fresh Burgers, Fries, Shakes &amp; More!\",\"publisher\":{\"@id\":\"https:\\\/\\\/www.fiveguys.ch\\\/fr\\\/#organization\"},\"potentialAction\":[{\"@type\":\"SearchAction\",\"target\":{\"@type\":\"EntryPoint\",\"urlTemplate\":\"https:\\\/\\\/www.fiveguys.ch\\\/fr\\\/?s={search_term_string}\"},\"query-input\":{\"@type\":\"PropertyValueSpecification\",\"valueRequired\":true,\"valueName\":\"search_term_string\"}}],\"inLanguage\":\"fr-FR\"},{\"@type\":\"Organization\",\"@id\":\"https:\\\/\\\/www.fiveguys.ch\\\/fr\\\/#organization\",\"name\":\"Five Guys Enterprises, LLC\",\"alternateName\":\"Five Guys\",\"url\":\"https:\\\/\\\/www.fiveguys.ch\\\/fr\\\/\",\"logo\":{\"@type\":\"ImageObject\",\"inLanguage\":\"fr-FR\",\"@id\":\"https:\\\/\\\/www.fiveguys.ch\\\/fr\\\/#\\\/schema\\\/logo\\\/image\\\/\",\"url\":\"https:\\\/\\\/www.fiveguys.ch\\\/wp-content\\\/uploads\\\/sites\\\/34\\\/2024\\\/10\\\/favicon.png\",\"contentUrl\":\"https:\\\/\\\/www.fiveguys.ch\\\/wp-content\\\/uploads\\\/sites\\\/34\\\/2024\\\/10\\\/favicon.png\",\"width\":512,\"height\":512,\"caption\":\"Five Guys Enterprises, LLC\"},\"image\":{\"@id\":\"https:\\\/\\\/www.fiveguys.ch\\\/fr\\\/#\\\/schema\\\/logo\\\/image\\\/\"},\"sameAs\":[\"https:\\\/\\\/www.facebook.com\\\/fiveguys\\\/\",\"https:\\\/\\\/x.com\\\/FiveGuys\",\"https:\\\/\\\/open.spotify.com\\\/user\\\/xhjybu9z8yg6jucgxua7dhmqo\",\"https:\\\/\\\/www.instagram.com\\\/fiveguys\\\/\",\"https:\\\/\\\/www.linkedin.com\\\/company\\\/five-guys-enterprises\",\"https:\\\/\\\/www.youtube.com\\\/channel\\\/UCnPsCURqHlcoRt-Vr7nEaEg\"]}]}<\/script>\n<!-- \/ Yoast SEO plugin. -->","yoast_head_json":{"title":"Cartes cadeaux | Five Guys","robots":{"index":"index","follow":"follow","max-snippet":"max-snippet:-1","max-image-preview":"max-image-preview:large","max-video-preview":"max-video-preview:-1"},"canonical":"https:\/\/www.fiveguys.ch\/fr\/cartes-cadeaux\/","og_locale":"fr_FR","og_type":"article","og_title":"Cartes cadeaux | Five Guys","og_url":"https:\/\/www.fiveguys.ch\/fr\/cartes-cadeaux\/","og_site_name":"Five Guys","article_publisher":"https:\/\/www.facebook.com\/fiveguys\/","article_modified_time":"2026-03-11T21:14:35+00:00","og_image":[{"width":1800,"height":1463,"url":"https:\/\/www.fiveguys.ch\/wp-content\/uploads\/sites\/34\/2025\/08\/gift-card-hero.jpg","type":"image\/jpeg"}],"twitter_card":"summary_large_image","twitter_site":"@FiveGuys","twitter_misc":{"Dur\u00e9e de lecture estim\u00e9e":"1 minute"},"schema":{"@context":"https:\/\/schema.org","@graph":[{"@type":"WebPage","@id":"https:\/\/www.fiveguys.ch\/fr\/cartes-cadeaux\/","url":"https:\/\/www.fiveguys.ch\/fr\/cartes-cadeaux\/","name":"Cartes cadeaux | Five Guys","isPartOf":{"@id":"https:\/\/www.fiveguys.ch\/fr\/#website"},"primaryImageOfPage":{"@id":"https:\/\/www.fiveguys.ch\/fr\/cartes-cadeaux\/#primaryimage"},"image":{"@id":"https:\/\/www.fiveguys.ch\/fr\/cartes-cadeaux\/#primaryimage"},"thumbnailUrl":"https:\/\/media.fiveguys.com\/us\/2025\/08\/gift-card-hero.jpg","datePublished":"2025-05-06T09:13:18+00:00","dateModified":"2026-03-11T21:14:35+00:00","breadcrumb":{"@id":"https:\/\/www.fiveguys.ch\/fr\/cartes-cadeaux\/#breadcrumb"},"inLanguage":"fr-FR","potentialAction":[{"@type":"ReadAction","target":["https:\/\/www.fiveguys.ch\/fr\/cartes-cadeaux\/"]}]},{"@type":"ImageObject","inLanguage":"fr-FR","@id":"https:\/\/www.fiveguys.ch\/fr\/cartes-cadeaux\/#primaryimage","url":"https:\/\/media.fiveguys.com\/us\/2025\/08\/gift-card-hero.jpg","contentUrl":"https:\/\/media.fiveguys.com\/us\/2025\/08\/gift-card-hero.jpg"},{"@type":"BreadcrumbList","@id":"https:\/\/www.fiveguys.ch\/fr\/cartes-cadeaux\/#breadcrumb","itemListElement":[{"@type":"ListItem","position":1,"name":"Home","item":"https:\/\/www.fiveguys.ch\/fr\/"},{"@type":"ListItem","position":2,"name":"Cartes cadeaux"}]},{"@type":"WebSite","@id":"https:\/\/www.fiveguys.ch\/fr\/#website","url":"https:\/\/www.fiveguys.ch\/fr\/","name":"Five Guys","description":"Fresh Burgers, Fries, Shakes &amp; More!","publisher":{"@id":"https:\/\/www.fiveguys.ch\/fr\/#organization"},"potentialAction":[{"@type":"SearchAction","target":{"@type":"EntryPoint","urlTemplate":"https:\/\/www.fiveguys.ch\/fr\/?s={search_term_string}"},"query-input":{"@type":"PropertyValueSpecification","valueRequired":true,"valueName":"search_term_string"}}],"inLanguage":"fr-FR"},{"@type":"Organization","@id":"https:\/\/www.fiveguys.ch\/fr\/#organization","name":"Five Guys Enterprises, LLC","alternateName":"Five Guys","url":"https:\/\/www.fiveguys.ch\/fr\/","logo":{"@type":"ImageObject","inLanguage":"fr-FR","@id":"https:\/\/www.fiveguys.ch\/fr\/#\/schema\/logo\/image\/","url":"https:\/\/www.fiveguys.ch\/wp-content\/uploads\/sites\/34\/2024\/10\/favicon.png","contentUrl":"https:\/\/www.fiveguys.ch\/wp-content\/uploads\/sites\/34\/2024\/10\/favicon.png","width":512,"height":512,"caption":"Five Guys Enterprises, LLC"},"image":{"@id":"https:\/\/www.fiveguys.ch\/fr\/#\/schema\/logo\/image\/"},"sameAs":["https:\/\/www.facebook.com\/fiveguys\/","https:\/\/x.com\/FiveGuys","https:\/\/open.spotify.com\/user\/xhjybu9z8yg6jucgxua7dhmqo","https:\/\/www.instagram.com\/fiveguys\/","https:\/\/www.linkedin.com\/company\/five-guys-enterprises","https:\/\/www.youtube.com\/channel\/UCnPsCURqHlcoRt-Vr7nEaEg"]}]}},"_links":{"self":[{"href":"https:\/\/www.fiveguys.ch\/fr\/wp-json\/wp\/v2\/pages\/4942","targetHints":{"allow":["GET"]}}],"collection":[{"href":"https:\/\/www.fiveguys.ch\/fr\/wp-json\/wp\/v2\/pages"}],"about":[{"href":"https:\/\/www.fiveguys.ch\/fr\/wp-json\/wp\/v2\/types\/page"}],"author":[{"embeddable":true,"href":"https:\/\/www.fiveguys.ch\/fr\/wp-json\/wp\/v2\/users\/2"}],"replies":[{"embeddable":true,"href":"https:\/\/www.fiveguys.ch\/fr\/wp-json\/wp\/v2\/comments?post=4942"}],"version-history":[{"count":1,"href":"https:\/\/www.fiveguys.ch\/fr\/wp-json\/wp\/v2\/pages\/4942\/revisions"}],"predecessor-version":[{"id":4967,"href":"https:\/\/www.fiveguys.ch\/fr\/wp-json\/wp\/v2\/pages\/4942\/revisions\/4967"}],"wp:attachment":[{"href":"https:\/\/www.fiveguys.ch\/fr\/wp-json\/wp\/v2\/media?parent=4942"}],"curies":[{"name":"wp","href":"https:\/\/api.w.org\/{rel}","templated":true}]}}