
{"id":4890,"date":"2025-05-05T14:23:54","date_gmt":"2025-05-05T12:23:54","guid":{"rendered":"https:\/\/www.fiveguys.ch\/centre-dassistance\/nous-contacter\/"},"modified":"2026-03-11T22:14:33","modified_gmt":"2026-03-11T21:14:33","slug":"nous-contacter","status":"publish","type":"page","link":"https:\/\/www.fiveguys.ch\/fr\/centre-dassistance\/nous-contacter\/","title":{"rendered":"Nous contacter"},"content":{"rendered":"\n<header class=\"hero-media-banner hero-media-banner--media-overlay hero-media-banner--media-fit-cover hero-media-banner--media-align-center hero-media-banner--bkg-red section--has-paper-border\" data-random-border-width=\"98rem\" data-comname=\"hero-media-banner\"><div class=\"wrap wrap--wide\"><div class=\"l-media-banner\"><div class=\"l-media-banner-body\">\n<header class=\"hero-header section-header--limited\">\n<h1 class=\"wp-block-heading\">Nous contacter<\/h1>\n<\/header>\n\n\n\n<div class=\"hero-content\">\n<p>Vous souhaitez nous contacter\u00a0?<br\/>Nous voulons conna\u00eetre votre avis.<\/p>\n<\/div>\n<\/div><\/div><\/div><div class=\"l-media-banner-bkg\"><div class=\"hero-media-banner-bkg\"><img loading=\"lazy\" decoding=\"async\" class=\"hero-media-banner-bkg-image--desktop wp-image wp-image-1924\" src=\"https:\/\/www.fiveguys.ch\/wp-content\/uploads\/sites\/34\/2025\/07\/01-hero-d-5.jpg\" width=\"726\" height=\"573\" alt=\"\" srcset=\"https:\/\/www.fiveguys.ch\/wp-content\/uploads\/sites\/34\/2025\/07\/01-hero-d-5.jpg 726w, https:\/\/www.fiveguys.ch\/wp-content\/uploads\/sites\/34\/2025\/07\/01-hero-d-5-300x237.jpg 300w, https:\/\/www.fiveguys.ch\/wp-content\/uploads\/sites\/34\/2025\/07\/01-hero-d-5-15x12.jpg 15w\" sizes=\"auto, (max-width: 726px) 100vw, 726px\" \/><\/div><\/div><button type=\"button\" class=\"hero-button-down\"><svg fill=\"none\" height=\"56\" viewBox=\"0 0 56 56\" width=\"56\" xmlns=\"http:\/\/www.w3.org\/2000\/svg\"><circle cx=\"28\" cy=\"28\" fill=\"#d21033\" r=\"28\"><\/circle><g fill=\"#fff\"><path d=\"m37.4376 18.379c-.4833-.5053-1.2668-.5053-1.7501 0l-7.7873 8.1415-7.7876-8.1415c-.4833-.5053-1.2668-.5053-1.7501 0s-.4833 1.3243 0 1.8296l8.6625 9.0563c.2416.2525.5584.3788.8752.3788s.6333-.1263.8749-.3788l8.6625-9.0563c.4833-.5053.4833-1.3243 0-1.8296z\"><\/path><path d=\"m37.4376 29.379c-.4833-.5053-1.2668-.5053-1.7501 0l-7.7873 8.1415-7.7876-8.1415c-.4833-.5053-1.2668-.5053-1.7501 0s-.4833 1.3243 0 1.8296l8.6625 9.0563c.2416.2525.5584.3788.8752.3788s.6333-.1263.8749-.3788l8.6625-9.0563c.4833-.5053.4833-1.3243 0-1.8296z\"><\/path><\/g><\/svg><span class=\"vh\">Scroll Down<\/span><\/button><\/header>\n\n<section class=\"section section--content section--medium is-footer-disabled color-option-2 section--has-paper-border\" data-random-border-width=\"98rem\" data-comname=\"section-content\"><div class=\"wrap wrap--limited\">\n<header class=\"section-header section-header--limited\">\n<h2 class=\"wp-block-heading is-style-heading--divider\">Prendre contact<\/h2>\n<\/header>\n\n\n\n<div class=\"content-stack\"><iframe loading=\"lazy\"\n      id=\"embed-questions-complaints-form\"\n      src=\"https:\/\/www.knowledgeforce.com\/casemanagement\/form\/fiveguys?lang=en-gb\"\n      title=\"Formulaire - Commentaires et pr\u00e9occupations\"\n      frameborder=\"0\"\n      width=\"100%\"\n      height=\"750\"\n    >\n    <\/iframe>\n<\/div>\n\n\n\n<footer class=\"section-footer section-header--limited\">\n<p><\/p>\n<\/footer>\n<\/div><\/section>\n\n<section class=\"section section--content section--medium is-header-disabled is-footer-disabled color-option-1\" data-random-border-width=\"98rem\" data-comname=\"section-content\"><div class=\"wrap wrap--normal\">\n<header class=\"section-header section-header--limited\">\n<h2 class=\"wp-block-heading\"><\/h2>\n<\/header>\n\n\n\n<div class=\"content-stack\">\n<h3 class=\"wp-block-heading has-text-align-center\">Adresse de contact<\/h3>\n\n\n\n<p class=\"has-text-align-center\">FIELD INVESTMENT SA<br\/>Num\u00e9ro d&rsquo;enregistrement de la soci\u00e9t\u00e9 : B168082<br\/>20A, rue de Strasbourg, L-2560 Luxembourg, Luxembourg<\/p>\n<\/div>\n\n\n\n<footer class=\"section-footer section-header--limited\">\n<p><\/p>\n<\/footer>\n<\/div><\/section>\n\n<section class=\"section section--content section--medium color-option-1 is-style-double-dividers\" data-random-border-width=\"98rem\" data-comname=\"section-content\"><div class=\"wrap wrap--limited\">\n<header class=\"section-header section-header--limited\">\n<h3 class=\"wp-block-heading\">Questions les plus fr\u00e9quentes<\/h3>\n<\/header>\n\n\n\n<div class=\"content-stack\">\n<div class=\"faqs-by-category-block wp-block-five-guys-blocks-faqs-by-category\">\n            <div class=\"js-accordion accordion-block\"\n            role=\"group\"\n            aria-label=\"Nous contacter, Questions fr\u00e9quentes (FAQ).\">\n                                            \n                <h3 class=\"accordion-title\">\n                    <button type=\"button\">Comment puis-je r\u00e9pondre \u00e0 une enqu\u00eate de satisfaction\u00a0?<\/button>\n                <\/h3>\n                \n                <div class=\"accordion-content\">\n                    <div class=\"content-stack\">\n                                                    Vous pouvez remplir notre enqu\u00eate de satisfation en vous rendant sur cette page. Bien que cela ne soit pas obligatoire, il est utile d&rsquo;avoir votre re\u00e7u \u00e0 port\u00e9e de main.                                            <\/div>\n                <\/div>\n                \n                                            \n                <h3 class=\"accordion-title\">\n                    <button type=\"button\">Puis-je vous envoyer une belle photo de Five Guys ou de ma visite\u00a0?<\/button>\n                <\/h3>\n                \n                <div class=\"accordion-content\">\n                    <div class=\"content-stack\">\n                                                    Absolument\u00a0! Nous aimons voir nos clients appr\u00e9cier nos plats.\n\nIl suffit de nous mentionner dans une publication sur les r\u00e9seaux sociaux. Nous sommes pr\u00e9sents sur Instagram, TikTok et Facebook. Ou n&rsquo;h\u00e9sitez pas \u00e0 envoyer vos photos \u00e0 marketing@fiveguys.com                                            <\/div>\n                <\/div>\n                \n                    <\/div>\n    <\/div>\n\n<\/div>\n\n\n\n<footer class=\"section-footer section-header--limited\">\n<div class=\"wp-block-buttons is-content-justification-center is-layout-flex wp-container-core-buttons-is-layout-16018d1d wp-block-buttons-is-layout-flex\">\n<div class=\"wp-block-button\"><a class=\"wp-block-button__link wp-element-button\" href=\"\/frequently-asked-questions\/\">VOIR TOUTES LES FAQ<\/a><\/div>\n<\/div>\n<\/footer>\n<\/div><\/section>\n\n<section class=\"section section--block-group section--medium color-option-0 is-style-default\" data-random-border-width=\"98rem\">\n<header class=\"section-header section-header--limited\">\n<h3 class=\"wp-block-heading is-style-default\">Vous cherchez autre chose\u00a0?<\/h3>\n<\/header>\n\n\n\n<div class=\"section-blocks\">\n<section class=\"section section--column-page-cards section--no-padding color-option-1\" data-random-border-width=\"98rem\" data-comname=\"section-grid-cta-cards\"><div class=\"wrap wrap--normal\">\n<div class=\"l-columns l-columns--3 l-columns--gap-normal l-columns--align-normal\">\n<div class=\"l-column-item\">\n<div class=\"card-cta has-background-image\"><img loading=\"lazy\" decoding=\"async\" class=\"card-cta-bkg wp-image wp-image-1929\" src=\"https:\/\/www.fiveguys.ch\/wp-content\/uploads\/sites\/34\/2025\/07\/04-supporthub.jpg\" width=\"686\" height=\"520\" aria-hidden=\"true\" draggable=\"false\" alt=\"\" srcset=\"https:\/\/www.fiveguys.ch\/wp-content\/uploads\/sites\/34\/2025\/07\/04-supporthub.jpg 686w, https:\/\/www.fiveguys.ch\/wp-content\/uploads\/sites\/34\/2025\/07\/04-supporthub-300x227.jpg 300w, https:\/\/www.fiveguys.ch\/wp-content\/uploads\/sites\/34\/2025\/07\/04-supporthub-16x12.jpg 16w\" sizes=\"auto, (max-width: 686px) 100vw, 686px\" \/><div class=\"card-cta-inner\">\n<div class=\"wp-block-buttons is-content-justification-center is-layout-flex wp-container-core-buttons-is-layout-16018d1d wp-block-buttons-is-layout-flex\">\n<div class=\"wp-block-button is-style-button--white\"><a class=\"wp-block-button__link wp-element-button\" href=\"https:\/\/www.fiveguys.ch\/fr\/centre-dassistance\/\">Centre d\u2019assistance<\/a><\/div>\n<\/div>\n<\/div><\/div>\n<\/div>\n\n\n\n<div class=\"l-column-item\">\n<div class=\"card-cta has-background-image\"><img loading=\"lazy\" decoding=\"async\" class=\"card-cta-bkg wp-image wp-image-1926\" src=\"https:\/\/www.fiveguys.ch\/wp-content\/uploads\/sites\/34\/2025\/07\/04-franchise-1.jpg\" width=\"686\" height=\"520\" aria-hidden=\"true\" draggable=\"false\" alt=\"\" srcset=\"https:\/\/www.fiveguys.ch\/wp-content\/uploads\/sites\/34\/2025\/07\/04-franchise-1.jpg 686w, https:\/\/www.fiveguys.ch\/wp-content\/uploads\/sites\/34\/2025\/07\/04-franchise-1-300x227.jpg 300w, https:\/\/www.fiveguys.ch\/wp-content\/uploads\/sites\/34\/2025\/07\/04-franchise-1-16x12.jpg 16w\" sizes=\"auto, (max-width: 686px) 100vw, 686px\" \/><div class=\"card-cta-inner\">\n<div class=\"wp-block-buttons is-content-justification-center is-layout-flex wp-container-core-buttons-is-layout-16018d1d wp-block-buttons-is-layout-flex\">\n<div class=\"wp-block-button is-style-button--white\"><a class=\"wp-block-button__link wp-element-button\" href=\"https:\/\/www.fiveguys.ch\/support-hub\/franchise\/\">Assistance pour<\/a><\/div>\n<\/div>\n<\/div><\/div>\n<\/div>\n\n\n\n<div class=\"l-column-item\">\n<div class=\"card-cta has-background-image\"><img loading=\"lazy\" decoding=\"async\" class=\"card-cta-bkg wp-image wp-image-1928\" src=\"https:\/\/www.fiveguys.ch\/wp-content\/uploads\/sites\/34\/2025\/07\/04-realestate-1.jpg\" width=\"686\" height=\"520\" aria-hidden=\"true\" draggable=\"false\" alt=\"\" srcset=\"https:\/\/www.fiveguys.ch\/wp-content\/uploads\/sites\/34\/2025\/07\/04-realestate-1.jpg 686w, https:\/\/www.fiveguys.ch\/wp-content\/uploads\/sites\/34\/2025\/07\/04-realestate-1-300x227.jpg 300w, https:\/\/www.fiveguys.ch\/wp-content\/uploads\/sites\/34\/2025\/07\/04-realestate-1-16x12.jpg 16w\" sizes=\"auto, (max-width: 686px) 100vw, 686px\" \/><div class=\"card-cta-inner\">\n<div class=\"wp-block-buttons is-content-justification-center is-layout-flex wp-container-core-buttons-is-layout-16018d1d wp-block-buttons-is-layout-flex\">\n<div class=\"wp-block-button is-style-button--white\"><a class=\"wp-block-button__link wp-element-button\" href=\"https:\/\/www.fiveguys.ch\/support-hub\/real-estate\/\">Immobilier<\/a><\/div>\n<\/div>\n<\/div><\/div>\n<\/div>\n<\/div>\n<\/div><\/section>\n<\/div>\n<\/section>\n","protected":false},"excerpt":{"rendered":"","protected":false},"author":2,"featured_media":0,"parent":4874,"menu_order":50,"comment_status":"closed","ping_status":"closed","template":"","meta":{"_acf_changed":false,"footnotes":"","_wp_rev_ctl_limit":""},"class_list":["post-4890","page","type-page","status-publish","hentry"],"acf":[],"yoast_head":"<!-- This site is optimized with the Yoast SEO plugin v27.4 - https:\/\/yoast.com\/product\/yoast-seo-wordpress\/ -->\n<title>Nous contacter | Five Guys<\/title>\n<meta name=\"description\" content=\"Vous avez une question, un commentaire ou besoin d\u2019aide\u00a0? Contactez l\u2019\u00e9quipe Five Guys pour toute demande d\u2019assistance client, pour nous faire part de vos commentaires ou pour toute question d\u2019ordre g\u00e9n\u00e9ral.\" \/>\n<meta name=\"robots\" content=\"index, follow, max-snippet:-1, max-image-preview:large, max-video-preview:-1\" \/>\n<link rel=\"canonical\" href=\"https:\/\/www.fiveguys.ch\/fr\/centre-dassistance\/nous-contacter\/\" \/>\n<meta property=\"og:locale\" content=\"fr_FR\" \/>\n<meta property=\"og:type\" content=\"article\" \/>\n<meta property=\"og:title\" content=\"Nous contacter | Five Guys\" \/>\n<meta property=\"og:description\" content=\"Vous avez une question, un commentaire ou besoin d\u2019aide\u00a0? Contactez l\u2019\u00e9quipe Five Guys pour toute demande d\u2019assistance client, pour nous faire part de vos commentaires ou pour toute question d\u2019ordre g\u00e9n\u00e9ral.\" \/>\n<meta property=\"og:url\" content=\"https:\/\/www.fiveguys.ch\/fr\/centre-dassistance\/nous-contacter\/\" \/>\n<meta property=\"og:site_name\" content=\"Five Guys\" \/>\n<meta property=\"article:publisher\" content=\"https:\/\/www.facebook.com\/fiveguys\/\" \/>\n<meta property=\"article:modified_time\" content=\"2026-03-11T21:14:33+00:00\" \/>\n<meta property=\"og:image\" content=\"https:\/\/www.fiveguys.ch\/wp-content\/uploads\/sites\/34\/2025\/07\/01-hero-d-5.jpg\" \/>\n\t<meta property=\"og:image:width\" content=\"726\" \/>\n\t<meta property=\"og:image:height\" content=\"573\" \/>\n\t<meta property=\"og:image:type\" content=\"image\/jpeg\" \/>\n<meta name=\"twitter:card\" content=\"summary_large_image\" \/>\n<meta name=\"twitter:site\" content=\"@FiveGuys\" \/>\n<script type=\"application\/ld+json\" class=\"yoast-schema-graph\">{\"@context\":\"https:\\\/\\\/schema.org\",\"@graph\":[{\"@type\":\"WebPage\",\"@id\":\"https:\\\/\\\/www.fiveguys.ch\\\/fr\\\/centre-dassistance\\\/nous-contacter\\\/\",\"url\":\"https:\\\/\\\/www.fiveguys.ch\\\/fr\\\/centre-dassistance\\\/nous-contacter\\\/\",\"name\":\"Nous contacter | Five Guys\",\"isPartOf\":{\"@id\":\"https:\\\/\\\/www.fiveguys.ch\\\/fr\\\/#website\"},\"primaryImageOfPage\":{\"@id\":\"https:\\\/\\\/www.fiveguys.ch\\\/fr\\\/centre-dassistance\\\/nous-contacter\\\/#primaryimage\"},\"image\":{\"@id\":\"https:\\\/\\\/www.fiveguys.ch\\\/fr\\\/centre-dassistance\\\/nous-contacter\\\/#primaryimage\"},\"thumbnailUrl\":\"https:\\\/\\\/www.fiveguys.ch\\\/wp-content\\\/uploads\\\/sites\\\/34\\\/2025\\\/07\\\/01-hero-d-5.jpg\",\"datePublished\":\"2025-05-05T12:23:54+00:00\",\"dateModified\":\"2026-03-11T21:14:33+00:00\",\"description\":\"Vous avez une question, un commentaire ou besoin d\u2019aide\u00a0? Contactez l\u2019\u00e9quipe Five Guys pour toute demande d\u2019assistance client, pour nous faire part de vos commentaires ou pour toute question d\u2019ordre g\u00e9n\u00e9ral.\",\"breadcrumb\":{\"@id\":\"https:\\\/\\\/www.fiveguys.ch\\\/fr\\\/centre-dassistance\\\/nous-contacter\\\/#breadcrumb\"},\"inLanguage\":\"fr-FR\",\"potentialAction\":[{\"@type\":\"ReadAction\",\"target\":[\"https:\\\/\\\/www.fiveguys.ch\\\/fr\\\/centre-dassistance\\\/nous-contacter\\\/\"]}]},{\"@type\":\"ImageObject\",\"inLanguage\":\"fr-FR\",\"@id\":\"https:\\\/\\\/www.fiveguys.ch\\\/fr\\\/centre-dassistance\\\/nous-contacter\\\/#primaryimage\",\"url\":\"https:\\\/\\\/www.fiveguys.ch\\\/wp-content\\\/uploads\\\/sites\\\/34\\\/2025\\\/07\\\/01-hero-d-5.jpg\",\"contentUrl\":\"https:\\\/\\\/www.fiveguys.ch\\\/wp-content\\\/uploads\\\/sites\\\/34\\\/2025\\\/07\\\/01-hero-d-5.jpg\"},{\"@type\":\"BreadcrumbList\",\"@id\":\"https:\\\/\\\/www.fiveguys.ch\\\/fr\\\/centre-dassistance\\\/nous-contacter\\\/#breadcrumb\",\"itemListElement\":[{\"@type\":\"ListItem\",\"position\":1,\"name\":\"Home\",\"item\":\"https:\\\/\\\/www.fiveguys.ch\\\/fr\\\/\"},{\"@type\":\"ListItem\",\"position\":2,\"name\":\"Centre d\u2019assistance\",\"item\":\"https:\\\/\\\/www.fiveguys.ch\\\/fr\\\/centre-dassistance\\\/\"},{\"@type\":\"ListItem\",\"position\":3,\"name\":\"Nous contacter\"}]},{\"@type\":\"WebSite\",\"@id\":\"https:\\\/\\\/www.fiveguys.ch\\\/fr\\\/#website\",\"url\":\"https:\\\/\\\/www.fiveguys.ch\\\/fr\\\/\",\"name\":\"Five Guys\",\"description\":\"Fresh Burgers, Fries, Shakes &amp; More!\",\"publisher\":{\"@id\":\"https:\\\/\\\/www.fiveguys.ch\\\/fr\\\/#organization\"},\"potentialAction\":[{\"@type\":\"SearchAction\",\"target\":{\"@type\":\"EntryPoint\",\"urlTemplate\":\"https:\\\/\\\/www.fiveguys.ch\\\/fr\\\/?s={search_term_string}\"},\"query-input\":{\"@type\":\"PropertyValueSpecification\",\"valueRequired\":true,\"valueName\":\"search_term_string\"}}],\"inLanguage\":\"fr-FR\"},{\"@type\":\"Organization\",\"@id\":\"https:\\\/\\\/www.fiveguys.ch\\\/fr\\\/#organization\",\"name\":\"Five Guys Enterprises, LLC\",\"alternateName\":\"Five Guys\",\"url\":\"https:\\\/\\\/www.fiveguys.ch\\\/fr\\\/\",\"logo\":{\"@type\":\"ImageObject\",\"inLanguage\":\"fr-FR\",\"@id\":\"https:\\\/\\\/www.fiveguys.ch\\\/fr\\\/#\\\/schema\\\/logo\\\/image\\\/\",\"url\":\"https:\\\/\\\/www.fiveguys.ch\\\/wp-content\\\/uploads\\\/sites\\\/34\\\/2024\\\/10\\\/favicon.png\",\"contentUrl\":\"https:\\\/\\\/www.fiveguys.ch\\\/wp-content\\\/uploads\\\/sites\\\/34\\\/2024\\\/10\\\/favicon.png\",\"width\":512,\"height\":512,\"caption\":\"Five Guys Enterprises, LLC\"},\"image\":{\"@id\":\"https:\\\/\\\/www.fiveguys.ch\\\/fr\\\/#\\\/schema\\\/logo\\\/image\\\/\"},\"sameAs\":[\"https:\\\/\\\/www.facebook.com\\\/fiveguys\\\/\",\"https:\\\/\\\/x.com\\\/FiveGuys\",\"https:\\\/\\\/open.spotify.com\\\/user\\\/xhjybu9z8yg6jucgxua7dhmqo\",\"https:\\\/\\\/www.instagram.com\\\/fiveguys\\\/\",\"https:\\\/\\\/www.linkedin.com\\\/company\\\/five-guys-enterprises\",\"https:\\\/\\\/www.youtube.com\\\/channel\\\/UCnPsCURqHlcoRt-Vr7nEaEg\"]}]}<\/script>\n<!-- \/ Yoast SEO plugin. -->","yoast_head_json":{"title":"Nous contacter | Five Guys","description":"Vous avez une question, un commentaire ou besoin d\u2019aide\u00a0? Contactez l\u2019\u00e9quipe Five Guys pour toute demande d\u2019assistance client, pour nous faire part de vos commentaires ou pour toute question d\u2019ordre g\u00e9n\u00e9ral.","robots":{"index":"index","follow":"follow","max-snippet":"max-snippet:-1","max-image-preview":"max-image-preview:large","max-video-preview":"max-video-preview:-1"},"canonical":"https:\/\/www.fiveguys.ch\/fr\/centre-dassistance\/nous-contacter\/","og_locale":"fr_FR","og_type":"article","og_title":"Nous contacter | Five Guys","og_description":"Vous avez une question, un commentaire ou besoin d\u2019aide\u00a0? Contactez l\u2019\u00e9quipe Five Guys pour toute demande d\u2019assistance client, pour nous faire part de vos commentaires ou pour toute question d\u2019ordre g\u00e9n\u00e9ral.","og_url":"https:\/\/www.fiveguys.ch\/fr\/centre-dassistance\/nous-contacter\/","og_site_name":"Five Guys","article_publisher":"https:\/\/www.facebook.com\/fiveguys\/","article_modified_time":"2026-03-11T21:14:33+00:00","og_image":[{"width":726,"height":573,"url":"https:\/\/www.fiveguys.ch\/wp-content\/uploads\/sites\/34\/2025\/07\/01-hero-d-5.jpg","type":"image\/jpeg"}],"twitter_card":"summary_large_image","twitter_site":"@FiveGuys","schema":{"@context":"https:\/\/schema.org","@graph":[{"@type":"WebPage","@id":"https:\/\/www.fiveguys.ch\/fr\/centre-dassistance\/nous-contacter\/","url":"https:\/\/www.fiveguys.ch\/fr\/centre-dassistance\/nous-contacter\/","name":"Nous contacter | Five Guys","isPartOf":{"@id":"https:\/\/www.fiveguys.ch\/fr\/#website"},"primaryImageOfPage":{"@id":"https:\/\/www.fiveguys.ch\/fr\/centre-dassistance\/nous-contacter\/#primaryimage"},"image":{"@id":"https:\/\/www.fiveguys.ch\/fr\/centre-dassistance\/nous-contacter\/#primaryimage"},"thumbnailUrl":"https:\/\/www.fiveguys.ch\/wp-content\/uploads\/sites\/34\/2025\/07\/01-hero-d-5.jpg","datePublished":"2025-05-05T12:23:54+00:00","dateModified":"2026-03-11T21:14:33+00:00","description":"Vous avez une question, un commentaire ou besoin d\u2019aide\u00a0? Contactez l\u2019\u00e9quipe Five Guys pour toute demande d\u2019assistance client, pour nous faire part de vos commentaires ou pour toute question d\u2019ordre g\u00e9n\u00e9ral.","breadcrumb":{"@id":"https:\/\/www.fiveguys.ch\/fr\/centre-dassistance\/nous-contacter\/#breadcrumb"},"inLanguage":"fr-FR","potentialAction":[{"@type":"ReadAction","target":["https:\/\/www.fiveguys.ch\/fr\/centre-dassistance\/nous-contacter\/"]}]},{"@type":"ImageObject","inLanguage":"fr-FR","@id":"https:\/\/www.fiveguys.ch\/fr\/centre-dassistance\/nous-contacter\/#primaryimage","url":"https:\/\/www.fiveguys.ch\/wp-content\/uploads\/sites\/34\/2025\/07\/01-hero-d-5.jpg","contentUrl":"https:\/\/www.fiveguys.ch\/wp-content\/uploads\/sites\/34\/2025\/07\/01-hero-d-5.jpg"},{"@type":"BreadcrumbList","@id":"https:\/\/www.fiveguys.ch\/fr\/centre-dassistance\/nous-contacter\/#breadcrumb","itemListElement":[{"@type":"ListItem","position":1,"name":"Home","item":"https:\/\/www.fiveguys.ch\/fr\/"},{"@type":"ListItem","position":2,"name":"Centre d\u2019assistance","item":"https:\/\/www.fiveguys.ch\/fr\/centre-dassistance\/"},{"@type":"ListItem","position":3,"name":"Nous contacter"}]},{"@type":"WebSite","@id":"https:\/\/www.fiveguys.ch\/fr\/#website","url":"https:\/\/www.fiveguys.ch\/fr\/","name":"Five Guys","description":"Fresh Burgers, Fries, Shakes &amp; More!","publisher":{"@id":"https:\/\/www.fiveguys.ch\/fr\/#organization"},"potentialAction":[{"@type":"SearchAction","target":{"@type":"EntryPoint","urlTemplate":"https:\/\/www.fiveguys.ch\/fr\/?s={search_term_string}"},"query-input":{"@type":"PropertyValueSpecification","valueRequired":true,"valueName":"search_term_string"}}],"inLanguage":"fr-FR"},{"@type":"Organization","@id":"https:\/\/www.fiveguys.ch\/fr\/#organization","name":"Five Guys Enterprises, LLC","alternateName":"Five Guys","url":"https:\/\/www.fiveguys.ch\/fr\/","logo":{"@type":"ImageObject","inLanguage":"fr-FR","@id":"https:\/\/www.fiveguys.ch\/fr\/#\/schema\/logo\/image\/","url":"https:\/\/www.fiveguys.ch\/wp-content\/uploads\/sites\/34\/2024\/10\/favicon.png","contentUrl":"https:\/\/www.fiveguys.ch\/wp-content\/uploads\/sites\/34\/2024\/10\/favicon.png","width":512,"height":512,"caption":"Five Guys Enterprises, LLC"},"image":{"@id":"https:\/\/www.fiveguys.ch\/fr\/#\/schema\/logo\/image\/"},"sameAs":["https:\/\/www.facebook.com\/fiveguys\/","https:\/\/x.com\/FiveGuys","https:\/\/open.spotify.com\/user\/xhjybu9z8yg6jucgxua7dhmqo","https:\/\/www.instagram.com\/fiveguys\/","https:\/\/www.linkedin.com\/company\/five-guys-enterprises","https:\/\/www.youtube.com\/channel\/UCnPsCURqHlcoRt-Vr7nEaEg"]}]}},"_links":{"self":[{"href":"https:\/\/www.fiveguys.ch\/fr\/wp-json\/wp\/v2\/pages\/4890","targetHints":{"allow":["GET"]}}],"collection":[{"href":"https:\/\/www.fiveguys.ch\/fr\/wp-json\/wp\/v2\/pages"}],"about":[{"href":"https:\/\/www.fiveguys.ch\/fr\/wp-json\/wp\/v2\/types\/page"}],"author":[{"embeddable":true,"href":"https:\/\/www.fiveguys.ch\/fr\/wp-json\/wp\/v2\/users\/2"}],"replies":[{"embeddable":true,"href":"https:\/\/www.fiveguys.ch\/fr\/wp-json\/wp\/v2\/comments?post=4890"}],"version-history":[{"count":1,"href":"https:\/\/www.fiveguys.ch\/fr\/wp-json\/wp\/v2\/pages\/4890\/revisions"}],"predecessor-version":[{"id":4893,"href":"https:\/\/www.fiveguys.ch\/fr\/wp-json\/wp\/v2\/pages\/4890\/revisions\/4893"}],"up":[{"embeddable":true,"href":"https:\/\/www.fiveguys.ch\/fr\/wp-json\/wp\/v2\/pages\/4874"}],"wp:attachment":[{"href":"https:\/\/www.fiveguys.ch\/fr\/wp-json\/wp\/v2\/media?parent=4890"}],"curies":[{"name":"wp","href":"https:\/\/api.w.org\/{rel}","templated":true}]}}