
{"id":4880,"date":"2025-04-11T09:32:05","date_gmt":"2025-04-11T07:32:05","guid":{"rendered":"https:\/\/www.fiveguys.ch\/actualites-mises-a-jour\/"},"modified":"2026-03-11T22:15:11","modified_gmt":"2026-03-11T21:15:11","slug":"actualites-mises-a-jour","status":"publish","type":"page","link":"https:\/\/www.fiveguys.ch\/fr\/actualites-mises-a-jour\/","title":{"rendered":"Actualit\u00e9s &amp; Mises \u00e0 jour"},"content":{"rendered":"\n<section class=\"wp-block-five-guys-blocks-news-banner section hero-blog-banner color-option-2\" data-comname=\"news-banner\"><div class=\"wrap wrap--wide\"><div class=\"banner-content\"><p class=\"banner-title\">Actualit\u00e9s Five Guys<\/p><h1>Tout juste sorti dans la presse<\/h1><p>Le suppl\u00e9ment ne s\u2019applique pas seulement \u00e0 nos garnitures. Voici o\u00f9 vous trouverez les derni\u00e8res actualit\u00e9s de Five Guys.<\/p><\/div><\/div><div class=\"sticky-post-placeholder\" data-sticky-post=\"true\"><\/div><\/section>\n\n<section class=\"section section--content section--small is-header-disabled is-footer-disabled color-option-1 is-style-default\" data-random-border-width=\"98rem\" data-comname=\"section-content\"><div class=\"wrap wrap--wide\">\n<header class=\"section-header section-header--limited\">\n<h2 class=\"wp-block-heading\"><\/h2>\n<\/header>\n\n\n\n<div class=\"content-stack\">\n<h2 class=\"wp-block-heading h3 is-style-color-red\">Dans l&rsquo;actualit\u00e9<\/h2>\n\n\n\n<div class=\"featured-stories-block wp-block-five-guys-blocks-featured-stories\" data-comname=\"featured-stories\">\n    <div class=\"featured-stories-section\">\n                    <div class=\"l-columns l-columns--3\">\n                                    <div class=\"l-column-item\">\n                        <div class=\"card-page-callout\">\n                            <div class=\"card-page-callout-content\">\n                                                                    <p class=\"kicker-category\">Mentions dans les m\u00e9dias<\/p>\n                                                                \n                                <h3>\n                                    <a href=\"https:\/\/www.yahoo.com\/lifestyle\/five-guys-preps-iconic-burger-151700636.html?guccounter=1&#038;guce_referrer=aHR0cHM6Ly93d3cuZ29vZ2xlLmNvbS8&#038;guce_referrer_sig=AQAAAC7oZyyk55QWXrR2lSPP7W_NR--WNuiIdrGWvzuT30D8OM3FDMr0qBSAkSWIKsq4O3VWT5PV2XOGFAcmxKSw_g-9atBSc8-v2yV0trIpnhmT4dpc6vv3l4z5TLgjFP6WrODyOC6MXWkTqda1PGppwaIRrVlwvFNMN1rOZ37lhQzX\">Voici comment Five Guys pr\u00e9pare ses c\u00e9l\u00e8bres galettes de hamburger<\/a>\n                                <\/h3>\n                                \n                                                                    <div class=\"post-excerpt\">\n                                        <p>Aller chez Five Guys pour manger un burger est toujours un plaisir. <\/p>\n                                    <\/div>\n                                                            <\/div>\n                            \n                                                            <div class=\"card-page-callout-thumb\">\n                                    <img decoding=\"async\" width=\"768\" height=\"431\" src=\"https:\/\/www.fiveguys.ch\/wp-content\/uploads\/sites\/34\/2025\/07\/five-guys-burger-prep-768x431.jpg\" class=\"attachment-medium_large size-medium_large wp-post-image\" alt=\"Pr\u00e9paration d&#039;un burger Five Guys\" loading=\"lazy\" srcset=\"https:\/\/www.fiveguys.ch\/wp-content\/uploads\/sites\/34\/2025\/07\/five-guys-burger-prep-768x431.jpg 768w, https:\/\/www.fiveguys.ch\/wp-content\/uploads\/sites\/34\/2025\/07\/five-guys-burger-prep-300x168.jpg 300w, https:\/\/www.fiveguys.ch\/wp-content\/uploads\/sites\/34\/2025\/07\/five-guys-burger-prep.jpg 780w\" sizes=\"auto, (max-width: 768px) 100vw, 768px\" \/>                                <\/div>\n                                                    <\/div>\n                    <\/div>\n                                    <div class=\"l-column-item\">\n                        <div class=\"card-page-callout\">\n                            <div class=\"card-page-callout-content\">\n                                                                    <p class=\"kicker-category\">Mentions dans les m\u00e9dias<\/p>\n                                                                \n                                <h3>\n                                    <a href=\"https:\/\/www.tastingtable.com\/1835066\/five-guys-milkshake-mix-in-combinations\/\">Nous avons go\u00fbt\u00e9 et class\u00e9 les cinq combinaisons de mix-in pr\u00e9f\u00e9r\u00e9es des internautes pour agr\u00e9menter leurs milkshakes Five Guys.<\/a>\n                                <\/h3>\n                                \n                                                                    <div class=\"post-excerpt\">\n                                        <p>Il existe actuellement 10 mix-in aux \u00c9tats-Unis, hors options saisonni\u00e8res, allant du chocolat classique au bacon sal\u00e9.<\/p>\n                                    <\/div>\n                                                            <\/div>\n                            \n                                                            <div class=\"card-page-callout-thumb\">\n                                    <img decoding=\"async\" width=\"768\" height=\"431\" src=\"https:\/\/www.fiveguys.ch\/wp-content\/uploads\/sites\/34\/2025\/04\/favorite-five-guys-milkshake-768x431.jpg\" class=\"attachment-medium_large size-medium_large wp-post-image\" alt=\"Plusieurs milkshakes Five Guys\" loading=\"lazy\" srcset=\"https:\/\/www.fiveguys.ch\/wp-content\/uploads\/sites\/34\/2025\/04\/favorite-five-guys-milkshake-768x431.jpg 768w, https:\/\/www.fiveguys.ch\/wp-content\/uploads\/sites\/34\/2025\/04\/favorite-five-guys-milkshake-300x168.jpg 300w, https:\/\/www.fiveguys.ch\/wp-content\/uploads\/sites\/34\/2025\/04\/favorite-five-guys-milkshake.jpg 780w\" sizes=\"auto, (max-width: 768px) 100vw, 768px\" \/>                                <\/div>\n                                                    <\/div>\n                    <\/div>\n                                    <div class=\"l-column-item\">\n                        <div class=\"card-page-callout\">\n                            <div class=\"card-page-callout-content\">\n                                                                    <p class=\"kicker-category\">Mentions dans les m\u00e9dias<\/p>\n                                                                \n                                <h3>\n                                    <a href=\"https:\/\/www.ladbible.com\/lifestyle\/food-and-drink\/five-guys-why-so-many-fries-854727-20250319\">Le propri\u00e9taire de Five Guys a expliqu\u00e9 la v\u00e9ritable raison pour laquelle ils servent toujours autant de frites \u00e0 leurs clients.<\/a>\n                                <\/h3>\n                                \n                                                                    <div class=\"post-excerpt\">\n                                        <p>Si vous \u00eates le genre de client de fast-food qui fr\u00e9quente Five Guys, vous \u00eates probablement assez ais\u00e9 et \u00e9galement un grand amateur de frites.<\/p>\n                                    <\/div>\n                                                            <\/div>\n                            \n                                                            <div class=\"card-page-callout-thumb\">\n                                    <img decoding=\"async\" width=\"640\" height=\"640\" src=\"https:\/\/www.fiveguys.ch\/wp-content\/uploads\/sites\/34\/2025\/06\/fries-cover.jpg\" class=\"attachment-medium_large size-medium_large wp-post-image\" alt=\"\" loading=\"lazy\" srcset=\"https:\/\/www.fiveguys.ch\/wp-content\/uploads\/sites\/34\/2025\/06\/fries-cover.jpg 640w, https:\/\/www.fiveguys.ch\/wp-content\/uploads\/sites\/34\/2025\/06\/fries-cover-150x150.jpg 150w, https:\/\/www.fiveguys.ch\/wp-content\/uploads\/sites\/34\/2025\/06\/fries-cover-300x300.jpg 300w, https:\/\/www.fiveguys.ch\/wp-content\/uploads\/sites\/34\/2025\/06\/fries-cover-12x12.jpg 12w\" sizes=\"auto, (max-width: 640px) 100vw, 640px\" \/>                                <\/div>\n                                                    <\/div>\n                    <\/div>\n                            <\/div>\n            <\/div>\n<\/div>\n\n\n\n\n<div class=\"wp-block-buttons is-content-justification-center is-layout-flex wp-container-core-buttons-is-layout-16018d1d wp-block-buttons-is-layout-flex\">\n<div class=\"wp-block-button\"><a class=\"wp-block-button__link wp-element-button\" href=\"https:\/\/www.fiveguys.ch\/fr\/news\/category\/mentions-dans-les-medias\/\">Tout afficher Dans l&rsquo;actualit\u00e9<\/a><\/div>\n<\/div>\n<\/div>\n\n\n\n<footer class=\"section-footer section-header--limited\">\n<p><\/p>\n<\/footer>\n<\/div><\/section>\n\n<div class=\"location-card-columns-block wp-block-five-guys-blocks-location-card-columns\" data-comname=\"location-card-columns\">\n    <section class=\"section restaurant-openings-section color-option-1\">\n        <header class=\"section-header\">\n                            <h2 class=\"heading--divider\">Restaurant openings<\/h2>\n                        \n                            <p>Our local Five Guys Operators are full-time, hands-on leaders\u2014 not just in their restaurants but in their communities. Each Five Guys restaurant creates between 80 to 120 jobs. The list below represents the newest of openings!<\/p>\n                    <\/header>\n        \n        <div class=\"wrap wrap--wide\">\n            <div class=\"l-columns l-columns--4\">\n                                    <div class=\"l-column-item\">\n                        <div class=\"card-page-callout\">\n                            <div class=\"card-page-callout-content\">\n                                                                    <h3>Copenhague<\/h3>\n                                                                \n                                                                    <h4>Danemark<\/h4>\n                                                                \n                                                                    <p>2026<\/p>\n                                                            <\/div>\n                        <\/div>\n                    <\/div>\n                                    <div class=\"l-column-item\">\n                        <div class=\"card-page-callout\">\n                            <div class=\"card-page-callout-content\">\n                                                                    <h3>Stockholm<\/h3>\n                                                                \n                                                                    <h4>Su\u00e8de<\/h4>\n                                                                \n                                                                    <p>2026<\/p>\n                                                            <\/div>\n                        <\/div>\n                    <\/div>\n                                    <div class=\"l-column-item\">\n                        <div class=\"card-page-callout\">\n                            <div class=\"card-page-callout-content\">\n                                                                    <h3>Isa Town<\/h3>\n                                                                \n                                                                    <h4>Bahre\u00efn<\/h4>\n                                                                \n                                                                    <p>2026<\/p>\n                                                            <\/div>\n                        <\/div>\n                    <\/div>\n                                    <div class=\"l-column-item\">\n                        <div class=\"card-page-callout\">\n                            <div class=\"card-page-callout-content\">\n                                                                    <h3>V\u00f6sendorf <\/h3>\n                                                                \n                                                                    <h4>Autriche<\/h4>\n                                                                \n                                                                    <p>2026<\/p>\n                                                            <\/div>\n                        <\/div>\n                    <\/div>\n                            <\/div>\n        <\/div>\n    <\/section>\n<\/div>\n\n<div style=\"height:0px\" aria-hidden=\"true\" class=\"wp-block-spacer\"><\/div>\n\n<section class=\"section section--column-page-cards color-option-1\" data-random-border-width=\"98rem\" data-comname=\"section-callout-card-columns\"><div class=\"wrap wrap--normal\">\n<div class=\"l-columns l-columns--2 l-columns--gap-normal l-columns--align-normal\">\n<div class=\"l-column-item\">\n<div class=\"card-page-callout\"><div class=\"card-page-callout-content\">\n<h2 class=\"wp-block-heading\">L\u2019histoire de Five Guys<\/h2>\n\n\n\n<p>Depuis\u00a01986, nous travaillons sans rel\u00e2che pour perfectionner la fabrication des burgers et des frites. D\u00e9couvrez l\u2019histoire \u00e0 l\u2019origine de Five Guys.<\/p>\n\n\n\n<div class=\"wp-block-buttons is-layout-flex wp-block-buttons-is-layout-flex\">\n<div class=\"wp-block-button\"><a class=\"wp-block-button__link wp-element-button\" href=\"https:\/\/www.fiveguys.ch\/our-story\/\">Notre histoire<\/a><\/div>\n<\/div>\n<\/div><div class=\"card-page-callout-thumb\"><img loading=\"lazy\" decoding=\"async\" class=\"wp-image wp-image-1063\" src=\"https:\/\/www.fiveguys.ch\/wp-content\/uploads\/sites\/34\/2025\/07\/7d6e4ccd6a83c643fd3661fc16cde188024cd4e3-about.jpg\" width=\"755\" height=\"458\" alt=\"\" srcset=\"https:\/\/www.fiveguys.ch\/wp-content\/uploads\/sites\/34\/2025\/07\/7d6e4ccd6a83c643fd3661fc16cde188024cd4e3-about.jpg 755w, https:\/\/www.fiveguys.ch\/wp-content\/uploads\/sites\/34\/2025\/07\/7d6e4ccd6a83c643fd3661fc16cde188024cd4e3-about-300x182.jpg 300w, https:\/\/www.fiveguys.ch\/wp-content\/uploads\/sites\/34\/2025\/07\/7d6e4ccd6a83c643fd3661fc16cde188024cd4e3-about-18x12.jpg 18w\" sizes=\"auto, (max-width: 755px) 100vw, 755px\" \/><\/div><\/div>\n<\/div>\n\n\n\n<div class=\"l-column-item\">\n<div class=\"card-page-callout\"><div class=\"card-page-callout-content\">\n<h2 class=\"wp-block-heading\">Derri\u00e8re nos plats<\/h2>\n\n\n\n<p>Des ingr\u00e9dients \u00e0 la pr\u00e9paration, d\u00e9couvrez ce qui fait la magie de Five Guys<\/p>\n\n\n\n<div class=\"wp-block-buttons is-layout-flex wp-block-buttons-is-layout-flex\">\n<div class=\"wp-block-button\"><a class=\"wp-block-button__link wp-element-button\" href=\"https:\/\/www.fiveguys.ch\/fr\/a-propos-de-nos-plats\/\">\u00c0 propos de nos plats<\/a><\/div>\n<\/div>\n<\/div><div class=\"card-page-callout-thumb\"><img loading=\"lazy\" decoding=\"async\" class=\"wp-image wp-image-1369\" src=\"https:\/\/www.fiveguys.ch\/wp-content\/uploads\/sites\/34\/2025\/07\/06_Amy-M-1.jpg\" width=\"661\" height=\"440\" alt=\"\" srcset=\"https:\/\/www.fiveguys.ch\/wp-content\/uploads\/sites\/34\/2025\/07\/06_Amy-M-1.jpg 661w, https:\/\/www.fiveguys.ch\/wp-content\/uploads\/sites\/34\/2025\/07\/06_Amy-M-1-300x200.jpg 300w, https:\/\/www.fiveguys.ch\/wp-content\/uploads\/sites\/34\/2025\/07\/06_Amy-M-1-18x12.jpg 18w\" sizes=\"auto, (max-width: 661px) 100vw, 661px\" \/><\/div><\/div>\n<\/div>\n<\/div>\n<\/div><\/section>\n","protected":false},"excerpt":{"rendered":"","protected":false},"author":6,"featured_media":0,"parent":0,"menu_order":48,"comment_status":"closed","ping_status":"closed","template":"","meta":{"_acf_changed":false,"footnotes":"","_wp_rev_ctl_limit":""},"class_list":["post-4880","page","type-page","status-publish","hentry"],"acf":[],"yoast_head":"<!-- This site is optimized with the Yoast SEO plugin v27.3 - https:\/\/yoast.com\/product\/yoast-seo-wordpress\/ -->\n<title>Actualit\u00e9s &amp; Mises \u00e0 jour | Five Guys<\/title>\n<meta name=\"description\" content=\"Recevez les derni\u00e8res actualit\u00e9s Five Guys, les ouvertures de restaurants et les mises \u00e0 jour \u00e0 travers le pays, directement \u00e0 la source.\" \/>\n<meta name=\"robots\" content=\"index, follow, max-snippet:-1, max-image-preview:large, max-video-preview:-1\" \/>\n<link rel=\"canonical\" href=\"https:\/\/www.fiveguys.ch\/fr\/actualites-mises-a-jour\/\" \/>\n<meta property=\"og:locale\" content=\"fr_FR\" \/>\n<meta property=\"og:type\" content=\"article\" \/>\n<meta property=\"og:title\" content=\"Actualit\u00e9s &amp; Mises \u00e0 jour | Five Guys\" \/>\n<meta property=\"og:description\" content=\"Recevez les derni\u00e8res actualit\u00e9s Five Guys, les ouvertures de restaurants et les mises \u00e0 jour \u00e0 travers le pays, directement \u00e0 la source.\" \/>\n<meta property=\"og:url\" content=\"https:\/\/www.fiveguys.ch\/fr\/actualites-mises-a-jour\/\" \/>\n<meta property=\"og:site_name\" content=\"Five Guys\" \/>\n<meta property=\"article:publisher\" content=\"https:\/\/www.facebook.com\/fiveguys\/\" \/>\n<meta property=\"article:modified_time\" content=\"2026-03-11T21:15:11+00:00\" \/>\n<meta property=\"og:image\" content=\"https:\/\/www.fiveguys.ch\/wp-content\/uploads\/sites\/34\/2025\/07\/7d6e4ccd6a83c643fd3661fc16cde188024cd4e3-about.jpg\" \/>\n<meta name=\"twitter:card\" content=\"summary_large_image\" \/>\n<meta name=\"twitter:site\" content=\"@FiveGuys\" \/>\n<script type=\"application\/ld+json\" class=\"yoast-schema-graph\">{\"@context\":\"https:\\\/\\\/schema.org\",\"@graph\":[{\"@type\":\"WebPage\",\"@id\":\"https:\\\/\\\/www.fiveguys.ch\\\/fr\\\/actualites-mises-a-jour\\\/\",\"url\":\"https:\\\/\\\/www.fiveguys.ch\\\/fr\\\/actualites-mises-a-jour\\\/\",\"name\":\"Actualit\u00e9s &amp; Mises \u00e0 jour | Five Guys\",\"isPartOf\":{\"@id\":\"https:\\\/\\\/www.fiveguys.ch\\\/fr\\\/#website\"},\"primaryImageOfPage\":{\"@id\":\"https:\\\/\\\/www.fiveguys.ch\\\/fr\\\/actualites-mises-a-jour\\\/#primaryimage\"},\"image\":{\"@id\":\"https:\\\/\\\/www.fiveguys.ch\\\/fr\\\/actualites-mises-a-jour\\\/#primaryimage\"},\"thumbnailUrl\":\"https:\\\/\\\/www.fiveguys.ch\\\/wp-content\\\/uploads\\\/sites\\\/34\\\/2025\\\/07\\\/7d6e4ccd6a83c643fd3661fc16cde188024cd4e3-about.jpg\",\"datePublished\":\"2025-04-11T07:32:05+00:00\",\"dateModified\":\"2026-03-11T21:15:11+00:00\",\"description\":\"Recevez les derni\u00e8res actualit\u00e9s Five Guys, les ouvertures de restaurants et les mises \u00e0 jour \u00e0 travers le pays, directement \u00e0 la source.\",\"breadcrumb\":{\"@id\":\"https:\\\/\\\/www.fiveguys.ch\\\/fr\\\/actualites-mises-a-jour\\\/#breadcrumb\"},\"inLanguage\":\"fr-FR\",\"potentialAction\":[{\"@type\":\"ReadAction\",\"target\":[\"https:\\\/\\\/www.fiveguys.ch\\\/fr\\\/actualites-mises-a-jour\\\/\"]}]},{\"@type\":\"ImageObject\",\"inLanguage\":\"fr-FR\",\"@id\":\"https:\\\/\\\/www.fiveguys.ch\\\/fr\\\/actualites-mises-a-jour\\\/#primaryimage\",\"url\":\"https:\\\/\\\/www.fiveguys.ch\\\/wp-content\\\/uploads\\\/sites\\\/34\\\/2025\\\/07\\\/7d6e4ccd6a83c643fd3661fc16cde188024cd4e3-about.jpg\",\"contentUrl\":\"https:\\\/\\\/www.fiveguys.ch\\\/wp-content\\\/uploads\\\/sites\\\/34\\\/2025\\\/07\\\/7d6e4ccd6a83c643fd3661fc16cde188024cd4e3-about.jpg\"},{\"@type\":\"BreadcrumbList\",\"@id\":\"https:\\\/\\\/www.fiveguys.ch\\\/fr\\\/actualites-mises-a-jour\\\/#breadcrumb\",\"itemListElement\":[{\"@type\":\"ListItem\",\"position\":1,\"name\":\"Home\",\"item\":\"https:\\\/\\\/www.fiveguys.ch\\\/fr\\\/\"},{\"@type\":\"ListItem\",\"position\":2,\"name\":\"Actualit\u00e9s &amp; Mises \u00e0 jour\"}]},{\"@type\":\"WebSite\",\"@id\":\"https:\\\/\\\/www.fiveguys.ch\\\/fr\\\/#website\",\"url\":\"https:\\\/\\\/www.fiveguys.ch\\\/fr\\\/\",\"name\":\"Five Guys\",\"description\":\"Fresh Burgers, Fries, Shakes &amp; More!\",\"publisher\":{\"@id\":\"https:\\\/\\\/www.fiveguys.ch\\\/fr\\\/#organization\"},\"potentialAction\":[{\"@type\":\"SearchAction\",\"target\":{\"@type\":\"EntryPoint\",\"urlTemplate\":\"https:\\\/\\\/www.fiveguys.ch\\\/fr\\\/?s={search_term_string}\"},\"query-input\":{\"@type\":\"PropertyValueSpecification\",\"valueRequired\":true,\"valueName\":\"search_term_string\"}}],\"inLanguage\":\"fr-FR\"},{\"@type\":\"Organization\",\"@id\":\"https:\\\/\\\/www.fiveguys.ch\\\/fr\\\/#organization\",\"name\":\"Five Guys Enterprises, LLC\",\"alternateName\":\"Five Guys\",\"url\":\"https:\\\/\\\/www.fiveguys.ch\\\/fr\\\/\",\"logo\":{\"@type\":\"ImageObject\",\"inLanguage\":\"fr-FR\",\"@id\":\"https:\\\/\\\/www.fiveguys.ch\\\/fr\\\/#\\\/schema\\\/logo\\\/image\\\/\",\"url\":\"https:\\\/\\\/www.fiveguys.ch\\\/wp-content\\\/uploads\\\/sites\\\/34\\\/2024\\\/10\\\/favicon.png\",\"contentUrl\":\"https:\\\/\\\/www.fiveguys.ch\\\/wp-content\\\/uploads\\\/sites\\\/34\\\/2024\\\/10\\\/favicon.png\",\"width\":512,\"height\":512,\"caption\":\"Five Guys Enterprises, LLC\"},\"image\":{\"@id\":\"https:\\\/\\\/www.fiveguys.ch\\\/fr\\\/#\\\/schema\\\/logo\\\/image\\\/\"},\"sameAs\":[\"https:\\\/\\\/www.facebook.com\\\/fiveguys\\\/\",\"https:\\\/\\\/x.com\\\/FiveGuys\",\"https:\\\/\\\/open.spotify.com\\\/user\\\/xhjybu9z8yg6jucgxua7dhmqo\",\"https:\\\/\\\/www.instagram.com\\\/fiveguys\\\/\",\"https:\\\/\\\/www.linkedin.com\\\/company\\\/five-guys-enterprises\",\"https:\\\/\\\/www.youtube.com\\\/channel\\\/UCnPsCURqHlcoRt-Vr7nEaEg\"]}]}<\/script>\n<!-- \/ Yoast SEO plugin. -->","yoast_head_json":{"title":"Actualit\u00e9s &amp; Mises \u00e0 jour | Five Guys","description":"Recevez les derni\u00e8res actualit\u00e9s Five Guys, les ouvertures de restaurants et les mises \u00e0 jour \u00e0 travers le pays, directement \u00e0 la source.","robots":{"index":"index","follow":"follow","max-snippet":"max-snippet:-1","max-image-preview":"max-image-preview:large","max-video-preview":"max-video-preview:-1"},"canonical":"https:\/\/www.fiveguys.ch\/fr\/actualites-mises-a-jour\/","og_locale":"fr_FR","og_type":"article","og_title":"Actualit\u00e9s &amp; Mises \u00e0 jour | Five Guys","og_description":"Recevez les derni\u00e8res actualit\u00e9s Five Guys, les ouvertures de restaurants et les mises \u00e0 jour \u00e0 travers le pays, directement \u00e0 la source.","og_url":"https:\/\/www.fiveguys.ch\/fr\/actualites-mises-a-jour\/","og_site_name":"Five Guys","article_publisher":"https:\/\/www.facebook.com\/fiveguys\/","article_modified_time":"2026-03-11T21:15:11+00:00","og_image":[{"url":"https:\/\/www.fiveguys.ch\/wp-content\/uploads\/sites\/34\/2025\/07\/7d6e4ccd6a83c643fd3661fc16cde188024cd4e3-about.jpg","type":"","width":"","height":""}],"twitter_card":"summary_large_image","twitter_site":"@FiveGuys","schema":{"@context":"https:\/\/schema.org","@graph":[{"@type":"WebPage","@id":"https:\/\/www.fiveguys.ch\/fr\/actualites-mises-a-jour\/","url":"https:\/\/www.fiveguys.ch\/fr\/actualites-mises-a-jour\/","name":"Actualit\u00e9s &amp; Mises \u00e0 jour | Five Guys","isPartOf":{"@id":"https:\/\/www.fiveguys.ch\/fr\/#website"},"primaryImageOfPage":{"@id":"https:\/\/www.fiveguys.ch\/fr\/actualites-mises-a-jour\/#primaryimage"},"image":{"@id":"https:\/\/www.fiveguys.ch\/fr\/actualites-mises-a-jour\/#primaryimage"},"thumbnailUrl":"https:\/\/www.fiveguys.ch\/wp-content\/uploads\/sites\/34\/2025\/07\/7d6e4ccd6a83c643fd3661fc16cde188024cd4e3-about.jpg","datePublished":"2025-04-11T07:32:05+00:00","dateModified":"2026-03-11T21:15:11+00:00","description":"Recevez les derni\u00e8res actualit\u00e9s Five Guys, les ouvertures de restaurants et les mises \u00e0 jour \u00e0 travers le pays, directement \u00e0 la source.","breadcrumb":{"@id":"https:\/\/www.fiveguys.ch\/fr\/actualites-mises-a-jour\/#breadcrumb"},"inLanguage":"fr-FR","potentialAction":[{"@type":"ReadAction","target":["https:\/\/www.fiveguys.ch\/fr\/actualites-mises-a-jour\/"]}]},{"@type":"ImageObject","inLanguage":"fr-FR","@id":"https:\/\/www.fiveguys.ch\/fr\/actualites-mises-a-jour\/#primaryimage","url":"https:\/\/www.fiveguys.ch\/wp-content\/uploads\/sites\/34\/2025\/07\/7d6e4ccd6a83c643fd3661fc16cde188024cd4e3-about.jpg","contentUrl":"https:\/\/www.fiveguys.ch\/wp-content\/uploads\/sites\/34\/2025\/07\/7d6e4ccd6a83c643fd3661fc16cde188024cd4e3-about.jpg"},{"@type":"BreadcrumbList","@id":"https:\/\/www.fiveguys.ch\/fr\/actualites-mises-a-jour\/#breadcrumb","itemListElement":[{"@type":"ListItem","position":1,"name":"Home","item":"https:\/\/www.fiveguys.ch\/fr\/"},{"@type":"ListItem","position":2,"name":"Actualit\u00e9s &amp; Mises \u00e0 jour"}]},{"@type":"WebSite","@id":"https:\/\/www.fiveguys.ch\/fr\/#website","url":"https:\/\/www.fiveguys.ch\/fr\/","name":"Five Guys","description":"Fresh Burgers, Fries, Shakes &amp; More!","publisher":{"@id":"https:\/\/www.fiveguys.ch\/fr\/#organization"},"potentialAction":[{"@type":"SearchAction","target":{"@type":"EntryPoint","urlTemplate":"https:\/\/www.fiveguys.ch\/fr\/?s={search_term_string}"},"query-input":{"@type":"PropertyValueSpecification","valueRequired":true,"valueName":"search_term_string"}}],"inLanguage":"fr-FR"},{"@type":"Organization","@id":"https:\/\/www.fiveguys.ch\/fr\/#organization","name":"Five Guys Enterprises, LLC","alternateName":"Five Guys","url":"https:\/\/www.fiveguys.ch\/fr\/","logo":{"@type":"ImageObject","inLanguage":"fr-FR","@id":"https:\/\/www.fiveguys.ch\/fr\/#\/schema\/logo\/image\/","url":"https:\/\/www.fiveguys.ch\/wp-content\/uploads\/sites\/34\/2024\/10\/favicon.png","contentUrl":"https:\/\/www.fiveguys.ch\/wp-content\/uploads\/sites\/34\/2024\/10\/favicon.png","width":512,"height":512,"caption":"Five Guys Enterprises, LLC"},"image":{"@id":"https:\/\/www.fiveguys.ch\/fr\/#\/schema\/logo\/image\/"},"sameAs":["https:\/\/www.facebook.com\/fiveguys\/","https:\/\/x.com\/FiveGuys","https:\/\/open.spotify.com\/user\/xhjybu9z8yg6jucgxua7dhmqo","https:\/\/www.instagram.com\/fiveguys\/","https:\/\/www.linkedin.com\/company\/five-guys-enterprises","https:\/\/www.youtube.com\/channel\/UCnPsCURqHlcoRt-Vr7nEaEg"]}]}},"_links":{"self":[{"href":"https:\/\/www.fiveguys.ch\/fr\/wp-json\/wp\/v2\/pages\/4880","targetHints":{"allow":["GET"]}}],"collection":[{"href":"https:\/\/www.fiveguys.ch\/fr\/wp-json\/wp\/v2\/pages"}],"about":[{"href":"https:\/\/www.fiveguys.ch\/fr\/wp-json\/wp\/v2\/types\/page"}],"author":[{"embeddable":true,"href":"https:\/\/www.fiveguys.ch\/fr\/wp-json\/wp\/v2\/users\/6"}],"replies":[{"embeddable":true,"href":"https:\/\/www.fiveguys.ch\/fr\/wp-json\/wp\/v2\/comments?post=4880"}],"version-history":[{"count":1,"href":"https:\/\/www.fiveguys.ch\/fr\/wp-json\/wp\/v2\/pages\/4880\/revisions"}],"predecessor-version":[{"id":4889,"href":"https:\/\/www.fiveguys.ch\/fr\/wp-json\/wp\/v2\/pages\/4880\/revisions\/4889"}],"wp:attachment":[{"href":"https:\/\/www.fiveguys.ch\/fr\/wp-json\/wp\/v2\/media?parent=4880"}],"curies":[{"name":"wp","href":"https:\/\/api.w.org\/{rel}","templated":true}]}}