
{"id":4874,"date":"2025-05-06T11:11:20","date_gmt":"2025-05-06T09:11:20","guid":{"rendered":"https:\/\/www.fiveguys.ch\/centre-dassistance\/"},"modified":"2026-04-08T16:32:38","modified_gmt":"2026-04-08T14:32:38","slug":"centre-dassistance","status":"publish","type":"page","link":"https:\/\/www.fiveguys.ch\/fr\/centre-dassistance\/","title":{"rendered":"Centre d\u2019assistance"},"content":{"rendered":"\n<div class=\"hero-page-banner-block wp-block-five-guys-blocks-hero-page-banner\" data-comname=\"hero-page-banner\">\n    <header \n        class=\"hero-page-banner section--has-paper-border\"\n        style=\"background-image: url(https:\/\/www.fiveguys.ch\/wp-content\/themes\/five-guys\/assets\/img\/backgrounds\/hero-bkg-pattern.jpg); background-size: cover; background-position: center;\"\n        data-featured-image=\"\"\n        data-random-border-width=\"98rem\"\n    >\n        <div class=\"wrap wrap--wide\">\n                            <h1>SUpport Clients<\/h1>\n                        \n                            <p>Ceci est votre point de r\u00e9f\u00e9rence unique pour les actualit\u00e9s de Five Guys et l\u2019assistance client.<\/p>\n                    <\/div>\n    <\/header>\n<\/div>\n\n\n\n<section class=\"section section--column-page-cards section--small color-option-1\" data-random-border-width=\"98rem\" data-comname=\"section-grid-cta-cards\"><div class=\"wrap wrap--normal\">\n<div class=\"l-columns l-columns--2 l-columns--gap-normal l-columns--align-normal\">\n<div class=\"l-column-item\">\n<div class=\"card-menu-category\" data-thru-link=\"\"><div class=\"card-menu-category-inner\"><div class=\"card-menu-category-content\">\n<h3 class=\"wp-block-heading has-text-align-center\">Nous contacter<\/h3>\n\n\n\n<p class=\"has-text-align-center\">Des questions&nbsp;? Des commentaires&nbsp;? Nous aimerions conna\u00eetre votre avis.\u2028<\/p>\n\n\n\n<div class=\"wp-block-buttons is-content-justification-center is-layout-flex wp-container-core-buttons-is-layout-16018d1d wp-block-buttons-is-layout-flex\">\n<div class=\"wp-block-button\"><a class=\"wp-block-button__link wp-element-button\" href=\"https:\/\/www.fiveguys.ch\/fr\/centre-dassistance\/nous-contacter\/\">Prendre contact<\/a><\/div>\n<\/div>\n<\/div><\/div><\/div>\n<\/div>\n\n\n\n<div class=\"l-column-item\">\n<div class=\"card-menu-category\" data-thru-link=\"\"><div class=\"card-menu-category-inner\"><div class=\"card-menu-category-content\">\n<h3 class=\"wp-block-heading has-text-align-center\">FAQ<\/h3>\n\n\n\n<p class=\"has-text-align-center\">Vous avez des questions&nbsp;? Nous sommes l\u00e0 pour vous.<\/p>\n\n\n\n<div class=\"wp-block-buttons is-content-justification-center is-layout-flex wp-container-core-buttons-is-layout-16018d1d wp-block-buttons-is-layout-flex\">\n<div class=\"wp-block-button\"><a class=\"wp-block-button__link wp-element-button\" href=\"https:\/\/www.fiveguys.ch\/fr\/centre-dassistance\/faq\/\">voir toutes les FAQ<\/a><\/div>\n<\/div>\n<\/div><\/div><\/div>\n<\/div>\n<\/div>\n<\/div><\/section>\n\n\n\n<section class=\"section section--column-page-cards color-option-2\" data-random-border-width=\"98rem\" data-comname=\"section-callout-card-columns\"><div class=\"wrap wrap--normal\">\n<div class=\"l-columns l-columns--2 l-columns--gap-normal l-columns--align-normal\">\n<div class=\"l-column-item\">\n<div class=\"card-page-callout\"><div class=\"card-page-callout-content\">\n<h2 class=\"wp-block-heading\">Assistance pour<\/h2>\n\n\n\n<p>Ce qui a commenc\u00e9 avec cinq restaurants en compte aujourd&rsquo;hui 1 900, et ce n&rsquo;est pas fini. Saisissez l&rsquo;opportunit\u00e9 de grandir avec nous.<\/p>\n\n\n\n<div class=\"wp-block-buttons is-layout-flex wp-block-buttons-is-layout-flex\">\n<div class=\"wp-block-button\"><a class=\"wp-block-button__link wp-element-button\" href=\"https:\/\/www.fiveguys.ch\/fr\/centre-dassistance\/rejoignez-nos-franchises\/\">franchise<\/a><\/div>\n<\/div>\n<\/div><div class=\"card-page-callout-thumb\"><img loading=\"lazy\" decoding=\"async\" class=\"wp-image wp-image-1312\" src=\"https:\/\/www.fiveguys.ch\/wp-content\/uploads\/sites\/34\/2025\/07\/02-realestate.jpg\" width=\"666\" height=\"400\" alt=\"\" srcset=\"https:\/\/www.fiveguys.ch\/wp-content\/uploads\/sites\/34\/2025\/07\/02-realestate.jpg 666w, https:\/\/www.fiveguys.ch\/wp-content\/uploads\/sites\/34\/2025\/07\/02-realestate-300x180.jpg 300w, https:\/\/www.fiveguys.ch\/wp-content\/uploads\/sites\/34\/2025\/07\/02-realestate-18x12.jpg 18w\" sizes=\"auto, (max-width: 666px) 100vw, 666px\" \/><\/div><\/div>\n<\/div>\n\n\n\n<div class=\"l-column-item\">\n<div class=\"card-page-callout\"><div class=\"card-page-callout-content\">\n<h2 class=\"wp-block-heading\">Immobilier<\/h2>\n\n\n\n<p>Pr\u00e9sents dans plus de 29 pays \u00e0 travers le monde, nous sommes toujours \u00e0 la recherche de nouveaux emplacements pour \u00e9tendre la pr\u00e9sence de Five Guys.<\/p>\n\n\n\n<div class=\"wp-block-buttons is-layout-flex wp-block-buttons-is-layout-flex\">\n<div class=\"wp-block-button\"><a class=\"wp-block-button__link wp-element-button\" href=\"https:\/\/www.fiveguys.ch\/fr\/centre-dassistance\/immobilier\/\">immobilier<\/a><\/div>\n<\/div>\n<\/div><div class=\"card-page-callout-thumb\"><img loading=\"lazy\" decoding=\"async\" class=\"wp-image wp-image-2395\" src=\"https:\/\/media.fiveguys.com\/us\/2025\/08\/473556027-5e7955ce-c04b-4a1e-90d9-136633c8846a.jpg\" width=\"675\" height=\"405\" alt=\"\" srcset=\"https:\/\/www.fiveguys.ch\/wp-content\/uploads\/sites\/34\/2025\/08\/473556027-5e7955ce-c04b-4a1e-90d9-136633c8846a.jpg 675w, https:\/\/www.fiveguys.ch\/wp-content\/uploads\/sites\/34\/2025\/08\/473556027-5e7955ce-c04b-4a1e-90d9-136633c8846a-300x180.jpg 300w\" sizes=\"auto, (max-width: 675px) 100vw, 675px\" \/><\/div><\/div>\n<\/div>\n<\/div>\n<\/div><\/section>\n\n\n\n<section class=\"section section--content section--medium color-option-1 section--has-paper-border is-style-default\" data-random-border-width=\"98rem\" data-comname=\"section-content\"><div class=\"wrap wrap--limited\">\n<header class=\"section-header section-header--limited\">\n<h3 class=\"wp-block-heading\">Questions les plus fr\u00e9quentes<\/h3>\n<\/header>\n\n\n\n<div class=\"content-stack\">\n<div class=\"faqs-by-category-block wp-block-five-guys-blocks-faqs-by-category\">\n            <div class=\"js-accordion accordion-block\"\n            role=\"group\"\n            aria-label=\"Nous contacter, Questions fr\u00e9quentes (FAQ).\">\n                                            \n                <h3 class=\"accordion-title\">\n                    <button type=\"button\">Comment puis-je r\u00e9pondre \u00e0 une enqu\u00eate de satisfaction\u00a0?<\/button>\n                <\/h3>\n                \n                <div class=\"accordion-content\">\n                    <div class=\"content-stack\">\n                                                    Vous pouvez remplir notre enqu\u00eate de satisfation en vous rendant sur cette page. Bien que cela ne soit pas obligatoire, il est utile d&rsquo;avoir votre re\u00e7u \u00e0 port\u00e9e de main.                                            <\/div>\n                <\/div>\n                \n                                            \n                <h3 class=\"accordion-title\">\n                    <button type=\"button\">Puis-je vous envoyer une belle photo de Five Guys ou de ma visite\u00a0?<\/button>\n                <\/h3>\n                \n                <div class=\"accordion-content\">\n                    <div class=\"content-stack\">\n                                                    Absolument\u00a0! Nous aimons voir nos clients appr\u00e9cier nos plats.\n\nIl suffit de nous mentionner dans une publication sur les r\u00e9seaux sociaux. Nous sommes pr\u00e9sents sur Instagram, TikTok et Facebook. Ou n&rsquo;h\u00e9sitez pas \u00e0 envoyer vos photos \u00e0 marketing@fiveguys.com                                            <\/div>\n                <\/div>\n                \n                    <\/div>\n    <\/div>\n\n<\/div>\n\n\n\n<footer class=\"section-footer section-header--limited\">\n<div class=\"wp-block-buttons is-content-justification-center is-layout-flex wp-container-core-buttons-is-layout-16018d1d wp-block-buttons-is-layout-flex\">\n<div class=\"wp-block-button is-style-outline is-style-outline--1\"><a class=\"wp-block-button__link wp-element-button\" href=\"https:\/\/www.fiveguys.ch\/fr\/centre-dassistance\/faq\/\">VOIR TOUTES LES FAQ<\/a><\/div>\n<\/div>\n<\/footer>\n<\/div><\/section>\n","protected":false},"excerpt":{"rendered":"","protected":false},"author":2,"featured_media":0,"parent":0,"menu_order":53,"comment_status":"closed","ping_status":"closed","template":"","meta":{"_acf_changed":false,"footnotes":"","_wp_rev_ctl_limit":""},"class_list":["post-4874","page","type-page","status-publish","hentry"],"acf":[],"yoast_head":"<!-- This site is optimized with the Yoast SEO plugin v27.3 - https:\/\/yoast.com\/product\/yoast-seo-wordpress\/ -->\n<title>Centre d\u2019assistance | Five Guys<\/title>\n<meta name=\"description\" content=\"Trouvez les r\u00e9ponses aux questions les plus courantes, contactez le service client, acc\u00e9dez aux informations de presse, ou renseignez-vous sur les opportunit\u00e9s immobili\u00e8res avec Five Guys.\" \/>\n<meta name=\"robots\" content=\"index, follow, max-snippet:-1, max-image-preview:large, max-video-preview:-1\" \/>\n<link rel=\"canonical\" href=\"https:\/\/www.fiveguys.ch\/fr\/centre-dassistance\/\" \/>\n<meta property=\"og:locale\" content=\"fr_FR\" \/>\n<meta property=\"og:type\" content=\"article\" \/>\n<meta property=\"og:title\" content=\"Centre d\u2019assistance | Five Guys\" \/>\n<meta property=\"og:description\" content=\"Trouvez les r\u00e9ponses aux questions les plus courantes, contactez le service client, acc\u00e9dez aux informations de presse, ou renseignez-vous sur les opportunit\u00e9s immobili\u00e8res avec Five Guys.\" \/>\n<meta property=\"og:url\" content=\"https:\/\/www.fiveguys.ch\/fr\/centre-dassistance\/\" \/>\n<meta property=\"og:site_name\" content=\"Five Guys\" \/>\n<meta property=\"article:publisher\" content=\"https:\/\/www.facebook.com\/fiveguys\/\" \/>\n<meta property=\"article:modified_time\" content=\"2026-04-08T14:32:38+00:00\" \/>\n<meta property=\"og:image\" content=\"https:\/\/www.fiveguys.ch\/wp-content\/uploads\/sites\/34\/2025\/07\/02-realestate.jpg\" \/>\n\t<meta property=\"og:image:width\" content=\"666\" \/>\n\t<meta property=\"og:image:height\" content=\"400\" \/>\n\t<meta property=\"og:image:type\" content=\"image\/jpeg\" \/>\n<meta name=\"twitter:card\" content=\"summary_large_image\" \/>\n<meta name=\"twitter:site\" content=\"@FiveGuys\" \/>\n<script type=\"application\/ld+json\" class=\"yoast-schema-graph\">{\"@context\":\"https:\\\/\\\/schema.org\",\"@graph\":[{\"@type\":\"WebPage\",\"@id\":\"https:\\\/\\\/www.fiveguys.ch\\\/fr\\\/centre-dassistance\\\/\",\"url\":\"https:\\\/\\\/www.fiveguys.ch\\\/fr\\\/centre-dassistance\\\/\",\"name\":\"Centre d\u2019assistance | Five Guys\",\"isPartOf\":{\"@id\":\"https:\\\/\\\/www.fiveguys.ch\\\/fr\\\/#website\"},\"primaryImageOfPage\":{\"@id\":\"https:\\\/\\\/www.fiveguys.ch\\\/fr\\\/centre-dassistance\\\/#primaryimage\"},\"image\":{\"@id\":\"https:\\\/\\\/www.fiveguys.ch\\\/fr\\\/centre-dassistance\\\/#primaryimage\"},\"thumbnailUrl\":\"https:\\\/\\\/www.fiveguys.ch\\\/wp-content\\\/uploads\\\/sites\\\/34\\\/2025\\\/07\\\/02-realestate.jpg\",\"datePublished\":\"2025-05-06T09:11:20+00:00\",\"dateModified\":\"2026-04-08T14:32:38+00:00\",\"description\":\"Trouvez les r\u00e9ponses aux questions les plus courantes, contactez le service client, acc\u00e9dez aux informations de presse, ou renseignez-vous sur les opportunit\u00e9s immobili\u00e8res avec Five Guys.\",\"breadcrumb\":{\"@id\":\"https:\\\/\\\/www.fiveguys.ch\\\/fr\\\/centre-dassistance\\\/#breadcrumb\"},\"inLanguage\":\"fr-FR\",\"potentialAction\":[{\"@type\":\"ReadAction\",\"target\":[\"https:\\\/\\\/www.fiveguys.ch\\\/fr\\\/centre-dassistance\\\/\"]}]},{\"@type\":\"ImageObject\",\"inLanguage\":\"fr-FR\",\"@id\":\"https:\\\/\\\/www.fiveguys.ch\\\/fr\\\/centre-dassistance\\\/#primaryimage\",\"url\":\"https:\\\/\\\/www.fiveguys.ch\\\/wp-content\\\/uploads\\\/sites\\\/34\\\/2025\\\/07\\\/02-realestate.jpg\",\"contentUrl\":\"https:\\\/\\\/www.fiveguys.ch\\\/wp-content\\\/uploads\\\/sites\\\/34\\\/2025\\\/07\\\/02-realestate.jpg\"},{\"@type\":\"BreadcrumbList\",\"@id\":\"https:\\\/\\\/www.fiveguys.ch\\\/fr\\\/centre-dassistance\\\/#breadcrumb\",\"itemListElement\":[{\"@type\":\"ListItem\",\"position\":1,\"name\":\"Home\",\"item\":\"https:\\\/\\\/www.fiveguys.ch\\\/fr\\\/\"},{\"@type\":\"ListItem\",\"position\":2,\"name\":\"Centre d\u2019assistance\"}]},{\"@type\":\"WebSite\",\"@id\":\"https:\\\/\\\/www.fiveguys.ch\\\/fr\\\/#website\",\"url\":\"https:\\\/\\\/www.fiveguys.ch\\\/fr\\\/\",\"name\":\"Five Guys\",\"description\":\"Fresh Burgers, Fries, Shakes &amp; More!\",\"publisher\":{\"@id\":\"https:\\\/\\\/www.fiveguys.ch\\\/fr\\\/#organization\"},\"potentialAction\":[{\"@type\":\"SearchAction\",\"target\":{\"@type\":\"EntryPoint\",\"urlTemplate\":\"https:\\\/\\\/www.fiveguys.ch\\\/fr\\\/?s={search_term_string}\"},\"query-input\":{\"@type\":\"PropertyValueSpecification\",\"valueRequired\":true,\"valueName\":\"search_term_string\"}}],\"inLanguage\":\"fr-FR\"},{\"@type\":\"Organization\",\"@id\":\"https:\\\/\\\/www.fiveguys.ch\\\/fr\\\/#organization\",\"name\":\"Five Guys Enterprises, LLC\",\"alternateName\":\"Five Guys\",\"url\":\"https:\\\/\\\/www.fiveguys.ch\\\/fr\\\/\",\"logo\":{\"@type\":\"ImageObject\",\"inLanguage\":\"fr-FR\",\"@id\":\"https:\\\/\\\/www.fiveguys.ch\\\/fr\\\/#\\\/schema\\\/logo\\\/image\\\/\",\"url\":\"https:\\\/\\\/www.fiveguys.ch\\\/wp-content\\\/uploads\\\/sites\\\/34\\\/2024\\\/10\\\/favicon.png\",\"contentUrl\":\"https:\\\/\\\/www.fiveguys.ch\\\/wp-content\\\/uploads\\\/sites\\\/34\\\/2024\\\/10\\\/favicon.png\",\"width\":512,\"height\":512,\"caption\":\"Five Guys Enterprises, LLC\"},\"image\":{\"@id\":\"https:\\\/\\\/www.fiveguys.ch\\\/fr\\\/#\\\/schema\\\/logo\\\/image\\\/\"},\"sameAs\":[\"https:\\\/\\\/www.facebook.com\\\/fiveguys\\\/\",\"https:\\\/\\\/x.com\\\/FiveGuys\",\"https:\\\/\\\/open.spotify.com\\\/user\\\/xhjybu9z8yg6jucgxua7dhmqo\",\"https:\\\/\\\/www.instagram.com\\\/fiveguys\\\/\",\"https:\\\/\\\/www.linkedin.com\\\/company\\\/five-guys-enterprises\",\"https:\\\/\\\/www.youtube.com\\\/channel\\\/UCnPsCURqHlcoRt-Vr7nEaEg\"]}]}<\/script>\n<!-- \/ Yoast SEO plugin. -->","yoast_head_json":{"title":"Centre d\u2019assistance | Five Guys","description":"Trouvez les r\u00e9ponses aux questions les plus courantes, contactez le service client, acc\u00e9dez aux informations de presse, ou renseignez-vous sur les opportunit\u00e9s immobili\u00e8res avec Five Guys.","robots":{"index":"index","follow":"follow","max-snippet":"max-snippet:-1","max-image-preview":"max-image-preview:large","max-video-preview":"max-video-preview:-1"},"canonical":"https:\/\/www.fiveguys.ch\/fr\/centre-dassistance\/","og_locale":"fr_FR","og_type":"article","og_title":"Centre d\u2019assistance | Five Guys","og_description":"Trouvez les r\u00e9ponses aux questions les plus courantes, contactez le service client, acc\u00e9dez aux informations de presse, ou renseignez-vous sur les opportunit\u00e9s immobili\u00e8res avec Five Guys.","og_url":"https:\/\/www.fiveguys.ch\/fr\/centre-dassistance\/","og_site_name":"Five Guys","article_publisher":"https:\/\/www.facebook.com\/fiveguys\/","article_modified_time":"2026-04-08T14:32:38+00:00","og_image":[{"width":666,"height":400,"url":"https:\/\/www.fiveguys.ch\/wp-content\/uploads\/sites\/34\/2025\/07\/02-realestate.jpg","type":"image\/jpeg"}],"twitter_card":"summary_large_image","twitter_site":"@FiveGuys","schema":{"@context":"https:\/\/schema.org","@graph":[{"@type":"WebPage","@id":"https:\/\/www.fiveguys.ch\/fr\/centre-dassistance\/","url":"https:\/\/www.fiveguys.ch\/fr\/centre-dassistance\/","name":"Centre d\u2019assistance | Five Guys","isPartOf":{"@id":"https:\/\/www.fiveguys.ch\/fr\/#website"},"primaryImageOfPage":{"@id":"https:\/\/www.fiveguys.ch\/fr\/centre-dassistance\/#primaryimage"},"image":{"@id":"https:\/\/www.fiveguys.ch\/fr\/centre-dassistance\/#primaryimage"},"thumbnailUrl":"https:\/\/www.fiveguys.ch\/wp-content\/uploads\/sites\/34\/2025\/07\/02-realestate.jpg","datePublished":"2025-05-06T09:11:20+00:00","dateModified":"2026-04-08T14:32:38+00:00","description":"Trouvez les r\u00e9ponses aux questions les plus courantes, contactez le service client, acc\u00e9dez aux informations de presse, ou renseignez-vous sur les opportunit\u00e9s immobili\u00e8res avec Five Guys.","breadcrumb":{"@id":"https:\/\/www.fiveguys.ch\/fr\/centre-dassistance\/#breadcrumb"},"inLanguage":"fr-FR","potentialAction":[{"@type":"ReadAction","target":["https:\/\/www.fiveguys.ch\/fr\/centre-dassistance\/"]}]},{"@type":"ImageObject","inLanguage":"fr-FR","@id":"https:\/\/www.fiveguys.ch\/fr\/centre-dassistance\/#primaryimage","url":"https:\/\/www.fiveguys.ch\/wp-content\/uploads\/sites\/34\/2025\/07\/02-realestate.jpg","contentUrl":"https:\/\/www.fiveguys.ch\/wp-content\/uploads\/sites\/34\/2025\/07\/02-realestate.jpg"},{"@type":"BreadcrumbList","@id":"https:\/\/www.fiveguys.ch\/fr\/centre-dassistance\/#breadcrumb","itemListElement":[{"@type":"ListItem","position":1,"name":"Home","item":"https:\/\/www.fiveguys.ch\/fr\/"},{"@type":"ListItem","position":2,"name":"Centre d\u2019assistance"}]},{"@type":"WebSite","@id":"https:\/\/www.fiveguys.ch\/fr\/#website","url":"https:\/\/www.fiveguys.ch\/fr\/","name":"Five Guys","description":"Fresh Burgers, Fries, Shakes &amp; More!","publisher":{"@id":"https:\/\/www.fiveguys.ch\/fr\/#organization"},"potentialAction":[{"@type":"SearchAction","target":{"@type":"EntryPoint","urlTemplate":"https:\/\/www.fiveguys.ch\/fr\/?s={search_term_string}"},"query-input":{"@type":"PropertyValueSpecification","valueRequired":true,"valueName":"search_term_string"}}],"inLanguage":"fr-FR"},{"@type":"Organization","@id":"https:\/\/www.fiveguys.ch\/fr\/#organization","name":"Five Guys Enterprises, LLC","alternateName":"Five Guys","url":"https:\/\/www.fiveguys.ch\/fr\/","logo":{"@type":"ImageObject","inLanguage":"fr-FR","@id":"https:\/\/www.fiveguys.ch\/fr\/#\/schema\/logo\/image\/","url":"https:\/\/www.fiveguys.ch\/wp-content\/uploads\/sites\/34\/2024\/10\/favicon.png","contentUrl":"https:\/\/www.fiveguys.ch\/wp-content\/uploads\/sites\/34\/2024\/10\/favicon.png","width":512,"height":512,"caption":"Five Guys Enterprises, LLC"},"image":{"@id":"https:\/\/www.fiveguys.ch\/fr\/#\/schema\/logo\/image\/"},"sameAs":["https:\/\/www.facebook.com\/fiveguys\/","https:\/\/x.com\/FiveGuys","https:\/\/open.spotify.com\/user\/xhjybu9z8yg6jucgxua7dhmqo","https:\/\/www.instagram.com\/fiveguys\/","https:\/\/www.linkedin.com\/company\/five-guys-enterprises","https:\/\/www.youtube.com\/channel\/UCnPsCURqHlcoRt-Vr7nEaEg"]}]}},"_links":{"self":[{"href":"https:\/\/www.fiveguys.ch\/fr\/wp-json\/wp\/v2\/pages\/4874","targetHints":{"allow":["GET"]}}],"collection":[{"href":"https:\/\/www.fiveguys.ch\/fr\/wp-json\/wp\/v2\/pages"}],"about":[{"href":"https:\/\/www.fiveguys.ch\/fr\/wp-json\/wp\/v2\/types\/page"}],"author":[{"embeddable":true,"href":"https:\/\/www.fiveguys.ch\/fr\/wp-json\/wp\/v2\/users\/2"}],"replies":[{"embeddable":true,"href":"https:\/\/www.fiveguys.ch\/fr\/wp-json\/wp\/v2\/comments?post=4874"}],"version-history":[{"count":2,"href":"https:\/\/www.fiveguys.ch\/fr\/wp-json\/wp\/v2\/pages\/4874\/revisions"}],"predecessor-version":[{"id":5557,"href":"https:\/\/www.fiveguys.ch\/fr\/wp-json\/wp\/v2\/pages\/4874\/revisions\/5557"}],"wp:attachment":[{"href":"https:\/\/www.fiveguys.ch\/fr\/wp-json\/wp\/v2\/media?parent=4874"}],"curies":[{"name":"wp","href":"https:\/\/api.w.org\/{rel}","templated":true}]}}