
{"id":4865,"date":"2025-09-05T06:40:54","date_gmt":"2025-09-05T04:40:54","guid":{"rendered":"https:\/\/www.fiveguys.ch\/carriere\/"},"modified":"2026-03-11T22:13:44","modified_gmt":"2026-03-11T21:13:44","slug":"carriere","status":"publish","type":"page","link":"https:\/\/www.fiveguys.ch\/fr\/carriere\/","title":{"rendered":"Carri\u00e8re"},"content":{"rendered":"\n<header class=\"hero-media-banner hero-media-banner--media-overlay hero-media-banner--media-fit-cover hero-media-banner--media-align-center hero-media-banner--bkg-red section--has-paper-border\" data-random-border-width=\"98rem\" data-comname=\"hero-media-banner\"><div class=\"wrap wrap--wide\"><div class=\"l-media-banner\"><div class=\"l-media-banner-body\">\n<header class=\"hero-header section-header--limited\">\n<h1 class=\"wp-block-heading is-style-heading-shadow--red\">Five Guys<br\/>Carri\u00e8re<\/h1>\n<\/header>\n\n\n\n<div class=\"hero-content\">\n<p>Le succ\u00e8s de Five Guys ne serait pas possible sans nos formidables \u00e9quipiers. B\u00e2tissez une carri\u00e8re \u00e9panouissante avec une \u00e9quipe passionn\u00e9e par le travail, les burgers et le plaisir de travailler ensemble.<\/p>\n<\/div>\n<\/div><\/div><\/div><div class=\"l-media-banner-bkg\"><div class=\"hero-media-banner-bkg\"><img loading=\"lazy\" decoding=\"async\" class=\"hero-media-banner-bkg-image--desktop wp-image wp-image-2872\" src=\"https:\/\/www.fiveguys.ch\/wp-content\/uploads\/sites\/34\/2025\/09\/fg-career-hero-intl.jpg\" width=\"1500\" height=\"1059\" alt=\"\" srcset=\"https:\/\/www.fiveguys.ch\/wp-content\/uploads\/sites\/34\/2025\/09\/fg-career-hero-intl.jpg 1500w, https:\/\/www.fiveguys.ch\/wp-content\/uploads\/sites\/34\/2025\/09\/fg-career-hero-intl-300x212.jpg 300w, https:\/\/www.fiveguys.ch\/wp-content\/uploads\/sites\/34\/2025\/09\/fg-career-hero-intl-1024x723.jpg 1024w, https:\/\/www.fiveguys.ch\/wp-content\/uploads\/sites\/34\/2025\/09\/fg-career-hero-intl-768x542.jpg 768w\" sizes=\"auto, (max-width: 1500px) 100vw, 1500px\" \/><img loading=\"lazy\" decoding=\"async\" class=\"hero-media-banner-bkg-image--mobile wp-image wp-image-2877\" src=\"https:\/\/www.fiveguys.ch\/wp-content\/uploads\/sites\/34\/2025\/09\/fg-hero-thumb.jpg\" width=\"390\" height=\"252\" alt=\"\" srcset=\"https:\/\/www.fiveguys.ch\/wp-content\/uploads\/sites\/34\/2025\/09\/fg-hero-thumb.jpg 390w, https:\/\/www.fiveguys.ch\/wp-content\/uploads\/sites\/34\/2025\/09\/fg-hero-thumb-300x194.jpg 300w\" sizes=\"auto, (max-width: 390px) 100vw, 390px\" \/><\/div><\/div><button type=\"button\" class=\"hero-button-down\"><svg fill=\"none\" height=\"56\" viewBox=\"0 0 56 56\" width=\"56\" xmlns=\"http:\/\/www.w3.org\/2000\/svg\"><circle cx=\"28\" cy=\"28\" fill=\"#d21033\" r=\"28\"><\/circle><g fill=\"#fff\"><path d=\"m37.4376 18.379c-.4833-.5053-1.2668-.5053-1.7501 0l-7.7873 8.1415-7.7876-8.1415c-.4833-.5053-1.2668-.5053-1.7501 0s-.4833 1.3243 0 1.8296l8.6625 9.0563c.2416.2525.5584.3788.8752.3788s.6333-.1263.8749-.3788l8.6625-9.0563c.4833-.5053.4833-1.3243 0-1.8296z\"><\/path><path d=\"m37.4376 29.379c-.4833-.5053-1.2668-.5053-1.7501 0l-7.7873 8.1415-7.7876-8.1415c-.4833-.5053-1.2668-.5053-1.7501 0s-.4833 1.3243 0 1.8296l8.6625 9.0563c.2416.2525.5584.3788.8752.3788s.6333-.1263.8749-.3788l8.6625-9.0563c.4833-.5053.4833-1.3243 0-1.8296z\"><\/path><\/g><\/svg><span class=\"vh\">Scroll Down<\/span><\/button><\/header>\n\n<section class=\"section section--content section--medium is-footer-disabled color-option-0\" data-random-border-width=\"98rem\" data-comname=\"section-content\"><div class=\"wrap wrap--limited\">\n<header class=\"section-header section-header--limited\">\n<h2 class=\"wp-block-heading has-text-align-center is-style-heading--divider\">Nous recrutons<\/h2>\n<\/header>\n\n\n\n<div class=\"content-stack\">\n<p class=\"has-text-align-center is-style-text-large\">Vous souhaitez rejoindre l&rsquo;\u00e9quipe Five Guys\u00a0? Envoyez-nous votre CV et une br\u00e8ve lettre de motivation par e-mail. Si votre profil correspond, nous vous contacterons pour vous informer des postes vacants.<\/p>\n\n\n\n<div class=\"wp-block-buttons is-content-justification-center is-layout-flex wp-container-core-buttons-is-layout-16018d1d wp-block-buttons-is-layout-flex\">\n<div class=\"wp-block-button is-style-button--email-icon\"><a class=\"wp-block-button__link has-text-align-center wp-element-button\" href=\"mailto:jobs@fiveguys.ch\">Contactez-nous<\/a><\/div>\n<\/div>\n<\/div>\n\n\n\n<footer class=\"section-footer section-header--limited\">\n<p><\/p>\n<\/footer>\n<\/div><\/section>\n\n<section class=\"section section--column-content section--medium is-header-disabled is-footer-disabled color-option-0\" data-random-border-width=\"98rem\" data-comname=\"section-content-columns\"><div class=\"wrap wrap--wide\">\n<header class=\"section-header section-header--limited\">\n<h2 class=\"wp-block-heading\"><\/h2>\n<\/header>\n\n\n\n<div class=\"l-columns l-columns--4 l-columns--gap-normal l-columns--align-normal is-style-has-dividers\">\n<div class=\"l-column-item\">\n<div class=\"content-stack\">\n<figure class=\"wp-block-image size-large\"><img loading=\"lazy\" decoding=\"async\" width=\"57\" height=\"64\" src=\"https:\/\/www.fiveguys.ch\/wp-content\/uploads\/sites\/34\/2025\/09\/Vector1-1.svg\" alt=\"\" class=\"wp-image-3178\"\/><\/figure>\n\n\n\n<h3 class=\"wp-block-heading is-style-color-red\">Horaires flexibles<\/h3>\n\n\n\n<p>Les employ\u00e9s peuvent organiser leur emploi du temps en fonction de leur vie.<\/p>\n<\/div>\n<\/div>\n\n\n\n<div class=\"l-column-item\">\n<div class=\"content-stack\">\n<figure class=\"wp-block-image size-large\"><img loading=\"lazy\" decoding=\"async\" width=\"71\" height=\"70\" src=\"https:\/\/www.fiveguys.ch\/wp-content\/uploads\/sites\/34\/2025\/09\/Group-422.svg\" alt=\"\" class=\"wp-image-3176\"\/><\/figure>\n\n\n\n<h3 class=\"wp-block-heading is-style-color-red\">Marge de progression<\/h3>\n\n\n\n<p>Nous cherchons toujours \u00e0 promouvoir en interne<\/p>\n<\/div>\n<\/div>\n\n\n\n<div class=\"l-column-item\">\n<div class=\"content-stack\">\n<figure class=\"wp-block-image size-large\"><img loading=\"lazy\" decoding=\"async\" width=\"65\" height=\"64\" src=\"https:\/\/www.fiveguys.ch\/wp-content\/uploads\/sites\/34\/2025\/09\/bonus.svg\" alt=\"\" class=\"wp-image-3174\"\/><\/figure>\n\n\n\n<h3 class=\"wp-block-heading is-style-color-red\">Primes hebdomadaires<\/h3>\n\n\n\n<p>Les employ\u00e9s peuvent recevoir des primes hebdomadaires.<\/p>\n<\/div>\n<\/div>\n\n\n\n<div class=\"l-column-item\">\n<div class=\"content-stack\">\n<figure class=\"wp-block-image size-large\"><img loading=\"lazy\" decoding=\"async\" width=\"52\" height=\"67\" src=\"https:\/\/www.fiveguys.ch\/wp-content\/uploads\/sites\/34\/2025\/09\/Vector2.svg\" alt=\"\" class=\"wp-image-3173\"\/><\/figure>\n\n\n\n<h3 class=\"wp-block-heading is-style-color-red\">Jeux Five Guys<\/h3>\n\n\n\n<p>Un tournoi mondial au cours duquel vous pouvez d\u00e9montrer vos comp\u00e9tences et gagner de l\u2019argent. Du grill \u00e0 la gloire\u00a0!<\/p>\n<\/div>\n<\/div>\n<\/div>\n\n\n\n<footer class=\"section-footer section-header--limited\">\n<p><\/p>\n<\/footer>\n<\/div><\/section>\n\n<section class=\"section section--block-group section--medium color-option-0 section--no-top-padding section--no-bottom-padding\" data-random-border-width=\"98rem\">\n<header class=\"section-header section-header--limited\"><\/header>\n\n\n\n<div class=\"section-blocks\">\n<section class=\"section section--split-media color-option-0 section--small\" data-comname=\"section-split-media-content\"><div class=\"wrap wrap--normal\"><div class=\"l-split-media l-split-media--start\"><div class=\"l-split-media-item l-split-media-item--content\"><div class=\"split-content-wrap color-option-1\">\n<div class=\"content-stack\">\n<h2 class=\"wp-block-heading\">Travailler pour \u2028five guys<\/h2>\n\n\n\n<p>La philosophie de Five Guys est simple\u00a0: des burgers et des frites d\u2019excellente qualit\u00e9 pr\u00e9par\u00e9s dans un restaurant propre, tenu par un personnel amical. La r\u00e9ussite de ces principes essentiels d\u00e9pend des membres de nos \u00e9quipes, et c\u2019est la raison pour laquelle nous voulons que nos employ\u00e9s soient fiers de faire partie de l\u2019entreprise et ressentent un sentiment d\u2019appartenance \u00e0 son \u00e9gard. Et cela ne fait pas de mal si en plus ils y prennent du plaisir\u00a0?<\/p>\n<\/div>\n<\/div><\/div><div class=\"l-split-media-item l-split-media-item--graphic\"><img loading=\"lazy\" decoding=\"async\" class=\"split-media-feature-image split-media-feature-image--desktop wp-image wp-image-2868\" src=\"https:\/\/www.fiveguys.ch\/wp-content\/uploads\/sites\/34\/2025\/09\/fg-careers-thumb-2.jpg\" width=\"1000\" height=\"1029\" alt=\"\" srcset=\"https:\/\/www.fiveguys.ch\/wp-content\/uploads\/sites\/34\/2025\/09\/fg-careers-thumb-2.jpg 1000w, https:\/\/www.fiveguys.ch\/wp-content\/uploads\/sites\/34\/2025\/09\/fg-careers-thumb-2-292x300.jpg 292w, https:\/\/www.fiveguys.ch\/wp-content\/uploads\/sites\/34\/2025\/09\/fg-careers-thumb-2-995x1024.jpg 995w, https:\/\/www.fiveguys.ch\/wp-content\/uploads\/sites\/34\/2025\/09\/fg-careers-thumb-2-768x790.jpg 768w\" sizes=\"auto, (max-width: 1000px) 100vw, 1000px\" \/><\/div><\/div><\/div><\/section>\n\n\n\n<section class=\"section section--split-media color-option-0 section--small\" data-comname=\"section-split-media-content\"><div class=\"wrap wrap--normal\"><div class=\"l-split-media l-split-media--end\"><div class=\"l-split-media-item l-split-media-item--content\"><div class=\"split-content-wrap color-option-1\">\n<div class=\"content-stack\">\n<h2 class=\"wp-block-heading\">Inspirer la satisfaction<\/h2>\n\n\n\n<p>Notre programme de primes vous offre la possibilit\u00e9 de partager le succ\u00e8s que vous contribuez \u00e0 cr\u00e9er, car lorsque vous vous surpassez, vous faites une r\u00e9elle diff\u00e9rence. Au fur et \u00e0 mesure que vous atteignez nos normes \u00e9lev\u00e9es, vous gagnez des primes en esp\u00e8ces et vous d\u00e9veloppez vos comp\u00e9tences. Tout cela contribue \u00e0 la construction d\u2019un environnement o\u00f9 l\u2019excellence, la satisfaction des clients et le travail d\u2019\u00e9quipe se conjuguent pour faire de Five Guys un lieu unique pour manger des burgers et des frites.<\/p>\n<\/div>\n<\/div><\/div><div class=\"l-split-media-item l-split-media-item--graphic\"><img loading=\"lazy\" decoding=\"async\" class=\"split-media-feature-image split-media-feature-image--desktop wp-image wp-image-2869\" src=\"https:\/\/www.fiveguys.ch\/wp-content\/uploads\/sites\/34\/2025\/09\/fg-careers-intl-thumb.jpg\" width=\"1000\" height=\"1029\" alt=\"\" srcset=\"https:\/\/www.fiveguys.ch\/wp-content\/uploads\/sites\/34\/2025\/09\/fg-careers-intl-thumb.jpg 1000w, https:\/\/www.fiveguys.ch\/wp-content\/uploads\/sites\/34\/2025\/09\/fg-careers-intl-thumb-292x300.jpg 292w, https:\/\/www.fiveguys.ch\/wp-content\/uploads\/sites\/34\/2025\/09\/fg-careers-intl-thumb-995x1024.jpg 995w, https:\/\/www.fiveguys.ch\/wp-content\/uploads\/sites\/34\/2025\/09\/fg-careers-intl-thumb-768x790.jpg 768w\" sizes=\"auto, (max-width: 1000px) 100vw, 1000px\" \/><\/div><\/div><\/div><\/section>\n<\/div>\n<\/section>\n\n<section class=\"section section--content section--medium is-header-disabled is-footer-disabled color-option-0\" data-random-border-width=\"98rem\" data-comname=\"section-content\"><div class=\"wrap wrap--limited\">\n<header class=\"section-header section-header--limited\">\n<h2 class=\"wp-block-heading\"><\/h2>\n<\/header>\n\n\n\n<div class=\"content-stack\"><\/div>\n\n\n\n<footer class=\"section-footer section-header--limited\">\n<p><\/p>\n<\/footer>\n<\/div><\/section>\n\n<section class=\"section section--column-page-cards color-option-0\" data-random-border-width=\"98rem\" data-comname=\"section-callout-card-columns\"><div class=\"wrap wrap--normal\">\n<div class=\"l-columns l-columns--2 l-columns--gap-normal l-columns--align-normal\">\n<div class=\"l-column-item\">\n<div class=\"card-page-callout\"><div class=\"card-page-callout-content\">\n<h2 class=\"wp-block-heading\">Notre \u00e9quipe. Notre famille<\/h2>\n\n\n\n<p>Nous aimons notre \u00e9quipe. Rencontrez les mains habiles qui se cachent derri\u00e8re nos plats pr\u00e9par\u00e9s \u00e0 la main.<\/p>\n\n\n\n<div class=\"wp-block-buttons is-layout-flex wp-block-buttons-is-layout-flex\">\n<div class=\"wp-block-button\"><a class=\"wp-block-button__link wp-element-button\" href=\"https:\/\/www.fiveguys.ch\/fr\/a-propos-de-notre-equipe\/\">Rencontrer l\u2019\u00e9quipe<\/a><\/div>\n<\/div>\n<\/div><div class=\"card-page-callout-thumb\"><img loading=\"lazy\" decoding=\"async\" class=\"wp-image wp-image-1834\" src=\"https:\/\/www.fiveguys.ch\/wp-content\/uploads\/sites\/34\/2025\/07\/06-Crew.jpg\" width=\"585\" height=\"400\" alt=\"\" srcset=\"https:\/\/www.fiveguys.ch\/wp-content\/uploads\/sites\/34\/2025\/07\/06-Crew.jpg 585w, https:\/\/www.fiveguys.ch\/wp-content\/uploads\/sites\/34\/2025\/07\/06-Crew-300x205.jpg 300w, https:\/\/www.fiveguys.ch\/wp-content\/uploads\/sites\/34\/2025\/07\/06-Crew-18x12.jpg 18w\" sizes=\"auto, (max-width: 585px) 100vw, 585px\" \/><\/div><\/div>\n<\/div>\n\n\n\n<div class=\"l-column-item\">\n<div class=\"card-page-callout\"><div class=\"card-page-callout-content\">\n<h2 class=\"wp-block-heading\">L\u2019histoire de Five Guys<\/h2>\n\n\n\n<p>Depuis\u00a01986, nous perfectionnons l\u2019art du burger et des frites. \u2028D\u00e9couvrez l\u2019histoire \u00e0 l\u2019origine de Five Guys<\/p>\n\n\n\n<div class=\"wp-block-buttons is-layout-flex wp-block-buttons-is-layout-flex\">\n<div class=\"wp-block-button\"><a class=\"wp-block-button__link wp-element-button\" href=\"https:\/\/www.fiveguys.ch\/our-story\/\">Notre histoire<\/a><\/div>\n<\/div>\n<\/div><div class=\"card-page-callout-thumb\"><img loading=\"lazy\" decoding=\"async\" class=\"wp-image wp-image-2862\" src=\"https:\/\/www.fiveguys.ch\/wp-content\/uploads\/sites\/34\/2025\/09\/fg-story-card-thumb.jpg\" width=\"585\" height=\"400\" alt=\"\" srcset=\"https:\/\/www.fiveguys.ch\/wp-content\/uploads\/sites\/34\/2025\/09\/fg-story-card-thumb.jpg 585w, https:\/\/www.fiveguys.ch\/wp-content\/uploads\/sites\/34\/2025\/09\/fg-story-card-thumb-300x205.jpg 300w\" sizes=\"auto, (max-width: 585px) 100vw, 585px\" \/><\/div><\/div>\n<\/div>\n<\/div>\n<\/div><\/section>\n","protected":false},"excerpt":{"rendered":"","protected":false},"author":7,"featured_media":0,"parent":0,"menu_order":4,"comment_status":"closed","ping_status":"closed","template":"","meta":{"_acf_changed":false,"footnotes":"","_wp_rev_ctl_limit":""},"class_list":["post-4865","page","type-page","status-publish","hentry"],"acf":[],"yoast_head":"<!-- This site is optimized with the Yoast SEO plugin v27.3 - https:\/\/yoast.com\/product\/yoast-seo-wordpress\/ -->\n<title>Carri\u00e8re | Five Guys<\/title>\n<meta name=\"description\" content=\"Rencontrez l\u2019\u00e9quipe qui se trouve derri\u00e8re le gril. Des horaires flexibles \u00e0 la fiert\u00e9 d\u2019appartenir \u00e0 une \u00e9quipe, Five Guys d\u00e9veloppe des carri\u00e8res autour de bons plats, de personnes formidables et de v\u00e9ritables perspectives.\" \/>\n<meta name=\"robots\" content=\"index, follow, max-snippet:-1, max-image-preview:large, max-video-preview:-1\" \/>\n<link rel=\"canonical\" href=\"https:\/\/www.fiveguys.ch\/fr\/carriere\/\" \/>\n<meta property=\"og:locale\" content=\"fr_FR\" \/>\n<meta property=\"og:type\" content=\"article\" \/>\n<meta property=\"og:title\" content=\"Carri\u00e8re | Five Guys\" \/>\n<meta property=\"og:description\" content=\"Rencontrez l\u2019\u00e9quipe qui se trouve derri\u00e8re le gril. Des horaires flexibles \u00e0 la fiert\u00e9 d\u2019appartenir \u00e0 une \u00e9quipe, Five Guys d\u00e9veloppe des carri\u00e8res autour de bons plats, de personnes formidables et de v\u00e9ritables perspectives.\" \/>\n<meta property=\"og:url\" content=\"https:\/\/www.fiveguys.ch\/fr\/carriere\/\" \/>\n<meta property=\"og:site_name\" content=\"Five Guys\" \/>\n<meta property=\"article:publisher\" content=\"https:\/\/www.facebook.com\/fiveguys\/\" \/>\n<meta property=\"article:modified_time\" content=\"2026-03-11T21:13:44+00:00\" \/>\n<meta property=\"og:image\" content=\"https:\/\/www.fiveguys.ch\/wp-content\/uploads\/sites\/34\/2025\/09\/fg-career-hero-intl.jpg\" \/>\n\t<meta property=\"og:image:width\" content=\"1500\" \/>\n\t<meta property=\"og:image:height\" content=\"1059\" \/>\n\t<meta property=\"og:image:type\" content=\"image\/jpeg\" \/>\n<meta name=\"twitter:card\" content=\"summary_large_image\" \/>\n<meta name=\"twitter:site\" content=\"@FiveGuys\" \/>\n<meta name=\"twitter:label1\" content=\"Dur\u00e9e de lecture estim\u00e9e\" \/>\n\t<meta name=\"twitter:data1\" content=\"2 minutes\" \/>\n<script type=\"application\/ld+json\" class=\"yoast-schema-graph\">{\"@context\":\"https:\\\/\\\/schema.org\",\"@graph\":[{\"@type\":\"WebPage\",\"@id\":\"https:\\\/\\\/www.fiveguys.ch\\\/fr\\\/carriere\\\/\",\"url\":\"https:\\\/\\\/www.fiveguys.ch\\\/fr\\\/carriere\\\/\",\"name\":\"Carri\u00e8re | Five Guys\",\"isPartOf\":{\"@id\":\"https:\\\/\\\/www.fiveguys.ch\\\/fr\\\/#website\"},\"primaryImageOfPage\":{\"@id\":\"https:\\\/\\\/www.fiveguys.ch\\\/fr\\\/carriere\\\/#primaryimage\"},\"image\":{\"@id\":\"https:\\\/\\\/www.fiveguys.ch\\\/fr\\\/carriere\\\/#primaryimage\"},\"thumbnailUrl\":\"https:\\\/\\\/www.fiveguys.ch\\\/wp-content\\\/uploads\\\/sites\\\/34\\\/2025\\\/09\\\/fg-career-hero-intl.jpg\",\"datePublished\":\"2025-09-05T04:40:54+00:00\",\"dateModified\":\"2026-03-11T21:13:44+00:00\",\"description\":\"Rencontrez l\u2019\u00e9quipe qui se trouve derri\u00e8re le gril. Des horaires flexibles \u00e0 la fiert\u00e9 d\u2019appartenir \u00e0 une \u00e9quipe, Five Guys d\u00e9veloppe des carri\u00e8res autour de bons plats, de personnes formidables et de v\u00e9ritables perspectives.\",\"breadcrumb\":{\"@id\":\"https:\\\/\\\/www.fiveguys.ch\\\/fr\\\/carriere\\\/#breadcrumb\"},\"inLanguage\":\"fr-FR\",\"potentialAction\":[{\"@type\":\"ReadAction\",\"target\":[\"https:\\\/\\\/www.fiveguys.ch\\\/fr\\\/carriere\\\/\"]}]},{\"@type\":\"ImageObject\",\"inLanguage\":\"fr-FR\",\"@id\":\"https:\\\/\\\/www.fiveguys.ch\\\/fr\\\/carriere\\\/#primaryimage\",\"url\":\"https:\\\/\\\/www.fiveguys.ch\\\/wp-content\\\/uploads\\\/sites\\\/34\\\/2025\\\/09\\\/fg-career-hero-intl.jpg\",\"contentUrl\":\"https:\\\/\\\/www.fiveguys.ch\\\/wp-content\\\/uploads\\\/sites\\\/34\\\/2025\\\/09\\\/fg-career-hero-intl.jpg\"},{\"@type\":\"BreadcrumbList\",\"@id\":\"https:\\\/\\\/www.fiveguys.ch\\\/fr\\\/carriere\\\/#breadcrumb\",\"itemListElement\":[{\"@type\":\"ListItem\",\"position\":1,\"name\":\"Home\",\"item\":\"https:\\\/\\\/www.fiveguys.ch\\\/fr\\\/\"},{\"@type\":\"ListItem\",\"position\":2,\"name\":\"Carri\u00e8re\"}]},{\"@type\":\"WebSite\",\"@id\":\"https:\\\/\\\/www.fiveguys.ch\\\/fr\\\/#website\",\"url\":\"https:\\\/\\\/www.fiveguys.ch\\\/fr\\\/\",\"name\":\"Five Guys\",\"description\":\"Fresh Burgers, Fries, Shakes &amp; More!\",\"publisher\":{\"@id\":\"https:\\\/\\\/www.fiveguys.ch\\\/fr\\\/#organization\"},\"potentialAction\":[{\"@type\":\"SearchAction\",\"target\":{\"@type\":\"EntryPoint\",\"urlTemplate\":\"https:\\\/\\\/www.fiveguys.ch\\\/fr\\\/?s={search_term_string}\"},\"query-input\":{\"@type\":\"PropertyValueSpecification\",\"valueRequired\":true,\"valueName\":\"search_term_string\"}}],\"inLanguage\":\"fr-FR\"},{\"@type\":\"Organization\",\"@id\":\"https:\\\/\\\/www.fiveguys.ch\\\/fr\\\/#organization\",\"name\":\"Five Guys Enterprises, LLC\",\"alternateName\":\"Five Guys\",\"url\":\"https:\\\/\\\/www.fiveguys.ch\\\/fr\\\/\",\"logo\":{\"@type\":\"ImageObject\",\"inLanguage\":\"fr-FR\",\"@id\":\"https:\\\/\\\/www.fiveguys.ch\\\/fr\\\/#\\\/schema\\\/logo\\\/image\\\/\",\"url\":\"https:\\\/\\\/www.fiveguys.ch\\\/wp-content\\\/uploads\\\/sites\\\/34\\\/2024\\\/10\\\/favicon.png\",\"contentUrl\":\"https:\\\/\\\/www.fiveguys.ch\\\/wp-content\\\/uploads\\\/sites\\\/34\\\/2024\\\/10\\\/favicon.png\",\"width\":512,\"height\":512,\"caption\":\"Five Guys Enterprises, LLC\"},\"image\":{\"@id\":\"https:\\\/\\\/www.fiveguys.ch\\\/fr\\\/#\\\/schema\\\/logo\\\/image\\\/\"},\"sameAs\":[\"https:\\\/\\\/www.facebook.com\\\/fiveguys\\\/\",\"https:\\\/\\\/x.com\\\/FiveGuys\",\"https:\\\/\\\/open.spotify.com\\\/user\\\/xhjybu9z8yg6jucgxua7dhmqo\",\"https:\\\/\\\/www.instagram.com\\\/fiveguys\\\/\",\"https:\\\/\\\/www.linkedin.com\\\/company\\\/five-guys-enterprises\",\"https:\\\/\\\/www.youtube.com\\\/channel\\\/UCnPsCURqHlcoRt-Vr7nEaEg\"]}]}<\/script>\n<!-- \/ Yoast SEO plugin. -->","yoast_head_json":{"title":"Carri\u00e8re | Five Guys","description":"Rencontrez l\u2019\u00e9quipe qui se trouve derri\u00e8re le gril. Des horaires flexibles \u00e0 la fiert\u00e9 d\u2019appartenir \u00e0 une \u00e9quipe, Five Guys d\u00e9veloppe des carri\u00e8res autour de bons plats, de personnes formidables et de v\u00e9ritables perspectives.","robots":{"index":"index","follow":"follow","max-snippet":"max-snippet:-1","max-image-preview":"max-image-preview:large","max-video-preview":"max-video-preview:-1"},"canonical":"https:\/\/www.fiveguys.ch\/fr\/carriere\/","og_locale":"fr_FR","og_type":"article","og_title":"Carri\u00e8re | Five Guys","og_description":"Rencontrez l\u2019\u00e9quipe qui se trouve derri\u00e8re le gril. Des horaires flexibles \u00e0 la fiert\u00e9 d\u2019appartenir \u00e0 une \u00e9quipe, Five Guys d\u00e9veloppe des carri\u00e8res autour de bons plats, de personnes formidables et de v\u00e9ritables perspectives.","og_url":"https:\/\/www.fiveguys.ch\/fr\/carriere\/","og_site_name":"Five Guys","article_publisher":"https:\/\/www.facebook.com\/fiveguys\/","article_modified_time":"2026-03-11T21:13:44+00:00","og_image":[{"width":1500,"height":1059,"url":"https:\/\/www.fiveguys.ch\/wp-content\/uploads\/sites\/34\/2025\/09\/fg-career-hero-intl.jpg","type":"image\/jpeg"}],"twitter_card":"summary_large_image","twitter_site":"@FiveGuys","twitter_misc":{"Dur\u00e9e de lecture estim\u00e9e":"2 minutes"},"schema":{"@context":"https:\/\/schema.org","@graph":[{"@type":"WebPage","@id":"https:\/\/www.fiveguys.ch\/fr\/carriere\/","url":"https:\/\/www.fiveguys.ch\/fr\/carriere\/","name":"Carri\u00e8re | Five Guys","isPartOf":{"@id":"https:\/\/www.fiveguys.ch\/fr\/#website"},"primaryImageOfPage":{"@id":"https:\/\/www.fiveguys.ch\/fr\/carriere\/#primaryimage"},"image":{"@id":"https:\/\/www.fiveguys.ch\/fr\/carriere\/#primaryimage"},"thumbnailUrl":"https:\/\/www.fiveguys.ch\/wp-content\/uploads\/sites\/34\/2025\/09\/fg-career-hero-intl.jpg","datePublished":"2025-09-05T04:40:54+00:00","dateModified":"2026-03-11T21:13:44+00:00","description":"Rencontrez l\u2019\u00e9quipe qui se trouve derri\u00e8re le gril. Des horaires flexibles \u00e0 la fiert\u00e9 d\u2019appartenir \u00e0 une \u00e9quipe, Five Guys d\u00e9veloppe des carri\u00e8res autour de bons plats, de personnes formidables et de v\u00e9ritables perspectives.","breadcrumb":{"@id":"https:\/\/www.fiveguys.ch\/fr\/carriere\/#breadcrumb"},"inLanguage":"fr-FR","potentialAction":[{"@type":"ReadAction","target":["https:\/\/www.fiveguys.ch\/fr\/carriere\/"]}]},{"@type":"ImageObject","inLanguage":"fr-FR","@id":"https:\/\/www.fiveguys.ch\/fr\/carriere\/#primaryimage","url":"https:\/\/www.fiveguys.ch\/wp-content\/uploads\/sites\/34\/2025\/09\/fg-career-hero-intl.jpg","contentUrl":"https:\/\/www.fiveguys.ch\/wp-content\/uploads\/sites\/34\/2025\/09\/fg-career-hero-intl.jpg"},{"@type":"BreadcrumbList","@id":"https:\/\/www.fiveguys.ch\/fr\/carriere\/#breadcrumb","itemListElement":[{"@type":"ListItem","position":1,"name":"Home","item":"https:\/\/www.fiveguys.ch\/fr\/"},{"@type":"ListItem","position":2,"name":"Carri\u00e8re"}]},{"@type":"WebSite","@id":"https:\/\/www.fiveguys.ch\/fr\/#website","url":"https:\/\/www.fiveguys.ch\/fr\/","name":"Five Guys","description":"Fresh Burgers, Fries, Shakes &amp; More!","publisher":{"@id":"https:\/\/www.fiveguys.ch\/fr\/#organization"},"potentialAction":[{"@type":"SearchAction","target":{"@type":"EntryPoint","urlTemplate":"https:\/\/www.fiveguys.ch\/fr\/?s={search_term_string}"},"query-input":{"@type":"PropertyValueSpecification","valueRequired":true,"valueName":"search_term_string"}}],"inLanguage":"fr-FR"},{"@type":"Organization","@id":"https:\/\/www.fiveguys.ch\/fr\/#organization","name":"Five Guys Enterprises, LLC","alternateName":"Five Guys","url":"https:\/\/www.fiveguys.ch\/fr\/","logo":{"@type":"ImageObject","inLanguage":"fr-FR","@id":"https:\/\/www.fiveguys.ch\/fr\/#\/schema\/logo\/image\/","url":"https:\/\/www.fiveguys.ch\/wp-content\/uploads\/sites\/34\/2024\/10\/favicon.png","contentUrl":"https:\/\/www.fiveguys.ch\/wp-content\/uploads\/sites\/34\/2024\/10\/favicon.png","width":512,"height":512,"caption":"Five Guys Enterprises, LLC"},"image":{"@id":"https:\/\/www.fiveguys.ch\/fr\/#\/schema\/logo\/image\/"},"sameAs":["https:\/\/www.facebook.com\/fiveguys\/","https:\/\/x.com\/FiveGuys","https:\/\/open.spotify.com\/user\/xhjybu9z8yg6jucgxua7dhmqo","https:\/\/www.instagram.com\/fiveguys\/","https:\/\/www.linkedin.com\/company\/five-guys-enterprises","https:\/\/www.youtube.com\/channel\/UCnPsCURqHlcoRt-Vr7nEaEg"]}]}},"_links":{"self":[{"href":"https:\/\/www.fiveguys.ch\/fr\/wp-json\/wp\/v2\/pages\/4865","targetHints":{"allow":["GET"]}}],"collection":[{"href":"https:\/\/www.fiveguys.ch\/fr\/wp-json\/wp\/v2\/pages"}],"about":[{"href":"https:\/\/www.fiveguys.ch\/fr\/wp-json\/wp\/v2\/types\/page"}],"author":[{"embeddable":true,"href":"https:\/\/www.fiveguys.ch\/fr\/wp-json\/wp\/v2\/users\/7"}],"replies":[{"embeddable":true,"href":"https:\/\/www.fiveguys.ch\/fr\/wp-json\/wp\/v2\/comments?post=4865"}],"version-history":[{"count":1,"href":"https:\/\/www.fiveguys.ch\/fr\/wp-json\/wp\/v2\/pages\/4865\/revisions"}],"predecessor-version":[{"id":4866,"href":"https:\/\/www.fiveguys.ch\/fr\/wp-json\/wp\/v2\/pages\/4865\/revisions\/4866"}],"wp:attachment":[{"href":"https:\/\/www.fiveguys.ch\/fr\/wp-json\/wp\/v2\/media?parent=4865"}],"curies":[{"name":"wp","href":"https:\/\/api.w.org\/{rel}","templated":true}]}}