
{"id":4748,"date":"2025-07-22T09:23:16","date_gmt":"2025-07-22T07:23:16","guid":{"rendered":"https:\/\/www.fiveguys.ch\/offre-a-duree-limitee\/"},"modified":"2026-03-11T22:13:42","modified_gmt":"2026-03-11T21:13:42","slug":"offre-a-duree-limitee","status":"publish","type":"page","link":"https:\/\/www.fiveguys.ch\/fr\/offre-a-duree-limitee\/","title":{"rendered":"Offre \u00e0 dur\u00e9e limit\u00e9e"},"content":{"rendered":"\n<header class=\"hero-media-banner hero-media-banner--media-overlay hero-media-banner--media-fit-cover hero-media-banner--media-align-center hero-media-banner--bkg-red section--has-paper-border\" data-random-border-width=\"98rem\" data-comname=\"hero-media-banner\"><div class=\"wrap wrap--wide\"><div class=\"l-media-banner\"><div class=\"l-media-banner-body\">\n<header class=\"hero-header section-header--limited\">\n<h1 class=\"wp-block-heading is-style-heading-shadow--red\">Milkshake Cinnamon Bun<\/h1>\n<\/header>\n\n\n\n<div class=\"hero-content\">\n<p>Laissez-vous tenter par notre nouveau milkshake gourmant et raffin\u00e9 en \u00e9dition limit\u00e9e. Personnalisez votre milkshake en y ajoutant autant d\u2019ingr\u00e9dients gratuits que vous le souhaitez, puis compl\u00e9tez-le avec de la cr\u00e8me fouett\u00e9e.<\/p>\n\n\n\n<div class=\"wp-block-buttons is-layout-flex wp-block-buttons-is-layout-flex\">\n<div class=\"wp-block-button is-style-button--order-icon\"><a class=\"wp-block-button__link wp-element-button\" href=\"https:\/\/order.fiveguys.ch\/findpostcode\">commencez votre commande<\/a><\/div>\n<\/div>\n<\/div>\n<\/div><\/div><\/div><div class=\"l-media-banner-bkg\"><div class=\"hero-media-banner-bkg\"><video id=\"hero-video-2247\" class=\"wp-video js-background-video\" src=\"https:\/\/staging.fiveguys.be\/wp-content\/uploads\/sites\/31\/2025\/06\/shakes-hero.webm\" poster=\"https:\/\/staging.fiveguys.be\/wp-content\/uploads\/sites\/31\/2025\/06\/poster-shakes-1.jpg\" width=\"720\" height=\"405\" autoplay loop muted playsinline><\/video><button class=\"js-video-playback-control button-video-playback\" type=\"button\" aria-controls=\"hero-video-2247\" data-is-playing=\"false\" data-label-is-paused=\"Play Video\" data-label-is-playing=\"Pause Video\"><span class=\"vh js-video-playback-control-label\">Pause Video<\/span><svg class=\"js-icon-play icon-play-svg\" aria-hidden=\"true\" focusable=\"false\" width=\"50\" height=\"50\" viewBox=\"0 0 50 50\"><path d=\"m25 0c-13.75 0-25 11.25-25 25s11.25 25 25 25 25-11.25 25-25-11.25-25-25-25z\" fill=\"#fff\"><\/path><path d=\"m17 15.164c0-2.3427 2.6196-3.7321 4.5591-2.418l14.517 9.8359c1.7099 1.1586 1.7099 3.6775 0 4.8361l-14.517 9.8359c-1.9395 1.3141-4.5591-.0753-4.5591-2.418z\" fill=\"#d21033\"><\/path><\/svg><svg class=\"js-icon-pause icon-pause-svg\" aria-hidden=\"true\" focusable=\"false\" width=\"50\" height=\"50\" viewBox=\"0 0 50 50\"><path d=\"m25 0c-13.75 0-25 11.25-25 25s11.25 25 25 25 25-11.25 25-25-11.25-25-25-25z\" fill=\"#fff\"><\/path><path d=\"m22.5 35c0 1.5-1 2.5-2.5 2.5s-2.5-1-2.5-2.5v-20c0-1.5 1-2.5 2.5-2.5s2.5 1 2.5 2.5zm10 0c0 1.5-1 2.5-2.5 2.5s-2.5-1-2.5-2.5v-20c0-1.5 1-2.5 2.5-2.5s2.5 1 2.5 2.5z\" fill=\"#d21033\"><\/path><\/svg><\/button><\/div><\/div><button class=\"js-video-playback-control button-video-playback\" type=\"button\" aria-controls=\"hero-video-2247\" data-is-playing=\"false\" data-label-is-paused=\"Play Video\" data-label-is-playing=\"Pause Video\"><span class=\"vh js-video-playback-control-label\">Pause Video<\/span><svg class=\"js-icon-play icon-play-svg\" aria-hidden=\"true\" focusable=\"false\" width=\"50\" height=\"50\" viewBox=\"0 0 50 50\"><path d=\"m25 0c-13.75 0-25 11.25-25 25s11.25 25 25 25 25-11.25 25-25-11.25-25-25-25z\" fill=\"#fff\"><\/path><path d=\"m17 15.164c0-2.3427 2.6196-3.7321 4.5591-2.418l14.517 9.8359c1.7099 1.1586 1.7099 3.6775 0 4.8361l-14.517 9.8359c-1.9395 1.3141-4.5591-.0753-4.5591-2.418z\" fill=\"#d21033\"><\/path><\/svg><svg class=\"js-icon-pause icon-pause-svg\" aria-hidden=\"true\" focusable=\"false\" width=\"50\" height=\"50\" viewBox=\"0 0 50 50\"><path d=\"m25 0c-13.75 0-25 11.25-25 25s11.25 25 25 25 25-11.25 25-25-11.25-25-25-25z\" fill=\"#fff\"><\/path><path d=\"m22.5 35c0 1.5-1 2.5-2.5 2.5s-2.5-1-2.5-2.5v-20c0-1.5 1-2.5 2.5-2.5s2.5 1 2.5 2.5zm10 0c0 1.5-1 2.5-2.5 2.5s-2.5-1-2.5-2.5v-20c0-1.5 1-2.5 2.5-2.5s2.5 1 2.5 2.5z\" fill=\"#d21033\"><\/path><\/svg><\/button><button type=\"button\" class=\"hero-button-down\"><svg fill=\"none\" height=\"56\" viewBox=\"0 0 56 56\" width=\"56\" xmlns=\"http:\/\/www.w3.org\/2000\/svg\"><circle cx=\"28\" cy=\"28\" fill=\"#d21033\" r=\"28\"><\/circle><g fill=\"#fff\"><path d=\"m37.4376 18.379c-.4833-.5053-1.2668-.5053-1.7501 0l-7.7873 8.1415-7.7876-8.1415c-.4833-.5053-1.2668-.5053-1.7501 0s-.4833 1.3243 0 1.8296l8.6625 9.0563c.2416.2525.5584.3788.8752.3788s.6333-.1263.8749-.3788l8.6625-9.0563c.4833-.5053.4833-1.3243 0-1.8296z\"><\/path><path d=\"m37.4376 29.379c-.4833-.5053-1.2668-.5053-1.7501 0l-7.7873 8.1415-7.7876-8.1415c-.4833-.5053-1.2668-.5053-1.7501 0s-.4833 1.3243 0 1.8296l8.6625 9.0563c.2416.2525.5584.3788.8752.3788s.6333-.1263.8749-.3788l8.6625-9.0563c.4833-.5053.4833-1.3243 0-1.8296z\"><\/path><\/g><\/svg><span class=\"vh\">Scroll Down<\/span><\/button><\/header>\n\n<section class=\"section section--column-content section--medium is-footer-disabled color-option-0\" data-random-border-width=\"98rem\" data-comname=\"section-content-columns\"><div class=\"wrap wrap--normal\">\n<header class=\"section-header section-header--limited\">\n<h2 class=\"wp-block-heading is-style-heading--divider\">Essayez-le avant qu\u2019il ne disparaisse<\/h2>\n\n\n\n<p>Le milkshake dont vous ne saviez m\u00eame pas que vous aviez envie est arriv\u00e9.<\/p>\n<\/header>\n\n\n\n<div class=\"l-columns l-columns--2 l-columns--gap-normal l-columns--align-normal\">\n<div class=\"l-column-item\">\n<div class=\"content-stack\">\n<figure class=\"wp-block-image aligncenter size-full\"><img decoding=\"async\" src=\"https:\/\/media.fiveguys.com\/be\/2025\/10\/cinnamon-1.jpg\" alt=\"\" class=\"wp-image-3864\"\/><\/figure>\n\n\n\n<p class=\"has-text-align-center\">Bougez au rythme de nos roul\u00e9s. Plongez dans l&rsquo;automne avec notre milk-shake au roul\u00e9 \u00e0 la cannelle. Une touche chaleureuse apport\u00e9e \u00e0 un classique intemporel. Disponible pour une dur\u00e9e limit\u00e9e seulement.<\/p>\n\n\n\n<div class=\"wp-block-buttons is-content-justification-center is-layout-flex wp-container-core-buttons-is-layout-16018d1d wp-block-buttons-is-layout-flex\">\n<div class=\"wp-block-button is-style-outline is-style-outline--1\"><a class=\"wp-block-button__link wp-element-button\" href=\"https:\/\/www.fiveguys.ch\/menu\/shakes\/\">En savoir plus<\/a><\/div>\n\n\n\n<div class=\"wp-block-button is-style-button--order-icon\"><a class=\"wp-block-button__link wp-element-button\" href=\"https:\/\/order.fiveguys.ch\/findpostcode\">Commandez d\u00e8s maintenant<\/a><\/div>\n<\/div>\n<\/div>\n<\/div>\n\n\n\n<div class=\"l-column-item\">\n<div class=\"content-stack\">\n<figure class=\"wp-block-image aligncenter size-full\"><img decoding=\"async\" src=\"https:\/\/media.fiveguys.com\/nl\/2025\/06\/FG_Cinnamon-Bun_Digital-Screen800x600.jpg\" alt=\"\" class=\"wp-image-3830\"\/><\/figure>\n<\/div>\n<\/div>\n<\/div>\n\n\n\n<footer class=\"section-footer section-header--limited\">\n<p><\/p>\n<\/footer>\n<\/div><\/section>\n\n<section class=\"section section--column-page-cards section--medium color-option-0\" data-random-border-width=\"98rem\" data-comname=\"section-grid-cta-cards\"><div class=\"wrap wrap--wide\">\n<div class=\"l-columns l-columns--2 l-columns--gap-normal l-columns--align-normal\">\n<div class=\"l-column-item\">\n<div class=\"card-cta has-background-image\"><img loading=\"lazy\" decoding=\"async\" class=\"card-cta-bkg wp-image wp-image-1751\" src=\"https:\/\/www.fiveguys.ch\/wp-content\/uploads\/sites\/34\/2025\/07\/room-for-more-burgers.jpg\" width=\"659\" height=\"432\" aria-hidden=\"true\" draggable=\"false\" alt=\"\" srcset=\"https:\/\/www.fiveguys.ch\/wp-content\/uploads\/sites\/34\/2025\/07\/room-for-more-burgers.jpg 659w, https:\/\/www.fiveguys.ch\/wp-content\/uploads\/sites\/34\/2025\/07\/room-for-more-burgers-300x197.jpg 300w, https:\/\/www.fiveguys.ch\/wp-content\/uploads\/sites\/34\/2025\/07\/room-for-more-burgers-18x12.jpg 18w\" sizes=\"auto, (max-width: 659px) 100vw, 659px\" \/><div class=\"card-cta-inner\">\n<h3 class=\"wp-block-heading has-text-align-center\">Vous en voulez plus\u00a0?<\/h3>\n\n\n\n<div class=\"wp-block-buttons is-content-justification-center is-layout-flex wp-container-core-buttons-is-layout-16018d1d wp-block-buttons-is-layout-flex\">\n<div class=\"wp-block-button is-style-button--white\"><a class=\"wp-block-button__link wp-element-button\" href=\"https:\/\/www.fiveguys.ch\/menu\/burgers\/\">D\u00e9couvrez nos burgers<\/a><\/div>\n<\/div>\n<\/div><\/div>\n<\/div>\n\n\n\n<div class=\"l-column-item\">\n<div class=\"card-cta has-background-image\"><img loading=\"lazy\" decoding=\"async\" class=\"card-cta-bkg wp-image wp-image-853\" src=\"https:\/\/www.fiveguys.ch\/wp-content\/uploads\/sites\/34\/2025\/02\/card-order.jpg\" width=\"1000\" height=\"562\" aria-hidden=\"true\" draggable=\"false\" alt=\"\" srcset=\"https:\/\/www.fiveguys.ch\/wp-content\/uploads\/sites\/34\/2025\/02\/card-order.jpg 1000w, https:\/\/www.fiveguys.ch\/wp-content\/uploads\/sites\/34\/2025\/02\/card-order-300x169.jpg 300w, https:\/\/www.fiveguys.ch\/wp-content\/uploads\/sites\/34\/2025\/02\/card-order-768x432.jpg 768w, https:\/\/www.fiveguys.ch\/wp-content\/uploads\/sites\/34\/2025\/02\/card-order-18x10.jpg 18w\" sizes=\"auto, (max-width: 1000px) 100vw, 1000px\" \/><div class=\"card-cta-inner\">\n<h3 class=\"wp-block-heading has-text-align-center\">Pr\u00eat(e) \u00e0 commander\u00a0?<\/h3>\n\n\n\n<div class=\"wp-block-buttons is-content-justification-center is-layout-flex wp-container-core-buttons-is-layout-16018d1d wp-block-buttons-is-layout-flex\">\n<div class=\"wp-block-button is-style-button--white\"><a class=\"wp-block-button__link wp-element-button\" href=\"https:\/\/www.fiveguys.ch\/mobile-app\/\">Obtenez l\u2019application<\/a><\/div>\n\n\n\n<div class=\"wp-block-button is-style-button--order-icon\"><a class=\"wp-block-button__link wp-element-button\" href=\"https:\/\/order.fiveguys.ch\/findpostcode\">Commandez d\u00e8s maintenant<\/a><\/div>\n<\/div>\n<\/div><\/div>\n<\/div>\n<\/div>\n<\/div><\/section>\n\n<section class=\"section section--column-page-cards color-option-0\" data-random-border-width=\"98rem\" data-comname=\"section-callout-card-columns\"><div class=\"wrap wrap--normal\">\n<div class=\"l-columns l-columns--2 l-columns--gap-normal l-columns--align-normal\">\n<div class=\"l-column-item\">\n<div class=\"card-page-callout\"><div class=\"card-page-callout-content\">\n<h2 class=\"wp-block-heading\">Cadeau Five Guys<\/h2>\n\n\n\n<p>Le cadeau id\u00e9al existe vraiment. Indice\u00a0: il s\u2019agit d\u2019une carte cadeau Five Guys. Faites des heureux<\/p>\n\n\n\n<div class=\"wp-block-buttons is-layout-flex wp-block-buttons-is-layout-flex\">\n<div class=\"wp-block-button\"><a class=\"wp-block-button__link wp-element-button\" href=\"https:\/\/www.fiveguys.ch\/gift-cards\/\">Acheter une carte cadeau<\/a><\/div>\n<\/div>\n<\/div><div class=\"card-page-callout-thumb\"><img loading=\"lazy\" decoding=\"async\" class=\"wp-image wp-image-2404\" src=\"https:\/\/www.fiveguys.ch\/wp-content\/uploads\/sites\/34\/2025\/08\/gift-card-hero.jpg\" width=\"1800\" height=\"1463\" alt=\"\" srcset=\"https:\/\/www.fiveguys.ch\/wp-content\/uploads\/sites\/34\/2025\/08\/gift-card-hero.jpg 1800w, https:\/\/www.fiveguys.ch\/wp-content\/uploads\/sites\/34\/2025\/08\/gift-card-hero-300x244.jpg 300w, https:\/\/www.fiveguys.ch\/wp-content\/uploads\/sites\/34\/2025\/08\/gift-card-hero-1024x832.jpg 1024w, https:\/\/www.fiveguys.ch\/wp-content\/uploads\/sites\/34\/2025\/08\/gift-card-hero-768x624.jpg 768w, https:\/\/www.fiveguys.ch\/wp-content\/uploads\/sites\/34\/2025\/08\/gift-card-hero-1536x1248.jpg 1536w\" sizes=\"auto, (max-width: 1800px) 100vw, 1800px\" \/><\/div><\/div>\n<\/div>\n\n\n\n<div class=\"l-column-item\">\n<div class=\"card-page-callout\"><div class=\"card-page-callout-content\">\n<h2 class=\"wp-block-heading\">Informations nutritionnelles et sur les allerg\u00e8nes<\/h2>\n\n\n\n<p>Five Guys prend \u00e0 c\u0153ur vos pr\u00e9occupations en mati\u00e8re de nutrition et d\u2019allergies. C\u2019est pourquoi nous fournissons des informations nutritionnelles et sur les allerg\u00e8nes d\u00e9taill\u00e9es sur les aliments que nous servons.<\/p>\n\n\n\n<div class=\"wp-block-buttons is-layout-flex wp-block-buttons-is-layout-flex\">\n<div class=\"wp-block-button\"><a class=\"wp-block-button__link wp-element-button\" href=\"https:\/\/www.fiveguys.ch\/fr\/informations-nutritionnelles-et-allergies\/\">Informations nutritionnelles et sur les allerg\u00e8nes<\/a><\/div>\n<\/div>\n<\/div><div class=\"card-page-callout-thumb\"><img loading=\"lazy\" decoding=\"async\" class=\"wp-image wp-image-3184\" src=\"https:\/\/www.fiveguys.ch\/wp-content\/uploads\/sites\/34\/2025\/09\/image20.jpg\" width=\"586\" height=\"606\" alt=\"\" srcset=\"https:\/\/www.fiveguys.ch\/wp-content\/uploads\/sites\/34\/2025\/09\/image20.jpg 586w, https:\/\/www.fiveguys.ch\/wp-content\/uploads\/sites\/34\/2025\/09\/image20-290x300.jpg 290w\" sizes=\"auto, (max-width: 586px) 100vw, 586px\" \/><\/div><\/div>\n<\/div>\n<\/div>\n<\/div><\/section>\n","protected":false},"excerpt":{"rendered":"","protected":false},"author":2,"featured_media":0,"parent":0,"menu_order":7,"comment_status":"closed","ping_status":"closed","template":"","meta":{"_acf_changed":false,"footnotes":"","_wp_rev_ctl_limit":""},"class_list":["post-4748","page","type-page","status-publish","hentry"],"acf":[],"yoast_head":"<!-- This site is optimized with the Yoast SEO plugin v27.3 - https:\/\/yoast.com\/product\/yoast-seo-wordpress\/ -->\n<title>Offre \u00e0 dur\u00e9e limit\u00e9e | Five Guys<\/title>\n<meta name=\"description\" content=\"Ne manquez pas les offres Five Guys \u00e0 dur\u00e9e limit\u00e9e. D\u00e9couvrez les d\u00e9licieuses nouveaut\u00e9s - disponible uniquement pendant une courte p\u00e9riode.\" \/>\n<meta name=\"robots\" content=\"index, follow, max-snippet:-1, max-image-preview:large, max-video-preview:-1\" \/>\n<link rel=\"canonical\" href=\"https:\/\/www.fiveguys.ch\/fr\/offre-a-duree-limitee\/\" \/>\n<meta property=\"og:locale\" content=\"fr_FR\" \/>\n<meta property=\"og:type\" content=\"article\" \/>\n<meta property=\"og:title\" content=\"Offre \u00e0 dur\u00e9e limit\u00e9e | Five Guys\" \/>\n<meta property=\"og:description\" content=\"Ne manquez pas les offres Five Guys \u00e0 dur\u00e9e limit\u00e9e. D\u00e9couvrez les d\u00e9licieuses nouveaut\u00e9s - disponible uniquement pendant une courte p\u00e9riode.\" \/>\n<meta property=\"og:url\" content=\"https:\/\/www.fiveguys.ch\/fr\/offre-a-duree-limitee\/\" \/>\n<meta property=\"og:site_name\" content=\"Five Guys\" \/>\n<meta property=\"article:publisher\" content=\"https:\/\/www.facebook.com\/fiveguys\/\" \/>\n<meta property=\"article:modified_time\" content=\"2026-03-11T21:13:42+00:00\" \/>\n<meta name=\"twitter:card\" content=\"summary_large_image\" \/>\n<meta name=\"twitter:site\" content=\"@FiveGuys\" \/>\n<meta name=\"twitter:label1\" content=\"Dur\u00e9e de lecture estim\u00e9e\" \/>\n\t<meta name=\"twitter:data1\" content=\"1 minute\" \/>\n<script type=\"application\/ld+json\" class=\"yoast-schema-graph\">{\"@context\":\"https:\\\/\\\/schema.org\",\"@graph\":[{\"@type\":\"WebPage\",\"@id\":\"https:\\\/\\\/www.fiveguys.ch\\\/fr\\\/offre-a-duree-limitee\\\/\",\"url\":\"https:\\\/\\\/www.fiveguys.ch\\\/fr\\\/offre-a-duree-limitee\\\/\",\"name\":\"Offre \u00e0 dur\u00e9e limit\u00e9e | Five Guys\",\"isPartOf\":{\"@id\":\"https:\\\/\\\/www.fiveguys.ch\\\/fr\\\/#website\"},\"primaryImageOfPage\":{\"@id\":\"https:\\\/\\\/www.fiveguys.ch\\\/fr\\\/offre-a-duree-limitee\\\/#primaryimage\"},\"image\":{\"@id\":\"https:\\\/\\\/www.fiveguys.ch\\\/fr\\\/offre-a-duree-limitee\\\/#primaryimage\"},\"thumbnailUrl\":\"https:\\\/\\\/media.fiveguys.com\\\/be\\\/2025\\\/10\\\/cinnamon-1.jpg\",\"datePublished\":\"2025-07-22T07:23:16+00:00\",\"dateModified\":\"2026-03-11T21:13:42+00:00\",\"description\":\"Ne manquez pas les offres Five Guys \u00e0 dur\u00e9e limit\u00e9e. D\u00e9couvrez les d\u00e9licieuses nouveaut\u00e9s - disponible uniquement pendant une courte p\u00e9riode.\",\"breadcrumb\":{\"@id\":\"https:\\\/\\\/www.fiveguys.ch\\\/fr\\\/offre-a-duree-limitee\\\/#breadcrumb\"},\"inLanguage\":\"fr-FR\",\"potentialAction\":[{\"@type\":\"ReadAction\",\"target\":[\"https:\\\/\\\/www.fiveguys.ch\\\/fr\\\/offre-a-duree-limitee\\\/\"]}]},{\"@type\":\"ImageObject\",\"inLanguage\":\"fr-FR\",\"@id\":\"https:\\\/\\\/www.fiveguys.ch\\\/fr\\\/offre-a-duree-limitee\\\/#primaryimage\",\"url\":\"https:\\\/\\\/media.fiveguys.com\\\/be\\\/2025\\\/10\\\/cinnamon-1.jpg\",\"contentUrl\":\"https:\\\/\\\/media.fiveguys.com\\\/be\\\/2025\\\/10\\\/cinnamon-1.jpg\"},{\"@type\":\"BreadcrumbList\",\"@id\":\"https:\\\/\\\/www.fiveguys.ch\\\/fr\\\/offre-a-duree-limitee\\\/#breadcrumb\",\"itemListElement\":[{\"@type\":\"ListItem\",\"position\":1,\"name\":\"Home\",\"item\":\"https:\\\/\\\/www.fiveguys.ch\\\/fr\\\/\"},{\"@type\":\"ListItem\",\"position\":2,\"name\":\"Offre \u00e0 dur\u00e9e limit\u00e9e\"}]},{\"@type\":\"WebSite\",\"@id\":\"https:\\\/\\\/www.fiveguys.ch\\\/fr\\\/#website\",\"url\":\"https:\\\/\\\/www.fiveguys.ch\\\/fr\\\/\",\"name\":\"Five Guys\",\"description\":\"Fresh Burgers, Fries, Shakes &amp; More!\",\"publisher\":{\"@id\":\"https:\\\/\\\/www.fiveguys.ch\\\/fr\\\/#organization\"},\"potentialAction\":[{\"@type\":\"SearchAction\",\"target\":{\"@type\":\"EntryPoint\",\"urlTemplate\":\"https:\\\/\\\/www.fiveguys.ch\\\/fr\\\/?s={search_term_string}\"},\"query-input\":{\"@type\":\"PropertyValueSpecification\",\"valueRequired\":true,\"valueName\":\"search_term_string\"}}],\"inLanguage\":\"fr-FR\"},{\"@type\":\"Organization\",\"@id\":\"https:\\\/\\\/www.fiveguys.ch\\\/fr\\\/#organization\",\"name\":\"Five Guys Enterprises, LLC\",\"alternateName\":\"Five Guys\",\"url\":\"https:\\\/\\\/www.fiveguys.ch\\\/fr\\\/\",\"logo\":{\"@type\":\"ImageObject\",\"inLanguage\":\"fr-FR\",\"@id\":\"https:\\\/\\\/www.fiveguys.ch\\\/fr\\\/#\\\/schema\\\/logo\\\/image\\\/\",\"url\":\"https:\\\/\\\/www.fiveguys.ch\\\/wp-content\\\/uploads\\\/sites\\\/34\\\/2024\\\/10\\\/favicon.png\",\"contentUrl\":\"https:\\\/\\\/www.fiveguys.ch\\\/wp-content\\\/uploads\\\/sites\\\/34\\\/2024\\\/10\\\/favicon.png\",\"width\":512,\"height\":512,\"caption\":\"Five Guys Enterprises, LLC\"},\"image\":{\"@id\":\"https:\\\/\\\/www.fiveguys.ch\\\/fr\\\/#\\\/schema\\\/logo\\\/image\\\/\"},\"sameAs\":[\"https:\\\/\\\/www.facebook.com\\\/fiveguys\\\/\",\"https:\\\/\\\/x.com\\\/FiveGuys\",\"https:\\\/\\\/open.spotify.com\\\/user\\\/xhjybu9z8yg6jucgxua7dhmqo\",\"https:\\\/\\\/www.instagram.com\\\/fiveguys\\\/\",\"https:\\\/\\\/www.linkedin.com\\\/company\\\/five-guys-enterprises\",\"https:\\\/\\\/www.youtube.com\\\/channel\\\/UCnPsCURqHlcoRt-Vr7nEaEg\"]}]}<\/script>\n<!-- \/ Yoast SEO plugin. -->","yoast_head_json":{"title":"Offre \u00e0 dur\u00e9e limit\u00e9e | Five Guys","description":"Ne manquez pas les offres Five Guys \u00e0 dur\u00e9e limit\u00e9e. D\u00e9couvrez les d\u00e9licieuses nouveaut\u00e9s - disponible uniquement pendant une courte p\u00e9riode.","robots":{"index":"index","follow":"follow","max-snippet":"max-snippet:-1","max-image-preview":"max-image-preview:large","max-video-preview":"max-video-preview:-1"},"canonical":"https:\/\/www.fiveguys.ch\/fr\/offre-a-duree-limitee\/","og_locale":"fr_FR","og_type":"article","og_title":"Offre \u00e0 dur\u00e9e limit\u00e9e | Five Guys","og_description":"Ne manquez pas les offres Five Guys \u00e0 dur\u00e9e limit\u00e9e. D\u00e9couvrez les d\u00e9licieuses nouveaut\u00e9s - disponible uniquement pendant une courte p\u00e9riode.","og_url":"https:\/\/www.fiveguys.ch\/fr\/offre-a-duree-limitee\/","og_site_name":"Five Guys","article_publisher":"https:\/\/www.facebook.com\/fiveguys\/","article_modified_time":"2026-03-11T21:13:42+00:00","twitter_card":"summary_large_image","twitter_site":"@FiveGuys","twitter_misc":{"Dur\u00e9e de lecture estim\u00e9e":"1 minute"},"schema":{"@context":"https:\/\/schema.org","@graph":[{"@type":"WebPage","@id":"https:\/\/www.fiveguys.ch\/fr\/offre-a-duree-limitee\/","url":"https:\/\/www.fiveguys.ch\/fr\/offre-a-duree-limitee\/","name":"Offre \u00e0 dur\u00e9e limit\u00e9e | Five Guys","isPartOf":{"@id":"https:\/\/www.fiveguys.ch\/fr\/#website"},"primaryImageOfPage":{"@id":"https:\/\/www.fiveguys.ch\/fr\/offre-a-duree-limitee\/#primaryimage"},"image":{"@id":"https:\/\/www.fiveguys.ch\/fr\/offre-a-duree-limitee\/#primaryimage"},"thumbnailUrl":"https:\/\/media.fiveguys.com\/be\/2025\/10\/cinnamon-1.jpg","datePublished":"2025-07-22T07:23:16+00:00","dateModified":"2026-03-11T21:13:42+00:00","description":"Ne manquez pas les offres Five Guys \u00e0 dur\u00e9e limit\u00e9e. D\u00e9couvrez les d\u00e9licieuses nouveaut\u00e9s - disponible uniquement pendant une courte p\u00e9riode.","breadcrumb":{"@id":"https:\/\/www.fiveguys.ch\/fr\/offre-a-duree-limitee\/#breadcrumb"},"inLanguage":"fr-FR","potentialAction":[{"@type":"ReadAction","target":["https:\/\/www.fiveguys.ch\/fr\/offre-a-duree-limitee\/"]}]},{"@type":"ImageObject","inLanguage":"fr-FR","@id":"https:\/\/www.fiveguys.ch\/fr\/offre-a-duree-limitee\/#primaryimage","url":"https:\/\/media.fiveguys.com\/be\/2025\/10\/cinnamon-1.jpg","contentUrl":"https:\/\/media.fiveguys.com\/be\/2025\/10\/cinnamon-1.jpg"},{"@type":"BreadcrumbList","@id":"https:\/\/www.fiveguys.ch\/fr\/offre-a-duree-limitee\/#breadcrumb","itemListElement":[{"@type":"ListItem","position":1,"name":"Home","item":"https:\/\/www.fiveguys.ch\/fr\/"},{"@type":"ListItem","position":2,"name":"Offre \u00e0 dur\u00e9e limit\u00e9e"}]},{"@type":"WebSite","@id":"https:\/\/www.fiveguys.ch\/fr\/#website","url":"https:\/\/www.fiveguys.ch\/fr\/","name":"Five Guys","description":"Fresh Burgers, Fries, Shakes &amp; More!","publisher":{"@id":"https:\/\/www.fiveguys.ch\/fr\/#organization"},"potentialAction":[{"@type":"SearchAction","target":{"@type":"EntryPoint","urlTemplate":"https:\/\/www.fiveguys.ch\/fr\/?s={search_term_string}"},"query-input":{"@type":"PropertyValueSpecification","valueRequired":true,"valueName":"search_term_string"}}],"inLanguage":"fr-FR"},{"@type":"Organization","@id":"https:\/\/www.fiveguys.ch\/fr\/#organization","name":"Five Guys Enterprises, LLC","alternateName":"Five Guys","url":"https:\/\/www.fiveguys.ch\/fr\/","logo":{"@type":"ImageObject","inLanguage":"fr-FR","@id":"https:\/\/www.fiveguys.ch\/fr\/#\/schema\/logo\/image\/","url":"https:\/\/www.fiveguys.ch\/wp-content\/uploads\/sites\/34\/2024\/10\/favicon.png","contentUrl":"https:\/\/www.fiveguys.ch\/wp-content\/uploads\/sites\/34\/2024\/10\/favicon.png","width":512,"height":512,"caption":"Five Guys Enterprises, LLC"},"image":{"@id":"https:\/\/www.fiveguys.ch\/fr\/#\/schema\/logo\/image\/"},"sameAs":["https:\/\/www.facebook.com\/fiveguys\/","https:\/\/x.com\/FiveGuys","https:\/\/open.spotify.com\/user\/xhjybu9z8yg6jucgxua7dhmqo","https:\/\/www.instagram.com\/fiveguys\/","https:\/\/www.linkedin.com\/company\/five-guys-enterprises","https:\/\/www.youtube.com\/channel\/UCnPsCURqHlcoRt-Vr7nEaEg"]}]}},"_links":{"self":[{"href":"https:\/\/www.fiveguys.ch\/fr\/wp-json\/wp\/v2\/pages\/4748","targetHints":{"allow":["GET"]}}],"collection":[{"href":"https:\/\/www.fiveguys.ch\/fr\/wp-json\/wp\/v2\/pages"}],"about":[{"href":"https:\/\/www.fiveguys.ch\/fr\/wp-json\/wp\/v2\/types\/page"}],"author":[{"embeddable":true,"href":"https:\/\/www.fiveguys.ch\/fr\/wp-json\/wp\/v2\/users\/2"}],"replies":[{"embeddable":true,"href":"https:\/\/www.fiveguys.ch\/fr\/wp-json\/wp\/v2\/comments?post=4748"}],"version-history":[{"count":1,"href":"https:\/\/www.fiveguys.ch\/fr\/wp-json\/wp\/v2\/pages\/4748\/revisions"}],"predecessor-version":[{"id":4755,"href":"https:\/\/www.fiveguys.ch\/fr\/wp-json\/wp\/v2\/pages\/4748\/revisions\/4755"}],"wp:attachment":[{"href":"https:\/\/www.fiveguys.ch\/fr\/wp-json\/wp\/v2\/media?parent=4748"}],"curies":[{"name":"wp","href":"https:\/\/api.w.org\/{rel}","templated":true}]}}